{"id":83746,"date":"2017-07-24T12:19:53","date_gmt":"2017-07-24T09:19:53","guid":{"rendered":"https:\/\/www.visitdaugavpils.lv\/tic\/"},"modified":"2023-10-02T14:41:38","modified_gmt":"2023-10-02T11:41:38","slug":"tic","status":"publish","type":"page","link":"https:\/\/www.visitdaugavpils.lv\/pl\/tic\/","title":{"rendered":"Centrum Informacji Turystycznej (CIT)"},"content":{"rendered":"<p><a href=\"https:\/\/www.visitdaugavpils.lv\/wp-content\/uploads\/2020\/11\/Publicitates-foto_Daugavpils-TIC_wwwvisitdaugavpils.lv_-1024x684.jpg\"><img loading=\"lazy\" decoding=\"async\" class=\"alignleft wp-image-112239 \" src=\"https:\/\/www.visitdaugavpils.lv\/wp-content\/uploads\/2020\/11\/Publicitates-foto_Daugavpils-TIC_wwwvisitdaugavpils.lv_-1024x684.jpg\" alt=\"\" width=\"646\" height=\"431\" srcset=\"https:\/\/www.visitdaugavpils.lv\/wp-content\/uploads\/2020\/11\/Publicitates-foto_Daugavpils-TIC_wwwvisitdaugavpils.lv_-1024x684.jpg 1024w, https:\/\/www.visitdaugavpils.lv\/wp-content\/uploads\/2020\/11\/Publicitates-foto_Daugavpils-TIC_wwwvisitdaugavpils.lv_-300x200.jpg 300w, https:\/\/www.visitdaugavpils.lv\/wp-content\/uploads\/2020\/11\/Publicitates-foto_Daugavpils-TIC_wwwvisitdaugavpils.lv_-768x513.jpg 768w, https:\/\/www.visitdaugavpils.lv\/wp-content\/uploads\/2020\/11\/Publicitates-foto_Daugavpils-TIC_wwwvisitdaugavpils.lv_-1536x1025.jpg 1536w, https:\/\/www.visitdaugavpils.lv\/wp-content\/uploads\/2020\/11\/Publicitates-foto_Daugavpils-TIC_wwwvisitdaugavpils.lv_-240x160.jpg 240w, https:\/\/www.visitdaugavpils.lv\/wp-content\/uploads\/2020\/11\/Publicitates-foto_Daugavpils-TIC_wwwvisitdaugavpils.lv_-244x163.jpg 244w, https:\/\/www.visitdaugavpils.lv\/wp-content\/uploads\/2020\/11\/Publicitates-foto_Daugavpils-TIC_wwwvisitdaugavpils.lv_.jpg 1618w\" sizes=\"(max-width: 646px) 100vw, 646px\" \/><\/a><\/p>\n<p>Informacje i us\u0142ugi turystyczne w mie\u015bcie Daugavpils i Powiecie Augsdaugavskim.<\/p>\n<ul>\n<li>Oferta obejmuje:<\/li>\n<li>informacje o obiektach turystycznych i noclegach<\/li>\n<li>szlaki turystyczne<\/li>\n<li>mapy, przewodniki, broszury, materia\u0142y informacyjne o \u015bwiadcz\u0105cych us\u0142ugi turystyczne w j\u0119zyku \u0142otewskim,<\/li>\n<li>rosyjskim, litewskim, angielskim i polskim<\/li>\n<li>informacje o imprezach w Daugavpils i Powiecie Augsdaugavskim<\/li>\n<li>wszystkie aktualne informacje na oficjalnym portalu CIT<\/li>\n<li>wycieczki po mie\u015bcie i Twierdzy Dyneburg<\/li>\n<li>tramwajowa wycieczka po mie\u015bcie<\/li>\n<li>wyznaczanie tras indywidualnych wed\u0142ug \u017cycze\u0144 klient\u00f3w po Daugavpils, Powiecie Augsdaugavskim i \u0141atgalii<\/li>\n<\/ul>\n<p><img decoding=\"async\" src=\"https:\/\/www.csdd.lv\/assets\/images\/wifi.png\" alt=\"wifi\" width=\"24px\" height=\"auto\" \/> Bezp\u0142atny dost\u0119p do WiFi<\/p>\n<p><img loading=\"lazy\" decoding=\"async\" class=\"alignnone wp-image-123124\" src=\"https:\/\/www.visitdaugavpils.lv\/wp-content\/uploads\/2021\/03\/Hiker_Friendly_Logo_lv-002-300x292.png\" alt=\"\" width=\"115\" height=\"112\" srcset=\"https:\/\/www.visitdaugavpils.lv\/wp-content\/uploads\/2021\/03\/Hiker_Friendly_Logo_lv-002-300x292.png 300w, https:\/\/www.visitdaugavpils.lv\/wp-content\/uploads\/2021\/03\/Hiker_Friendly_Logo_lv-002-164x160.png 164w, https:\/\/www.visitdaugavpils.lv\/wp-content\/uploads\/2021\/03\/Hiker_Friendly_Logo_lv-002.png 679w\" sizes=\"(max-width: 115px) 100vw, 115px\" \/><\/p>\n<table style=\"width: 25.6698%; height: 137px;\">\n<tbody>\n<tr style=\"height: 22px;\">\n<td style=\"width: 337px; text-align: left; height: 22px;\"><span style=\"color: #008080;\"><strong>Godziny pracy:<\/strong><\/span><\/td>\n<\/tr>\n<tr style=\"height: 46px;\">\n<td style=\"width: 337px; height: 46px;\">Poniedzia\u0142ek &#8211; Niedziela\u00a0 \u00a010.00 &#8211; 18.00<\/td>\n<\/tr>\n<\/tbody>\n<\/table>\n<p>Telefon: +371 65422818 +371 26444810<\/p>\n<p>E-mail:\u00a0<a href=\"mailto:turisms@daugavpils.lv\" target=\"_blank\" rel=\"noopener noreferrer\">turisms@daugavpils.lv<\/a><br \/>\nWeb: <a href=\"http:\/\/www.visitdaugavpils.lv\" target=\"_blank\" rel=\"noopener noreferrer\">www.visitdaugavpils.lv<\/a><\/p>\n<p>Facebook <a href=\"https:\/\/www.facebook.com\/Daugavpils.Travel\/\" target=\"_blank\" rel=\"noopener noreferrer\">Daugavpils.Travel<\/a> <a href=\"https:\/\/www.facebook.com\/agenturataka\">Aug\u0161daugavas novads.Travel<\/a><br \/>\nInstagram <a href=\"https:\/\/www.instagram.com\/daugavpils.travel\/\" target=\"_blank\" rel=\"noopener noreferrer\">@daugavpils.travel<\/a> <a href=\"https:\/\/www.instagram.com\/augsdaugava.travel\/\">@augsdaugavas.travel<\/a><br \/>\nYouTube <a href=\"https:\/\/www.youtube.com\/channel\/UCO22IPVXwwu8j7ZjMK3W-kA\" target=\"_blank\" rel=\"noopener noreferrer\">Daugavpils Travel<\/a><\/p>\n","protected":false},"excerpt":{"rendered":"<p>Informacje i us\u0142ugi turystyczne w mie\u015bcie Daugavpils i Powiecie Augsdaugavskim. Oferta obejmuje: informacje o obiektach turystycznych i noclegach szlaki turystyczne mapy, przewodniki, broszury, materia\u0142y informacyjne o \u015bwiadcz\u0105cych us\u0142ugi turystyczne w j\u0119zyku \u0142otewskim, rosyjskim, litewskim, angielskim i polskim informacje o imprezach w Daugavpils i Powiecie Augsdaugavskim wszystkie aktualne informacje na oficjalnym portalu CIT wycieczki po mie\u015bcie &#8230; <a title=\"Centrum Informacji Turystycznej (CIT)\" class=\"read-more\" href=\"https:\/\/www.visitdaugavpils.lv\/pl\/tic\/\">&gt;&gt;<\/a><\/p>\n","protected":false},"author":1,"featured_media":0,"parent":0,"menu_order":0,"comment_status":"closed","ping_status":"closed","template":"","meta":{"footnotes":""},"yoast_head":"<!-- This site is optimized with the Yoast SEO plugin v22.0 - https:\/\/yoast.com\/wordpress\/plugins\/seo\/ -->\n<title>Centrum Informacji Turystycznej (CIT) - VISITDAUGAVPILS<\/title>\n<meta name=\"robots\" content=\"index, follow, max-snippet:-1, max-image-preview:large, max-video-preview:-1\" \/>\n<link rel=\"canonical\" href=\"https:\/\/www.visitdaugavpils.lv\/pl\/tic\/\" \/>\n<meta property=\"og:locale\" content=\"pl_PL\" \/>\n<meta property=\"og:type\" content=\"article\" \/>\n<meta property=\"og:title\" content=\"Centrum Informacji Turystycznej (CIT) - VISITDAUGAVPILS\" \/>\n<meta property=\"og:description\" content=\"Informacje i us\u0142ugi turystyczne w mie\u015bcie Daugavpils i Powiecie Augsdaugavskim. Oferta obejmuje: informacje o obiektach turystycznych i noclegach szlaki turystyczne mapy, przewodniki, broszury, materia\u0142y informacyjne o \u015bwiadcz\u0105cych us\u0142ugi turystyczne w j\u0119zyku \u0142otewskim, rosyjskim, litewskim, angielskim i polskim informacje o imprezach w Daugavpils i Powiecie Augsdaugavskim wszystkie aktualne informacje na oficjalnym portalu CIT wycieczki po mie\u015bcie ... &gt;&gt;\" \/>\n<meta property=\"og:url\" content=\"https:\/\/www.visitdaugavpils.lv\/pl\/tic\/\" \/>\n<meta property=\"og:site_name\" content=\"VISITDAUGAVPILS\" \/>\n<meta property=\"article:modified_time\" content=\"2023-10-02T11:41:38+00:00\" \/>\n<meta property=\"og:image\" content=\"https:\/\/www.visitdaugavpils.lv\/wp-content\/uploads\/2020\/11\/Publicitates-foto_Daugavpils-TIC_wwwvisitdaugavpils.lv_-1024x684.jpg\" \/>\n<meta name=\"twitter:card\" content=\"summary_large_image\" \/>\n<meta name=\"twitter:label1\" content=\"Szacowany czas czytania\" \/>\n\t<meta name=\"twitter:data1\" content=\"2 minuty\" \/>\n<script type=\"application\/ld+json\" class=\"yoast-schema-graph\">{\"@context\":\"https:\/\/schema.org\",\"@graph\":[{\"@type\":\"WebPage\",\"@id\":\"https:\/\/www.visitdaugavpils.lv\/pl\/tic\/\",\"url\":\"https:\/\/www.visitdaugavpils.lv\/pl\/tic\/\",\"name\":\"Centrum Informacji Turystycznej (CIT) - VISITDAUGAVPILS\",\"isPartOf\":{\"@id\":\"https:\/\/www.visitdaugavpils.lv\/ru\/#website\"},\"datePublished\":\"2017-07-24T09:19:53+00:00\",\"dateModified\":\"2023-10-02T11:41:38+00:00\",\"breadcrumb\":{\"@id\":\"https:\/\/www.visitdaugavpils.lv\/pl\/tic\/#breadcrumb\"},\"inLanguage\":\"pl-PL\",\"potentialAction\":[{\"@type\":\"ReadAction\",\"target\":[\"https:\/\/www.visitdaugavpils.lv\/pl\/tic\/\"]}]},{\"@type\":\"BreadcrumbList\",\"@id\":\"https:\/\/www.visitdaugavpils.lv\/pl\/tic\/#breadcrumb\",\"itemListElement\":[{\"@type\":\"ListItem\",\"position\":1,\"name\":\"Home\",\"item\":\"https:\/\/www.visitdaugavpils.lv\/pl\/\"},{\"@type\":\"ListItem\",\"position\":2,\"name\":\"Centrum Informacji Turystycznej (CIT)\"}]},{\"@type\":\"WebSite\",\"@id\":\"https:\/\/www.visitdaugavpils.lv\/ru\/#website\",\"url\":\"https:\/\/www.visitdaugavpils.lv\/ru\/\",\"name\":\"VISITDAUGAVPILS\",\"description\":\"Daugavpils T\u016brisma Inform\u0101cijas Centrs\",\"publisher\":{\"@id\":\"https:\/\/www.visitdaugavpils.lv\/ru\/#organization\"},\"potentialAction\":[{\"@type\":\"SearchAction\",\"target\":{\"@type\":\"EntryPoint\",\"urlTemplate\":\"https:\/\/www.visitdaugavpils.lv\/ru\/?s={search_term_string}\"},\"query-input\":\"required name=search_term_string\"}],\"inLanguage\":\"pl-PL\"},{\"@type\":\"Organization\",\"@id\":\"https:\/\/www.visitdaugavpils.lv\/ru\/#organization\",\"name\":\"VISITDAUGAVPILS\",\"url\":\"https:\/\/www.visitdaugavpils.lv\/ru\/\",\"logo\":{\"@type\":\"ImageObject\",\"inLanguage\":\"pl-PL\",\"@id\":\"https:\/\/www.visitdaugavpils.lv\/ru\/#\/schema\/logo\/image\/\",\"url\":\"https:\/\/www.visitdaugavpils.lv\/wp-content\/uploads\/2017\/11\/VD_LOGO11_14_11.png\",\"contentUrl\":\"https:\/\/www.visitdaugavpils.lv\/wp-content\/uploads\/2017\/11\/VD_LOGO11_14_11.png\",\"width\":350,\"height\":100,\"caption\":\"VISITDAUGAVPILS\"},\"image\":{\"@id\":\"https:\/\/www.visitdaugavpils.lv\/ru\/#\/schema\/logo\/image\/\"}}]}<\/script>\n<!-- \/ Yoast SEO plugin. -->","yoast_head_json":{"title":"Centrum Informacji Turystycznej (CIT) - VISITDAUGAVPILS","robots":{"index":"index","follow":"follow","max-snippet":"max-snippet:-1","max-image-preview":"max-image-preview:large","max-video-preview":"max-video-preview:-1"},"canonical":"https:\/\/www.visitdaugavpils.lv\/pl\/tic\/","og_locale":"pl_PL","og_type":"article","og_title":"Centrum Informacji Turystycznej (CIT) - VISITDAUGAVPILS","og_description":"Informacje i us\u0142ugi turystyczne w mie\u015bcie Daugavpils i Powiecie Augsdaugavskim. Oferta obejmuje: informacje o obiektach turystycznych i noclegach szlaki turystyczne mapy, przewodniki, broszury, materia\u0142y informacyjne o \u015bwiadcz\u0105cych us\u0142ugi turystyczne w j\u0119zyku \u0142otewskim, rosyjskim, litewskim, angielskim i polskim informacje o imprezach w Daugavpils i Powiecie Augsdaugavskim wszystkie aktualne informacje na oficjalnym portalu CIT wycieczki po mie\u015bcie ... &gt;&gt;","og_url":"https:\/\/www.visitdaugavpils.lv\/pl\/tic\/","og_site_name":"VISITDAUGAVPILS","article_modified_time":"2023-10-02T11:41:38+00:00","og_image":[{"url":"https:\/\/www.visitdaugavpils.lv\/wp-content\/uploads\/2020\/11\/Publicitates-foto_Daugavpils-TIC_wwwvisitdaugavpils.lv_-1024x684.jpg"}],"twitter_card":"summary_large_image","twitter_misc":{"Szacowany czas czytania":"2 minuty"},"schema":{"@context":"https:\/\/schema.org","@graph":[{"@type":"WebPage","@id":"https:\/\/www.visitdaugavpils.lv\/pl\/tic\/","url":"https:\/\/www.visitdaugavpils.lv\/pl\/tic\/","name":"Centrum Informacji Turystycznej (CIT) - VISITDAUGAVPILS","isPartOf":{"@id":"https:\/\/www.visitdaugavpils.lv\/ru\/#website"},"datePublished":"2017-07-24T09:19:53+00:00","dateModified":"2023-10-02T11:41:38+00:00","breadcrumb":{"@id":"https:\/\/www.visitdaugavpils.lv\/pl\/tic\/#breadcrumb"},"inLanguage":"pl-PL","potentialAction":[{"@type":"ReadAction","target":["https:\/\/www.visitdaugavpils.lv\/pl\/tic\/"]}]},{"@type":"BreadcrumbList","@id":"https:\/\/www.visitdaugavpils.lv\/pl\/tic\/#breadcrumb","itemListElement":[{"@type":"ListItem","position":1,"name":"Home","item":"https:\/\/www.visitdaugavpils.lv\/pl\/"},{"@type":"ListItem","position":2,"name":"Centrum Informacji Turystycznej (CIT)"}]},{"@type":"WebSite","@id":"https:\/\/www.visitdaugavpils.lv\/ru\/#website","url":"https:\/\/www.visitdaugavpils.lv\/ru\/","name":"VISITDAUGAVPILS","description":"Daugavpils T\u016brisma Inform\u0101cijas Centrs","publisher":{"@id":"https:\/\/www.visitdaugavpils.lv\/ru\/#organization"},"potentialAction":[{"@type":"SearchAction","target":{"@type":"EntryPoint","urlTemplate":"https:\/\/www.visitdaugavpils.lv\/ru\/?s={search_term_string}"},"query-input":"required name=search_term_string"}],"inLanguage":"pl-PL"},{"@type":"Organization","@id":"https:\/\/www.visitdaugavpils.lv\/ru\/#organization","name":"VISITDAUGAVPILS","url":"https:\/\/www.visitdaugavpils.lv\/ru\/","logo":{"@type":"ImageObject","inLanguage":"pl-PL","@id":"https:\/\/www.visitdaugavpils.lv\/ru\/#\/schema\/logo\/image\/","url":"https:\/\/www.visitdaugavpils.lv\/wp-content\/uploads\/2017\/11\/VD_LOGO11_14_11.png","contentUrl":"https:\/\/www.visitdaugavpils.lv\/wp-content\/uploads\/2017\/11\/VD_LOGO11_14_11.png","width":350,"height":100,"caption":"VISITDAUGAVPILS"},"image":{"@id":"https:\/\/www.visitdaugavpils.lv\/ru\/#\/schema\/logo\/image\/"}}]}},"_links":{"self":[{"href":"https:\/\/www.visitdaugavpils.lv\/pl\/wp-json\/wp\/v2\/pages\/83746"}],"collection":[{"href":"https:\/\/www.visitdaugavpils.lv\/pl\/wp-json\/wp\/v2\/pages"}],"about":[{"href":"https:\/\/www.visitdaugavpils.lv\/pl\/wp-json\/wp\/v2\/types\/page"}],"author":[{"embeddable":true,"href":"https:\/\/www.visitdaugavpils.lv\/pl\/wp-json\/wp\/v2\/users\/1"}],"replies":[{"embeddable":true,"href":"https:\/\/www.visitdaugavpils.lv\/pl\/wp-json\/wp\/v2\/comments?post=83746"}],"version-history":[{"count":7,"href":"https:\/\/www.visitdaugavpils.lv\/pl\/wp-json\/wp\/v2\/pages\/83746\/revisions"}],"predecessor-version":[{"id":203845,"href":"https:\/\/www.visitdaugavpils.lv\/pl\/wp-json\/wp\/v2\/pages\/83746\/revisions\/203845"}],"wp:attachment":[{"href":"https:\/\/www.visitdaugavpils.lv\/pl\/wp-json\/wp\/v2\/media?parent=83746"}],"curies":[{"name":"wp","href":"https:\/\/api.w.org\/{rel}","templated":true}]}}