{"id":83694,"date":"2017-06-28T11:13:50","date_gmt":"2017-06-28T08:13:50","guid":{"rendered":"https:\/\/www.visitdaugavpils.lv\/fakti-un-skaitli\/"},"modified":"2023-08-18T08:23:23","modified_gmt":"2023-08-18T05:23:23","slug":"fakti-un-skaitli","status":"publish","type":"page","link":"https:\/\/www.visitdaugavpils.lv\/pl\/fakti-un-skaitli\/","title":{"rendered":"Fakty i liczby"},"content":{"rendered":"<p>1275 r. \u2013 Dyneburg (Daugavpils) po raz pierwszy wspomniany w kronice historycznej.<br \/>\n1582 r. \u2013 nadano prawa miejskie.<\/p>\n<p>Powierzchnia \u2013 72,48 km2<br \/>\nLiczba mieszka\u0144c\u00f3w (1 stycznia 2022 r.) \u2013 79 120<\/p>\n<p><span style=\"color: #008080;\"><strong>HERB MIASTA<\/strong><\/span><br \/>\nObecny herb zosta\u0142 zatwierdzony 31 pa\u017adziernika 1925 roku, a 14 kwietnia 2007 roku zosta\u0142 wpisany do Krajowego Rejestru Herb\u00f3w.<br \/>\nNa niebieskim tle srebrna falista belka, na g\u00f3rze z\u0142ota lilia, na dole srebrny z\u0105bkowany mur ceglany. Mo\u017cna w nim odnale\u017a\u0107 kilka odniesie\u0144 do piecz\u0119ci komtura Zamku Dyneburg: lilia z dawnych czas\u00f3w by\u0142a symbolem Naj\u015bwi\u0119tszej Marii Panny, a z\u0105bkowany mur wskazuje na stary Zamek Dyneburg \u2013 miejsce za\u0142o\u017cenia miasta. Falista linia przedstawia rzek\u0119 D\u017awin\u0119. Mieszka\u0144cy miasta widz\u0105 w przedstawionym na herbie murze wybudowan\u0105 w latach 1810\u20131878 Twierdz\u0119 Dyneburg, chocia\u017c nie jest to zgodne z ideami autor\u00f3w szkicu.<\/p>\n<p><strong><span style=\"color: #008080;\">FLAGA DAUGAVPILS<\/span><\/strong><br \/>\nFlaga miasta zosta\u0142a zatwierdzona w 1937 r., a 21 maja 1990 roku zosta\u0142a odnowiona jako jeden z symboli miasta.<br \/>\nOpis flagi: prostok\u0105t podzielony na dwa jednakowe poziome pasy: cz\u0119\u015b\u0107 g\u00f3rna \u2013 karminowa, cz\u0119\u015b\u0107 dolna \u2013 bia\u0142a. Na \u015brodku flagi jest herb miasta Daugavpils. Rozmiary wysoko\u015bci i szeroko\u015bci flagi 1:2.<\/p>\n<div id='gallery-1' class='gallery galleryid-83694 gallery-columns-2 gallery-size-medium'><figure class='gallery-item'>\n\t\t\t<div class='gallery-icon landscape'>\n\t\t\t\t<a href='https:\/\/www.visitdaugavpils.lv\/wp-content\/uploads\/2020\/10\/Karogs.png'><img loading=\"lazy\" decoding=\"async\" width=\"300\" height=\"150\" src=\"https:\/\/www.visitdaugavpils.lv\/wp-content\/uploads\/2020\/10\/Karogs-300x150.png\" class=\"attachment-medium size-medium\" alt=\"\" srcset=\"https:\/\/www.visitdaugavpils.lv\/wp-content\/uploads\/2020\/10\/Karogs-300x150.png 300w, https:\/\/www.visitdaugavpils.lv\/wp-content\/uploads\/2020\/10\/Karogs-1024x512.png 1024w, https:\/\/www.visitdaugavpils.lv\/wp-content\/uploads\/2020\/10\/Karogs-768x384.png 768w, https:\/\/www.visitdaugavpils.lv\/wp-content\/uploads\/2020\/10\/Karogs-270x135.png 270w, https:\/\/www.visitdaugavpils.lv\/wp-content\/uploads\/2020\/10\/Karogs-536x269.png 536w, https:\/\/www.visitdaugavpils.lv\/wp-content\/uploads\/2020\/10\/Karogs-770x386.png 770w, https:\/\/www.visitdaugavpils.lv\/wp-content\/uploads\/2020\/10\/Karogs.png 1200w\" sizes=\"(max-width: 300px) 100vw, 300px\" \/><\/a>\n\t\t\t<\/div><\/figure><figure class='gallery-item'>\n\t\t\t<div class='gallery-icon portrait'>\n\t\t\t\t<a href='https:\/\/www.visitdaugavpils.lv\/wp-content\/uploads\/2020\/10\/\u0122\u0113rbonis.png'><img loading=\"lazy\" decoding=\"async\" width=\"200\" height=\"230\" src=\"https:\/\/www.visitdaugavpils.lv\/wp-content\/uploads\/2020\/10\/\u0122\u0113rbonis.png\" class=\"attachment-medium size-medium\" alt=\"\" srcset=\"https:\/\/www.visitdaugavpils.lv\/wp-content\/uploads\/2020\/10\/\u0122\u0113rbonis.png 200w, https:\/\/www.visitdaugavpils.lv\/wp-content\/uploads\/2020\/10\/\u0122\u0113rbonis-139x160.png 139w\" sizes=\"(max-width: 200px) 100vw, 200px\" \/><\/a>\n\t\t\t<\/div><\/figure>\n\t\t<\/div>\n\n","protected":false},"excerpt":{"rendered":"<p>1275 r. \u2013 Dyneburg (Daugavpils) po raz pierwszy wspomniany w kronice historycznej. 1582 r. \u2013 nadano prawa miejskie. Powierzchnia \u2013 72,48 km2 Liczba mieszka\u0144c\u00f3w (1 stycznia 2022 r.) \u2013 79 120 HERB MIASTA Obecny herb zosta\u0142 zatwierdzony 31 pa\u017adziernika 1925 roku, a 14 kwietnia 2007 roku zosta\u0142 wpisany do Krajowego Rejestru Herb\u00f3w. Na niebieskim tle &#8230; <a title=\"Fakty i liczby\" class=\"read-more\" href=\"https:\/\/www.visitdaugavpils.lv\/pl\/fakti-un-skaitli\/\">&gt;&gt;<\/a><\/p>\n","protected":false},"author":1,"featured_media":0,"parent":0,"menu_order":0,"comment_status":"closed","ping_status":"closed","template":"","meta":{"footnotes":""},"yoast_head":"<!-- This site is optimized with the Yoast SEO plugin v22.0 - https:\/\/yoast.com\/wordpress\/plugins\/seo\/ -->\n<title>Fakty i liczby - VISITDAUGAVPILS<\/title>\n<meta name=\"robots\" content=\"index, follow, max-snippet:-1, max-image-preview:large, max-video-preview:-1\" \/>\n<link rel=\"canonical\" href=\"https:\/\/www.visitdaugavpils.lv\/pl\/fakti-un-skaitli\/\" \/>\n<meta property=\"og:locale\" content=\"pl_PL\" \/>\n<meta property=\"og:type\" content=\"article\" \/>\n<meta property=\"og:title\" content=\"Fakty i liczby - VISITDAUGAVPILS\" \/>\n<meta property=\"og:description\" content=\"1275 r. \u2013 Dyneburg (Daugavpils) po raz pierwszy wspomniany w kronice historycznej. 1582 r. \u2013 nadano prawa miejskie. Powierzchnia \u2013 72,48 km2 Liczba mieszka\u0144c\u00f3w (1 stycznia 2022 r.) \u2013 79 120 HERB MIASTA Obecny herb zosta\u0142 zatwierdzony 31 pa\u017adziernika 1925 roku, a 14 kwietnia 2007 roku zosta\u0142 wpisany do Krajowego Rejestru Herb\u00f3w. Na niebieskim tle ... &gt;&gt;\" \/>\n<meta property=\"og:url\" content=\"https:\/\/www.visitdaugavpils.lv\/pl\/fakti-un-skaitli\/\" \/>\n<meta property=\"og:site_name\" content=\"VISITDAUGAVPILS\" \/>\n<meta property=\"article:modified_time\" content=\"2023-08-18T05:23:23+00:00\" \/>\n<meta name=\"twitter:card\" content=\"summary_large_image\" \/>\n<meta name=\"twitter:label1\" content=\"Szacowany czas czytania\" \/>\n\t<meta name=\"twitter:data1\" content=\"1 minuta\" \/>\n<script type=\"application\/ld+json\" class=\"yoast-schema-graph\">{\"@context\":\"https:\/\/schema.org\",\"@graph\":[{\"@type\":\"WebPage\",\"@id\":\"https:\/\/www.visitdaugavpils.lv\/pl\/fakti-un-skaitli\/\",\"url\":\"https:\/\/www.visitdaugavpils.lv\/pl\/fakti-un-skaitli\/\",\"name\":\"Fakty i liczby - VISITDAUGAVPILS\",\"isPartOf\":{\"@id\":\"https:\/\/www.visitdaugavpils.lv\/ru\/#website\"},\"datePublished\":\"2017-06-28T08:13:50+00:00\",\"dateModified\":\"2023-08-18T05:23:23+00:00\",\"breadcrumb\":{\"@id\":\"https:\/\/www.visitdaugavpils.lv\/pl\/fakti-un-skaitli\/#breadcrumb\"},\"inLanguage\":\"pl-PL\",\"potentialAction\":[{\"@type\":\"ReadAction\",\"target\":[\"https:\/\/www.visitdaugavpils.lv\/pl\/fakti-un-skaitli\/\"]}]},{\"@type\":\"BreadcrumbList\",\"@id\":\"https:\/\/www.visitdaugavpils.lv\/pl\/fakti-un-skaitli\/#breadcrumb\",\"itemListElement\":[{\"@type\":\"ListItem\",\"position\":1,\"name\":\"Home\",\"item\":\"https:\/\/www.visitdaugavpils.lv\/pl\/\"},{\"@type\":\"ListItem\",\"position\":2,\"name\":\"Fakty i liczby\"}]},{\"@type\":\"WebSite\",\"@id\":\"https:\/\/www.visitdaugavpils.lv\/ru\/#website\",\"url\":\"https:\/\/www.visitdaugavpils.lv\/ru\/\",\"name\":\"VISITDAUGAVPILS\",\"description\":\"Daugavpils T\u016brisma Inform\u0101cijas Centrs\",\"publisher\":{\"@id\":\"https:\/\/www.visitdaugavpils.lv\/ru\/#organization\"},\"potentialAction\":[{\"@type\":\"SearchAction\",\"target\":{\"@type\":\"EntryPoint\",\"urlTemplate\":\"https:\/\/www.visitdaugavpils.lv\/ru\/?s={search_term_string}\"},\"query-input\":\"required name=search_term_string\"}],\"inLanguage\":\"pl-PL\"},{\"@type\":\"Organization\",\"@id\":\"https:\/\/www.visitdaugavpils.lv\/ru\/#organization\",\"name\":\"VISITDAUGAVPILS\",\"url\":\"https:\/\/www.visitdaugavpils.lv\/ru\/\",\"logo\":{\"@type\":\"ImageObject\",\"inLanguage\":\"pl-PL\",\"@id\":\"https:\/\/www.visitdaugavpils.lv\/ru\/#\/schema\/logo\/image\/\",\"url\":\"https:\/\/www.visitdaugavpils.lv\/wp-content\/uploads\/2017\/11\/VD_LOGO11_14_11.png\",\"contentUrl\":\"https:\/\/www.visitdaugavpils.lv\/wp-content\/uploads\/2017\/11\/VD_LOGO11_14_11.png\",\"width\":350,\"height\":100,\"caption\":\"VISITDAUGAVPILS\"},\"image\":{\"@id\":\"https:\/\/www.visitdaugavpils.lv\/ru\/#\/schema\/logo\/image\/\"}}]}<\/script>\n<!-- \/ Yoast SEO plugin. -->","yoast_head_json":{"title":"Fakty i liczby - VISITDAUGAVPILS","robots":{"index":"index","follow":"follow","max-snippet":"max-snippet:-1","max-image-preview":"max-image-preview:large","max-video-preview":"max-video-preview:-1"},"canonical":"https:\/\/www.visitdaugavpils.lv\/pl\/fakti-un-skaitli\/","og_locale":"pl_PL","og_type":"article","og_title":"Fakty i liczby - VISITDAUGAVPILS","og_description":"1275 r. \u2013 Dyneburg (Daugavpils) po raz pierwszy wspomniany w kronice historycznej. 1582 r. \u2013 nadano prawa miejskie. Powierzchnia \u2013 72,48 km2 Liczba mieszka\u0144c\u00f3w (1 stycznia 2022 r.) \u2013 79 120 HERB MIASTA Obecny herb zosta\u0142 zatwierdzony 31 pa\u017adziernika 1925 roku, a 14 kwietnia 2007 roku zosta\u0142 wpisany do Krajowego Rejestru Herb\u00f3w. Na niebieskim tle ... &gt;&gt;","og_url":"https:\/\/www.visitdaugavpils.lv\/pl\/fakti-un-skaitli\/","og_site_name":"VISITDAUGAVPILS","article_modified_time":"2023-08-18T05:23:23+00:00","twitter_card":"summary_large_image","twitter_misc":{"Szacowany czas czytania":"1 minuta"},"schema":{"@context":"https:\/\/schema.org","@graph":[{"@type":"WebPage","@id":"https:\/\/www.visitdaugavpils.lv\/pl\/fakti-un-skaitli\/","url":"https:\/\/www.visitdaugavpils.lv\/pl\/fakti-un-skaitli\/","name":"Fakty i liczby - VISITDAUGAVPILS","isPartOf":{"@id":"https:\/\/www.visitdaugavpils.lv\/ru\/#website"},"datePublished":"2017-06-28T08:13:50+00:00","dateModified":"2023-08-18T05:23:23+00:00","breadcrumb":{"@id":"https:\/\/www.visitdaugavpils.lv\/pl\/fakti-un-skaitli\/#breadcrumb"},"inLanguage":"pl-PL","potentialAction":[{"@type":"ReadAction","target":["https:\/\/www.visitdaugavpils.lv\/pl\/fakti-un-skaitli\/"]}]},{"@type":"BreadcrumbList","@id":"https:\/\/www.visitdaugavpils.lv\/pl\/fakti-un-skaitli\/#breadcrumb","itemListElement":[{"@type":"ListItem","position":1,"name":"Home","item":"https:\/\/www.visitdaugavpils.lv\/pl\/"},{"@type":"ListItem","position":2,"name":"Fakty i liczby"}]},{"@type":"WebSite","@id":"https:\/\/www.visitdaugavpils.lv\/ru\/#website","url":"https:\/\/www.visitdaugavpils.lv\/ru\/","name":"VISITDAUGAVPILS","description":"Daugavpils T\u016brisma Inform\u0101cijas Centrs","publisher":{"@id":"https:\/\/www.visitdaugavpils.lv\/ru\/#organization"},"potentialAction":[{"@type":"SearchAction","target":{"@type":"EntryPoint","urlTemplate":"https:\/\/www.visitdaugavpils.lv\/ru\/?s={search_term_string}"},"query-input":"required name=search_term_string"}],"inLanguage":"pl-PL"},{"@type":"Organization","@id":"https:\/\/www.visitdaugavpils.lv\/ru\/#organization","name":"VISITDAUGAVPILS","url":"https:\/\/www.visitdaugavpils.lv\/ru\/","logo":{"@type":"ImageObject","inLanguage":"pl-PL","@id":"https:\/\/www.visitdaugavpils.lv\/ru\/#\/schema\/logo\/image\/","url":"https:\/\/www.visitdaugavpils.lv\/wp-content\/uploads\/2017\/11\/VD_LOGO11_14_11.png","contentUrl":"https:\/\/www.visitdaugavpils.lv\/wp-content\/uploads\/2017\/11\/VD_LOGO11_14_11.png","width":350,"height":100,"caption":"VISITDAUGAVPILS"},"image":{"@id":"https:\/\/www.visitdaugavpils.lv\/ru\/#\/schema\/logo\/image\/"}}]}},"_links":{"self":[{"href":"https:\/\/www.visitdaugavpils.lv\/pl\/wp-json\/wp\/v2\/pages\/83694"}],"collection":[{"href":"https:\/\/www.visitdaugavpils.lv\/pl\/wp-json\/wp\/v2\/pages"}],"about":[{"href":"https:\/\/www.visitdaugavpils.lv\/pl\/wp-json\/wp\/v2\/types\/page"}],"author":[{"embeddable":true,"href":"https:\/\/www.visitdaugavpils.lv\/pl\/wp-json\/wp\/v2\/users\/1"}],"replies":[{"embeddable":true,"href":"https:\/\/www.visitdaugavpils.lv\/pl\/wp-json\/wp\/v2\/comments?post=83694"}],"version-history":[{"count":1,"href":"https:\/\/www.visitdaugavpils.lv\/pl\/wp-json\/wp\/v2\/pages\/83694\/revisions"}],"predecessor-version":[{"id":200939,"href":"https:\/\/www.visitdaugavpils.lv\/pl\/wp-json\/wp\/v2\/pages\/83694\/revisions\/200939"}],"wp:attachment":[{"href":"https:\/\/www.visitdaugavpils.lv\/pl\/wp-json\/wp\/v2\/media?parent=83694"}],"curies":[{"name":"wp","href":"https:\/\/api.w.org\/{rel}","templated":true}]}}