{"id":75526,"date":"2017-06-28T13:37:50","date_gmt":"2017-06-28T10:37:50","guid":{"rendered":"https:\/\/www.visitdaugavpils.lv\/par-daugavpils-novadu\/vesture\/"},"modified":"2025-03-06T13:03:04","modified_gmt":"2025-03-06T11:03:04","slug":"vesture","status":"publish","type":"page","link":"https:\/\/www.visitdaugavpils.lv\/pl\/par-daugavpils-novadu\/vesture\/","title":{"rendered":"Historia"},"content":{"rendered":"<p>Ciekawe fakty o Powiecie Augsdaugavskim:<\/p>\n<ul>\n<li>740 lat temu w 1275\u00a0r. na g\u00f3rze zamkowej Vecpils, gdzie kiedy\u015b znajdowa\u0142 si\u0119 gr\u00f3d \u0141atgalczyk\u00f3w, Zakon Kawaler\u00f3w Mieczowych wybudowa\u0142 Zamek Dyneburg, kt\u00f3ry by\u0142 zal\u0105\u017ckiem miasta Daugavpils.<\/li>\n<li>Cesarzowa Rosji Katarzyna\u00a0I (Marta Helena Skowro\u0144ska) (1684\u20131727) podobno urodzi\u0142a si\u0119 w miejscowo\u015bci Vi\u0161\u0137i (pol. Wyszki).<\/li>\n<li>W protestanckim ko\u015bciele parafialnym w \u0112\u0123ipte (pol. Egipt) s\u0142u\u017cy\u0142 ksi\u0105dz Oskars Svensons (1822\u20131884), kt\u00f3ry by\u0142 pierwszym nauczycielem J\u0101nisa Pliek\u0161\u0101nsa\u00a0 \u00a0(Rainisa) \u2013 wybitnego \u0142otewskiego pisarza oraz dzia\u0142acza.<\/li>\n<li>W XIX\u00a0w. w miejscowo\u015bci L\u012bksn\u0101 (pol. Liksna) mieszkali kanonicy, autorzy \u0142atgalskiej literatury duchownej oraz gramatyki j\u0119zyka \u0142atgalskiego \u2013 J\u00f3zef Akilewicz i Tomasz Kossowski.<\/li>\n<li>Kanclerz Niemiec Otto von Bismarck (1815\u20131898), kt\u00f3ry by\u0142 cz\u0119stym go\u015bciem gospodarza Dworu Medumi Augusta von Oettingena, lubi\u0142 polowa\u0107 w okolicznych lasach.<\/li>\n<\/ul>\n<p>W 1899\u00a0r. w dworze Lielborne urodzi\u0142 si\u0119 Wessel Freiherr Freytag von Loringhoven (1899\u20131944), kt\u00f3ry uczestniczy\u0142 w przygotowaniu zamachu na Hitlera 20\u00a0lipca 1944\u00a0r.<\/p>\n","protected":false},"excerpt":{"rendered":"<p>Ciekawe fakty o Powiecie Augsdaugavskim: 740 lat temu w 1275\u00a0r. na g\u00f3rze zamkowej Vecpils, gdzie kiedy\u015b znajdowa\u0142 si\u0119 gr\u00f3d \u0141atgalczyk\u00f3w, Zakon Kawaler\u00f3w Mieczowych wybudowa\u0142 Zamek Dyneburg, kt\u00f3ry by\u0142 zal\u0105\u017ckiem miasta Daugavpils. Cesarzowa Rosji Katarzyna\u00a0I (Marta Helena Skowro\u0144ska) (1684\u20131727) podobno urodzi\u0142a si\u0119 w miejscowo\u015bci Vi\u0161\u0137i (pol. Wyszki). W protestanckim ko\u015bciele parafialnym w \u0112\u0123ipte (pol. Egipt) s\u0142u\u017cy\u0142 &#8230; <a title=\"Historia\" class=\"read-more\" href=\"https:\/\/www.visitdaugavpils.lv\/pl\/par-daugavpils-novadu\/vesture\/\">&gt;&gt;<\/a><\/p>\n","protected":false},"author":1,"featured_media":0,"parent":75466,"menu_order":0,"comment_status":"closed","ping_status":"closed","template":"","meta":{"footnotes":""},"yoast_head":"<!-- This site is optimized with the Yoast SEO plugin v22.0 - https:\/\/yoast.com\/wordpress\/plugins\/seo\/ -->\n<title>Historia - VISITDAUGAVPILS<\/title>\n<meta name=\"robots\" content=\"index, follow, max-snippet:-1, max-image-preview:large, max-video-preview:-1\" \/>\n<link rel=\"canonical\" href=\"https:\/\/www.visitdaugavpils.lv\/pl\/par-daugavpils-novadu\/vesture\/\" \/>\n<meta property=\"og:locale\" content=\"pl_PL\" \/>\n<meta property=\"og:type\" content=\"article\" \/>\n<meta property=\"og:title\" content=\"Historia - VISITDAUGAVPILS\" \/>\n<meta property=\"og:description\" content=\"Ciekawe fakty o Powiecie Augsdaugavskim: 740 lat temu w 1275\u00a0r. na g\u00f3rze zamkowej Vecpils, gdzie kiedy\u015b znajdowa\u0142 si\u0119 gr\u00f3d \u0141atgalczyk\u00f3w, Zakon Kawaler\u00f3w Mieczowych wybudowa\u0142 Zamek Dyneburg, kt\u00f3ry by\u0142 zal\u0105\u017ckiem miasta Daugavpils. Cesarzowa Rosji Katarzyna\u00a0I (Marta Helena Skowro\u0144ska) (1684\u20131727) podobno urodzi\u0142a si\u0119 w miejscowo\u015bci Vi\u0161\u0137i (pol. Wyszki). W protestanckim ko\u015bciele parafialnym w \u0112\u0123ipte (pol. Egipt) s\u0142u\u017cy\u0142 ... &gt;&gt;\" \/>\n<meta property=\"og:url\" content=\"https:\/\/www.visitdaugavpils.lv\/pl\/par-daugavpils-novadu\/vesture\/\" \/>\n<meta property=\"og:site_name\" content=\"VISITDAUGAVPILS\" \/>\n<meta property=\"article:modified_time\" content=\"2025-03-06T11:03:04+00:00\" \/>\n<meta name=\"twitter:card\" content=\"summary_large_image\" \/>\n<meta name=\"twitter:label1\" content=\"Szacowany czas czytania\" \/>\n\t<meta name=\"twitter:data1\" content=\"1 minuta\" \/>\n<script type=\"application\/ld+json\" class=\"yoast-schema-graph\">{\"@context\":\"https:\/\/schema.org\",\"@graph\":[{\"@type\":\"WebPage\",\"@id\":\"https:\/\/www.visitdaugavpils.lv\/pl\/par-daugavpils-novadu\/vesture\/\",\"url\":\"https:\/\/www.visitdaugavpils.lv\/pl\/par-daugavpils-novadu\/vesture\/\",\"name\":\"Historia - VISITDAUGAVPILS\",\"isPartOf\":{\"@id\":\"https:\/\/www.visitdaugavpils.lv\/ru\/#website\"},\"datePublished\":\"2017-06-28T10:37:50+00:00\",\"dateModified\":\"2025-03-06T11:03:04+00:00\",\"breadcrumb\":{\"@id\":\"https:\/\/www.visitdaugavpils.lv\/pl\/par-daugavpils-novadu\/vesture\/#breadcrumb\"},\"inLanguage\":\"pl-PL\",\"potentialAction\":[{\"@type\":\"ReadAction\",\"target\":[\"https:\/\/www.visitdaugavpils.lv\/pl\/par-daugavpils-novadu\/vesture\/\"]}]},{\"@type\":\"BreadcrumbList\",\"@id\":\"https:\/\/www.visitdaugavpils.lv\/pl\/par-daugavpils-novadu\/vesture\/#breadcrumb\",\"itemListElement\":[{\"@type\":\"ListItem\",\"position\":1,\"name\":\"Home\",\"item\":\"https:\/\/www.visitdaugavpils.lv\/pl\/\"},{\"@type\":\"ListItem\",\"position\":2,\"name\":\"Powiat Aug\u0161daugavas\",\"item\":\"https:\/\/www.visitdaugavpils.lv\/pl\/par-daugavpils-novadu\/\"},{\"@type\":\"ListItem\",\"position\":3,\"name\":\"Historia\"}]},{\"@type\":\"WebSite\",\"@id\":\"https:\/\/www.visitdaugavpils.lv\/ru\/#website\",\"url\":\"https:\/\/www.visitdaugavpils.lv\/ru\/\",\"name\":\"VISITDAUGAVPILS\",\"description\":\"Daugavpils T\u016brisma Inform\u0101cijas Centrs\",\"publisher\":{\"@id\":\"https:\/\/www.visitdaugavpils.lv\/ru\/#organization\"},\"potentialAction\":[{\"@type\":\"SearchAction\",\"target\":{\"@type\":\"EntryPoint\",\"urlTemplate\":\"https:\/\/www.visitdaugavpils.lv\/ru\/?s={search_term_string}\"},\"query-input\":\"required name=search_term_string\"}],\"inLanguage\":\"pl-PL\"},{\"@type\":\"Organization\",\"@id\":\"https:\/\/www.visitdaugavpils.lv\/ru\/#organization\",\"name\":\"VISITDAUGAVPILS\",\"url\":\"https:\/\/www.visitdaugavpils.lv\/ru\/\",\"logo\":{\"@type\":\"ImageObject\",\"inLanguage\":\"pl-PL\",\"@id\":\"https:\/\/www.visitdaugavpils.lv\/ru\/#\/schema\/logo\/image\/\",\"url\":\"https:\/\/www.visitdaugavpils.lv\/wp-content\/uploads\/2017\/11\/VD_LOGO11_14_11.png\",\"contentUrl\":\"https:\/\/www.visitdaugavpils.lv\/wp-content\/uploads\/2017\/11\/VD_LOGO11_14_11.png\",\"width\":350,\"height\":100,\"caption\":\"VISITDAUGAVPILS\"},\"image\":{\"@id\":\"https:\/\/www.visitdaugavpils.lv\/ru\/#\/schema\/logo\/image\/\"}}]}<\/script>\n<!-- \/ Yoast SEO plugin. -->","yoast_head_json":{"title":"Historia - VISITDAUGAVPILS","robots":{"index":"index","follow":"follow","max-snippet":"max-snippet:-1","max-image-preview":"max-image-preview:large","max-video-preview":"max-video-preview:-1"},"canonical":"https:\/\/www.visitdaugavpils.lv\/pl\/par-daugavpils-novadu\/vesture\/","og_locale":"pl_PL","og_type":"article","og_title":"Historia - VISITDAUGAVPILS","og_description":"Ciekawe fakty o Powiecie Augsdaugavskim: 740 lat temu w 1275\u00a0r. na g\u00f3rze zamkowej Vecpils, gdzie kiedy\u015b znajdowa\u0142 si\u0119 gr\u00f3d \u0141atgalczyk\u00f3w, Zakon Kawaler\u00f3w Mieczowych wybudowa\u0142 Zamek Dyneburg, kt\u00f3ry by\u0142 zal\u0105\u017ckiem miasta Daugavpils. Cesarzowa Rosji Katarzyna\u00a0I (Marta Helena Skowro\u0144ska) (1684\u20131727) podobno urodzi\u0142a si\u0119 w miejscowo\u015bci Vi\u0161\u0137i (pol. Wyszki). W protestanckim ko\u015bciele parafialnym w \u0112\u0123ipte (pol. Egipt) s\u0142u\u017cy\u0142 ... &gt;&gt;","og_url":"https:\/\/www.visitdaugavpils.lv\/pl\/par-daugavpils-novadu\/vesture\/","og_site_name":"VISITDAUGAVPILS","article_modified_time":"2025-03-06T11:03:04+00:00","twitter_card":"summary_large_image","twitter_misc":{"Szacowany czas czytania":"1 minuta"},"schema":{"@context":"https:\/\/schema.org","@graph":[{"@type":"WebPage","@id":"https:\/\/www.visitdaugavpils.lv\/pl\/par-daugavpils-novadu\/vesture\/","url":"https:\/\/www.visitdaugavpils.lv\/pl\/par-daugavpils-novadu\/vesture\/","name":"Historia - VISITDAUGAVPILS","isPartOf":{"@id":"https:\/\/www.visitdaugavpils.lv\/ru\/#website"},"datePublished":"2017-06-28T10:37:50+00:00","dateModified":"2025-03-06T11:03:04+00:00","breadcrumb":{"@id":"https:\/\/www.visitdaugavpils.lv\/pl\/par-daugavpils-novadu\/vesture\/#breadcrumb"},"inLanguage":"pl-PL","potentialAction":[{"@type":"ReadAction","target":["https:\/\/www.visitdaugavpils.lv\/pl\/par-daugavpils-novadu\/vesture\/"]}]},{"@type":"BreadcrumbList","@id":"https:\/\/www.visitdaugavpils.lv\/pl\/par-daugavpils-novadu\/vesture\/#breadcrumb","itemListElement":[{"@type":"ListItem","position":1,"name":"Home","item":"https:\/\/www.visitdaugavpils.lv\/pl\/"},{"@type":"ListItem","position":2,"name":"Powiat Aug\u0161daugavas","item":"https:\/\/www.visitdaugavpils.lv\/pl\/par-daugavpils-novadu\/"},{"@type":"ListItem","position":3,"name":"Historia"}]},{"@type":"WebSite","@id":"https:\/\/www.visitdaugavpils.lv\/ru\/#website","url":"https:\/\/www.visitdaugavpils.lv\/ru\/","name":"VISITDAUGAVPILS","description":"Daugavpils T\u016brisma Inform\u0101cijas Centrs","publisher":{"@id":"https:\/\/www.visitdaugavpils.lv\/ru\/#organization"},"potentialAction":[{"@type":"SearchAction","target":{"@type":"EntryPoint","urlTemplate":"https:\/\/www.visitdaugavpils.lv\/ru\/?s={search_term_string}"},"query-input":"required name=search_term_string"}],"inLanguage":"pl-PL"},{"@type":"Organization","@id":"https:\/\/www.visitdaugavpils.lv\/ru\/#organization","name":"VISITDAUGAVPILS","url":"https:\/\/www.visitdaugavpils.lv\/ru\/","logo":{"@type":"ImageObject","inLanguage":"pl-PL","@id":"https:\/\/www.visitdaugavpils.lv\/ru\/#\/schema\/logo\/image\/","url":"https:\/\/www.visitdaugavpils.lv\/wp-content\/uploads\/2017\/11\/VD_LOGO11_14_11.png","contentUrl":"https:\/\/www.visitdaugavpils.lv\/wp-content\/uploads\/2017\/11\/VD_LOGO11_14_11.png","width":350,"height":100,"caption":"VISITDAUGAVPILS"},"image":{"@id":"https:\/\/www.visitdaugavpils.lv\/ru\/#\/schema\/logo\/image\/"}}]}},"_links":{"self":[{"href":"https:\/\/www.visitdaugavpils.lv\/pl\/wp-json\/wp\/v2\/pages\/75526"}],"collection":[{"href":"https:\/\/www.visitdaugavpils.lv\/pl\/wp-json\/wp\/v2\/pages"}],"about":[{"href":"https:\/\/www.visitdaugavpils.lv\/pl\/wp-json\/wp\/v2\/types\/page"}],"author":[{"embeddable":true,"href":"https:\/\/www.visitdaugavpils.lv\/pl\/wp-json\/wp\/v2\/users\/1"}],"replies":[{"embeddable":true,"href":"https:\/\/www.visitdaugavpils.lv\/pl\/wp-json\/wp\/v2\/comments?post=75526"}],"version-history":[{"count":1,"href":"https:\/\/www.visitdaugavpils.lv\/pl\/wp-json\/wp\/v2\/pages\/75526\/revisions"}],"predecessor-version":[{"id":244836,"href":"https:\/\/www.visitdaugavpils.lv\/pl\/wp-json\/wp\/v2\/pages\/75526\/revisions\/244836"}],"up":[{"embeddable":true,"href":"https:\/\/www.visitdaugavpils.lv\/pl\/wp-json\/wp\/v2\/pages\/75466"}],"wp:attachment":[{"href":"https:\/\/www.visitdaugavpils.lv\/pl\/wp-json\/wp\/v2\/media?parent=75526"}],"curies":[{"name":"wp","href":"https:\/\/api.w.org\/{rel}","templated":true}]}}