{"id":75466,"date":"2017-06-28T13:34:14","date_gmt":"2017-06-28T10:34:14","guid":{"rendered":"https:\/\/www.visitdaugavpils.lv\/par-daugavpils-novadu\/"},"modified":"2023-09-13T16:23:31","modified_gmt":"2023-09-13T13:23:31","slug":"par-daugavpils-novadu","status":"publish","type":"page","link":"https:\/\/www.visitdaugavpils.lv\/pl\/par-daugavpils-novadu\/","title":{"rendered":"Powiat Aug\u0161daugavas"},"content":{"rendered":"<p>Powiat Aug\u0161daugavas to miejsce, gdzie \u0141atgalia spotyka si\u0119 z Seloni\u0105.\u00a0 Znajduje si\u0119 na wschodzie \u0141otwy i sk\u0142ada si\u0119 z 19 gmin.\u00a0 Przez powiat przewija si\u0119 najwa\u017cniejsza \u0142otewska rzeka \u2013 D\u017awina (\u0142ot. Daugava). Jak faluj\u0105ca wst\u0119ga tworzy ona meandry od Kras\u0142awia do Krauji, a za Daugavpilsem przez Liksn\u0119 i Nicgale p\u0142ynie prosto i spokojnie do Ba\u0142tyku dziel\u0105c powiat na dwie cz\u0119\u015bci, kt\u00f3rych historia, polityka oraz etnografia przez stulecia kszta\u0142towa\u0142a si\u0119 w bardzo odmienny spos\u00f3b. Na lewym brzegu znajduje si\u0119 Aug\u0161zeme czyli Selonia, na prawym \u2013 \u0141atgalia. G\u0142\u00f3wnymi warto\u015bciami Powiatu Augsdaugavski s\u0105 serdeczni i go\u015bcinni ludzie, bogate dziedzictwo kulturowo-historyczne oraz niezapomniane krajobrazy, kt\u00f3re zach\u0119caj\u0105 do fascynuj\u0105cych podr\u00f3\u017cy. Witajcie w Powiecie Augsdaugavski!<\/p>\n","protected":false},"excerpt":{"rendered":"<p>Powiat Aug\u0161daugavas to miejsce, gdzie \u0141atgalia spotyka si\u0119 z Seloni\u0105.\u00a0 Znajduje si\u0119 na wschodzie \u0141otwy i sk\u0142ada si\u0119 z 19 gmin.\u00a0 Przez powiat przewija si\u0119 najwa\u017cniejsza \u0142otewska rzeka \u2013 D\u017awina (\u0142ot. Daugava). Jak faluj\u0105ca wst\u0119ga tworzy ona meandry od Kras\u0142awia do Krauji, a za Daugavpilsem przez Liksn\u0119 i Nicgale p\u0142ynie prosto i spokojnie do Ba\u0142tyku &#8230; <a title=\"Powiat Aug\u0161daugavas\" class=\"read-more\" href=\"https:\/\/www.visitdaugavpils.lv\/pl\/par-daugavpils-novadu\/\">&gt;&gt;<\/a><\/p>\n","protected":false},"author":1,"featured_media":0,"parent":0,"menu_order":0,"comment_status":"closed","ping_status":"closed","template":"","meta":{"footnotes":""},"yoast_head":"<!-- This site is optimized with the Yoast SEO plugin v22.0 - https:\/\/yoast.com\/wordpress\/plugins\/seo\/ -->\n<title>Powiat Aug\u0161daugavas - VISITDAUGAVPILS<\/title>\n<meta name=\"robots\" content=\"index, follow, max-snippet:-1, max-image-preview:large, max-video-preview:-1\" \/>\n<link rel=\"canonical\" href=\"https:\/\/www.visitdaugavpils.lv\/pl\/par-daugavpils-novadu\/\" \/>\n<meta property=\"og:locale\" content=\"pl_PL\" \/>\n<meta property=\"og:type\" content=\"article\" \/>\n<meta property=\"og:title\" content=\"Powiat Aug\u0161daugavas - VISITDAUGAVPILS\" \/>\n<meta property=\"og:description\" content=\"Powiat Aug\u0161daugavas to miejsce, gdzie \u0141atgalia spotyka si\u0119 z Seloni\u0105.\u00a0 Znajduje si\u0119 na wschodzie \u0141otwy i sk\u0142ada si\u0119 z 19 gmin.\u00a0 Przez powiat przewija si\u0119 najwa\u017cniejsza \u0142otewska rzeka \u2013 D\u017awina (\u0142ot. Daugava). Jak faluj\u0105ca wst\u0119ga tworzy ona meandry od Kras\u0142awia do Krauji, a za Daugavpilsem przez Liksn\u0119 i Nicgale p\u0142ynie prosto i spokojnie do Ba\u0142tyku ... &gt;&gt;\" \/>\n<meta property=\"og:url\" content=\"https:\/\/www.visitdaugavpils.lv\/pl\/par-daugavpils-novadu\/\" \/>\n<meta property=\"og:site_name\" content=\"VISITDAUGAVPILS\" \/>\n<meta property=\"article:modified_time\" content=\"2023-09-13T13:23:31+00:00\" \/>\n<meta name=\"twitter:card\" content=\"summary_large_image\" \/>\n<meta name=\"twitter:label1\" content=\"Szacowany czas czytania\" \/>\n\t<meta name=\"twitter:data1\" content=\"1 minuta\" \/>\n<script type=\"application\/ld+json\" class=\"yoast-schema-graph\">{\"@context\":\"https:\/\/schema.org\",\"@graph\":[{\"@type\":\"WebPage\",\"@id\":\"https:\/\/www.visitdaugavpils.lv\/pl\/par-daugavpils-novadu\/\",\"url\":\"https:\/\/www.visitdaugavpils.lv\/pl\/par-daugavpils-novadu\/\",\"name\":\"Powiat Aug\u0161daugavas - VISITDAUGAVPILS\",\"isPartOf\":{\"@id\":\"https:\/\/www.visitdaugavpils.lv\/ru\/#website\"},\"datePublished\":\"2017-06-28T10:34:14+00:00\",\"dateModified\":\"2023-09-13T13:23:31+00:00\",\"breadcrumb\":{\"@id\":\"https:\/\/www.visitdaugavpils.lv\/pl\/par-daugavpils-novadu\/#breadcrumb\"},\"inLanguage\":\"pl-PL\",\"potentialAction\":[{\"@type\":\"ReadAction\",\"target\":[\"https:\/\/www.visitdaugavpils.lv\/pl\/par-daugavpils-novadu\/\"]}]},{\"@type\":\"BreadcrumbList\",\"@id\":\"https:\/\/www.visitdaugavpils.lv\/pl\/par-daugavpils-novadu\/#breadcrumb\",\"itemListElement\":[{\"@type\":\"ListItem\",\"position\":1,\"name\":\"Home\",\"item\":\"https:\/\/www.visitdaugavpils.lv\/pl\/\"},{\"@type\":\"ListItem\",\"position\":2,\"name\":\"Powiat Aug\u0161daugavas\"}]},{\"@type\":\"WebSite\",\"@id\":\"https:\/\/www.visitdaugavpils.lv\/ru\/#website\",\"url\":\"https:\/\/www.visitdaugavpils.lv\/ru\/\",\"name\":\"VISITDAUGAVPILS\",\"description\":\"Daugavpils T\u016brisma Inform\u0101cijas Centrs\",\"publisher\":{\"@id\":\"https:\/\/www.visitdaugavpils.lv\/ru\/#organization\"},\"potentialAction\":[{\"@type\":\"SearchAction\",\"target\":{\"@type\":\"EntryPoint\",\"urlTemplate\":\"https:\/\/www.visitdaugavpils.lv\/ru\/?s={search_term_string}\"},\"query-input\":\"required name=search_term_string\"}],\"inLanguage\":\"pl-PL\"},{\"@type\":\"Organization\",\"@id\":\"https:\/\/www.visitdaugavpils.lv\/ru\/#organization\",\"name\":\"VISITDAUGAVPILS\",\"url\":\"https:\/\/www.visitdaugavpils.lv\/ru\/\",\"logo\":{\"@type\":\"ImageObject\",\"inLanguage\":\"pl-PL\",\"@id\":\"https:\/\/www.visitdaugavpils.lv\/ru\/#\/schema\/logo\/image\/\",\"url\":\"https:\/\/www.visitdaugavpils.lv\/wp-content\/uploads\/2017\/11\/VD_LOGO11_14_11.png\",\"contentUrl\":\"https:\/\/www.visitdaugavpils.lv\/wp-content\/uploads\/2017\/11\/VD_LOGO11_14_11.png\",\"width\":350,\"height\":100,\"caption\":\"VISITDAUGAVPILS\"},\"image\":{\"@id\":\"https:\/\/www.visitdaugavpils.lv\/ru\/#\/schema\/logo\/image\/\"}}]}<\/script>\n<!-- \/ Yoast SEO plugin. -->","yoast_head_json":{"title":"Powiat Aug\u0161daugavas - VISITDAUGAVPILS","robots":{"index":"index","follow":"follow","max-snippet":"max-snippet:-1","max-image-preview":"max-image-preview:large","max-video-preview":"max-video-preview:-1"},"canonical":"https:\/\/www.visitdaugavpils.lv\/pl\/par-daugavpils-novadu\/","og_locale":"pl_PL","og_type":"article","og_title":"Powiat Aug\u0161daugavas - VISITDAUGAVPILS","og_description":"Powiat Aug\u0161daugavas to miejsce, gdzie \u0141atgalia spotyka si\u0119 z Seloni\u0105.\u00a0 Znajduje si\u0119 na wschodzie \u0141otwy i sk\u0142ada si\u0119 z 19 gmin.\u00a0 Przez powiat przewija si\u0119 najwa\u017cniejsza \u0142otewska rzeka \u2013 D\u017awina (\u0142ot. Daugava). Jak faluj\u0105ca wst\u0119ga tworzy ona meandry od Kras\u0142awia do Krauji, a za Daugavpilsem przez Liksn\u0119 i Nicgale p\u0142ynie prosto i spokojnie do Ba\u0142tyku ... &gt;&gt;","og_url":"https:\/\/www.visitdaugavpils.lv\/pl\/par-daugavpils-novadu\/","og_site_name":"VISITDAUGAVPILS","article_modified_time":"2023-09-13T13:23:31+00:00","twitter_card":"summary_large_image","twitter_misc":{"Szacowany czas czytania":"1 minuta"},"schema":{"@context":"https:\/\/schema.org","@graph":[{"@type":"WebPage","@id":"https:\/\/www.visitdaugavpils.lv\/pl\/par-daugavpils-novadu\/","url":"https:\/\/www.visitdaugavpils.lv\/pl\/par-daugavpils-novadu\/","name":"Powiat Aug\u0161daugavas - VISITDAUGAVPILS","isPartOf":{"@id":"https:\/\/www.visitdaugavpils.lv\/ru\/#website"},"datePublished":"2017-06-28T10:34:14+00:00","dateModified":"2023-09-13T13:23:31+00:00","breadcrumb":{"@id":"https:\/\/www.visitdaugavpils.lv\/pl\/par-daugavpils-novadu\/#breadcrumb"},"inLanguage":"pl-PL","potentialAction":[{"@type":"ReadAction","target":["https:\/\/www.visitdaugavpils.lv\/pl\/par-daugavpils-novadu\/"]}]},{"@type":"BreadcrumbList","@id":"https:\/\/www.visitdaugavpils.lv\/pl\/par-daugavpils-novadu\/#breadcrumb","itemListElement":[{"@type":"ListItem","position":1,"name":"Home","item":"https:\/\/www.visitdaugavpils.lv\/pl\/"},{"@type":"ListItem","position":2,"name":"Powiat Aug\u0161daugavas"}]},{"@type":"WebSite","@id":"https:\/\/www.visitdaugavpils.lv\/ru\/#website","url":"https:\/\/www.visitdaugavpils.lv\/ru\/","name":"VISITDAUGAVPILS","description":"Daugavpils T\u016brisma Inform\u0101cijas Centrs","publisher":{"@id":"https:\/\/www.visitdaugavpils.lv\/ru\/#organization"},"potentialAction":[{"@type":"SearchAction","target":{"@type":"EntryPoint","urlTemplate":"https:\/\/www.visitdaugavpils.lv\/ru\/?s={search_term_string}"},"query-input":"required name=search_term_string"}],"inLanguage":"pl-PL"},{"@type":"Organization","@id":"https:\/\/www.visitdaugavpils.lv\/ru\/#organization","name":"VISITDAUGAVPILS","url":"https:\/\/www.visitdaugavpils.lv\/ru\/","logo":{"@type":"ImageObject","inLanguage":"pl-PL","@id":"https:\/\/www.visitdaugavpils.lv\/ru\/#\/schema\/logo\/image\/","url":"https:\/\/www.visitdaugavpils.lv\/wp-content\/uploads\/2017\/11\/VD_LOGO11_14_11.png","contentUrl":"https:\/\/www.visitdaugavpils.lv\/wp-content\/uploads\/2017\/11\/VD_LOGO11_14_11.png","width":350,"height":100,"caption":"VISITDAUGAVPILS"},"image":{"@id":"https:\/\/www.visitdaugavpils.lv\/ru\/#\/schema\/logo\/image\/"}}]}},"_links":{"self":[{"href":"https:\/\/www.visitdaugavpils.lv\/pl\/wp-json\/wp\/v2\/pages\/75466"}],"collection":[{"href":"https:\/\/www.visitdaugavpils.lv\/pl\/wp-json\/wp\/v2\/pages"}],"about":[{"href":"https:\/\/www.visitdaugavpils.lv\/pl\/wp-json\/wp\/v2\/types\/page"}],"author":[{"embeddable":true,"href":"https:\/\/www.visitdaugavpils.lv\/pl\/wp-json\/wp\/v2\/users\/1"}],"replies":[{"embeddable":true,"href":"https:\/\/www.visitdaugavpils.lv\/pl\/wp-json\/wp\/v2\/comments?post=75466"}],"version-history":[{"count":2,"href":"https:\/\/www.visitdaugavpils.lv\/pl\/wp-json\/wp\/v2\/pages\/75466\/revisions"}],"predecessor-version":[{"id":202701,"href":"https:\/\/www.visitdaugavpils.lv\/pl\/wp-json\/wp\/v2\/pages\/75466\/revisions\/202701"}],"wp:attachment":[{"href":"https:\/\/www.visitdaugavpils.lv\/pl\/wp-json\/wp\/v2\/media?parent=75466"}],"curies":[{"name":"wp","href":"https:\/\/api.w.org\/{rel}","templated":true}]}}