{"id":75447,"date":"2017-06-28T13:45:06","date_gmt":"2017-06-28T10:45:06","guid":{"rendered":"https:\/\/www.visitdaugavpils.lv\/pasvaldibas-agentura-taka\/"},"modified":"2026-01-21T08:49:30","modified_gmt":"2026-01-21T06:49:30","slug":"pasvaldibas-agentura-taka","status":"publish","type":"page","link":"https:\/\/www.visitdaugavpils.lv\/pl\/pasvaldibas-agentura-taka\/","title":{"rendered":"Departament Turystyki Zarz\u0105du Kultury i Turystyki Regionu Augszdaugawskiego"},"content":{"rendered":"<p>Zadaniem Departamenta Turystyki Zarz\u0105du Kultury i Turystyki Regionu Augszdaugawskiego jest promowanie rozwoju turystyki, wypracowanie planu rozwoju turystyki, tworzenie nowych produkt\u00f3w turystycznych, gromadzenie i systematyzowanie danych o obiektach turystycznych, sportowych i kulturowych, stworzenie i uzupe\u0142nianie bazy danych z informacjami o \u015bwiadczycielach us\u0142ug turystycznych, popularyzowanie obiekt\u00f3w turystycznych, sportowych i kulturowych Powiatu Augsdaugavskogo, organizowanie imprez, prowadzenie sprzeda\u017cy upomink\u00f3w, promowanie wsp\u00f3\u0142pracy z operatorami turystycznymi, administrowanie estrady i stadionu w miejscowo\u015bci Vi\u0161\u0137i.<\/p>\n<h3><strong>Kontakt:<\/strong><\/h3>\n<p>Siedziba: Dobeles iela 30, Daugavpils, LV- 5404;<br \/>\nTel.: (+371) 654 76748 , 29431360<br \/>\ne-mail: <a href=\"mailto:turisms@augsdaugavasnovads.lv\">turisms@augsdaugavasnovads.lv<\/a>,<br \/>\nstrony: <a href=\"http:\/\/www.augsdaugavasnovads.lv\">www.augsdaugavasnovads.lv<\/a>,\u00a0<a href=\"http:\/\/www.visku-estrade-stadions.lv\/\">www.visku-estrade-stadions.lv<\/a><\/p>\n<p><strong>Biuro Instytucji (Dobeles iela 30, Daugavpils, LV-5404)<\/strong><\/p>\n<p>Dyrektor Instytucji:\u00a0 Rolands Gradkovskis<\/p>\n<p>tel. +371\u00a065476748<br \/>\nkom. +371\u00a029431360<br \/>\ne-mail: <a href=\"mailto:rolands.gradkovskis@augsdaugavasnovads.lv\">rolands.gradkovskis@augsdaugavasnovads.lv<\/a><\/p>\n<p>Specjalista ds. turystyki: Viktorija Par\u0146evi\u010da<\/p>\n<p>tel. +371 65424147<br \/>\ne-mail: <a href=\"mailto:viktorija.parnevica@augsdaugavasnovads.lv\">viktorija.parnevica@augsdaugavasnovads.lv<\/a><\/p>\n","protected":false},"excerpt":{"rendered":"<p>Zadaniem Departamenta Turystyki Zarz\u0105du Kultury i Turystyki Regionu Augszdaugawskiego jest promowanie rozwoju turystyki, wypracowanie planu rozwoju turystyki, tworzenie nowych produkt\u00f3w turystycznych, gromadzenie i systematyzowanie danych o obiektach turystycznych, sportowych i kulturowych, stworzenie i uzupe\u0142nianie bazy danych z informacjami o \u015bwiadczycielach us\u0142ug turystycznych, popularyzowanie obiekt\u00f3w turystycznych, sportowych i kulturowych Powiatu Augsdaugavskogo, organizowanie imprez, prowadzenie sprzeda\u017cy upomink\u00f3w, &#8230; <a title=\"Departament Turystyki Zarz\u0105du Kultury i Turystyki Regionu Augszdaugawskiego\" class=\"read-more\" href=\"https:\/\/www.visitdaugavpils.lv\/pl\/pasvaldibas-agentura-taka\/\">&gt;&gt;<\/a><\/p>\n","protected":false},"author":1,"featured_media":0,"parent":0,"menu_order":0,"comment_status":"closed","ping_status":"closed","template":"","meta":{"footnotes":""},"yoast_head":"<!-- This site is optimized with the Yoast SEO plugin v22.0 - https:\/\/yoast.com\/wordpress\/plugins\/seo\/ -->\n<title>Departament Turystyki Zarz\u0105du Kultury i Turystyki Regionu Augszdaugawskiego - VISITDAUGAVPILS<\/title>\n<meta name=\"robots\" content=\"index, follow, max-snippet:-1, max-image-preview:large, max-video-preview:-1\" \/>\n<link rel=\"canonical\" href=\"https:\/\/www.visitdaugavpils.lv\/pl\/pasvaldibas-agentura-taka\/\" \/>\n<meta property=\"og:locale\" content=\"pl_PL\" \/>\n<meta property=\"og:type\" content=\"article\" \/>\n<meta property=\"og:title\" content=\"Departament Turystyki Zarz\u0105du Kultury i Turystyki Regionu Augszdaugawskiego - VISITDAUGAVPILS\" \/>\n<meta property=\"og:description\" content=\"Zadaniem Departamenta Turystyki Zarz\u0105du Kultury i Turystyki Regionu Augszdaugawskiego jest promowanie rozwoju turystyki, wypracowanie planu rozwoju turystyki, tworzenie nowych produkt\u00f3w turystycznych, gromadzenie i systematyzowanie danych o obiektach turystycznych, sportowych i kulturowych, stworzenie i uzupe\u0142nianie bazy danych z informacjami o \u015bwiadczycielach us\u0142ug turystycznych, popularyzowanie obiekt\u00f3w turystycznych, sportowych i kulturowych Powiatu Augsdaugavskogo, organizowanie imprez, prowadzenie sprzeda\u017cy upomink\u00f3w, ... &gt;&gt;\" \/>\n<meta property=\"og:url\" content=\"https:\/\/www.visitdaugavpils.lv\/pl\/pasvaldibas-agentura-taka\/\" \/>\n<meta property=\"og:site_name\" content=\"VISITDAUGAVPILS\" \/>\n<meta property=\"article:modified_time\" content=\"2026-01-21T06:49:30+00:00\" \/>\n<meta name=\"twitter:card\" content=\"summary_large_image\" \/>\n<meta name=\"twitter:label1\" content=\"Szacowany czas czytania\" \/>\n\t<meta name=\"twitter:data1\" content=\"1 minuta\" \/>\n<script type=\"application\/ld+json\" class=\"yoast-schema-graph\">{\"@context\":\"https:\/\/schema.org\",\"@graph\":[{\"@type\":\"WebPage\",\"@id\":\"https:\/\/www.visitdaugavpils.lv\/pl\/pasvaldibas-agentura-taka\/\",\"url\":\"https:\/\/www.visitdaugavpils.lv\/pl\/pasvaldibas-agentura-taka\/\",\"name\":\"Departament Turystyki Zarz\u0105du Kultury i Turystyki Regionu Augszdaugawskiego - VISITDAUGAVPILS\",\"isPartOf\":{\"@id\":\"https:\/\/www.visitdaugavpils.lv\/ru\/#website\"},\"datePublished\":\"2017-06-28T10:45:06+00:00\",\"dateModified\":\"2026-01-21T06:49:30+00:00\",\"breadcrumb\":{\"@id\":\"https:\/\/www.visitdaugavpils.lv\/pl\/pasvaldibas-agentura-taka\/#breadcrumb\"},\"inLanguage\":\"pl-PL\",\"potentialAction\":[{\"@type\":\"ReadAction\",\"target\":[\"https:\/\/www.visitdaugavpils.lv\/pl\/pasvaldibas-agentura-taka\/\"]}]},{\"@type\":\"BreadcrumbList\",\"@id\":\"https:\/\/www.visitdaugavpils.lv\/pl\/pasvaldibas-agentura-taka\/#breadcrumb\",\"itemListElement\":[{\"@type\":\"ListItem\",\"position\":1,\"name\":\"Home\",\"item\":\"https:\/\/www.visitdaugavpils.lv\/pl\/\"},{\"@type\":\"ListItem\",\"position\":2,\"name\":\"Departament Turystyki Zarz\u0105du Kultury i Turystyki Regionu Augszdaugawskiego\"}]},{\"@type\":\"WebSite\",\"@id\":\"https:\/\/www.visitdaugavpils.lv\/ru\/#website\",\"url\":\"https:\/\/www.visitdaugavpils.lv\/ru\/\",\"name\":\"VISITDAUGAVPILS\",\"description\":\"Daugavpils T\u016brisma Inform\u0101cijas Centrs\",\"publisher\":{\"@id\":\"https:\/\/www.visitdaugavpils.lv\/ru\/#organization\"},\"potentialAction\":[{\"@type\":\"SearchAction\",\"target\":{\"@type\":\"EntryPoint\",\"urlTemplate\":\"https:\/\/www.visitdaugavpils.lv\/ru\/?s={search_term_string}\"},\"query-input\":\"required name=search_term_string\"}],\"inLanguage\":\"pl-PL\"},{\"@type\":\"Organization\",\"@id\":\"https:\/\/www.visitdaugavpils.lv\/ru\/#organization\",\"name\":\"VISITDAUGAVPILS\",\"url\":\"https:\/\/www.visitdaugavpils.lv\/ru\/\",\"logo\":{\"@type\":\"ImageObject\",\"inLanguage\":\"pl-PL\",\"@id\":\"https:\/\/www.visitdaugavpils.lv\/ru\/#\/schema\/logo\/image\/\",\"url\":\"https:\/\/www.visitdaugavpils.lv\/wp-content\/uploads\/2017\/11\/VD_LOGO11_14_11.png\",\"contentUrl\":\"https:\/\/www.visitdaugavpils.lv\/wp-content\/uploads\/2017\/11\/VD_LOGO11_14_11.png\",\"width\":350,\"height\":100,\"caption\":\"VISITDAUGAVPILS\"},\"image\":{\"@id\":\"https:\/\/www.visitdaugavpils.lv\/ru\/#\/schema\/logo\/image\/\"}}]}<\/script>\n<!-- \/ Yoast SEO plugin. -->","yoast_head_json":{"title":"Departament Turystyki Zarz\u0105du Kultury i Turystyki Regionu Augszdaugawskiego - VISITDAUGAVPILS","robots":{"index":"index","follow":"follow","max-snippet":"max-snippet:-1","max-image-preview":"max-image-preview:large","max-video-preview":"max-video-preview:-1"},"canonical":"https:\/\/www.visitdaugavpils.lv\/pl\/pasvaldibas-agentura-taka\/","og_locale":"pl_PL","og_type":"article","og_title":"Departament Turystyki Zarz\u0105du Kultury i Turystyki Regionu Augszdaugawskiego - VISITDAUGAVPILS","og_description":"Zadaniem Departamenta Turystyki Zarz\u0105du Kultury i Turystyki Regionu Augszdaugawskiego jest promowanie rozwoju turystyki, wypracowanie planu rozwoju turystyki, tworzenie nowych produkt\u00f3w turystycznych, gromadzenie i systematyzowanie danych o obiektach turystycznych, sportowych i kulturowych, stworzenie i uzupe\u0142nianie bazy danych z informacjami o \u015bwiadczycielach us\u0142ug turystycznych, popularyzowanie obiekt\u00f3w turystycznych, sportowych i kulturowych Powiatu Augsdaugavskogo, organizowanie imprez, prowadzenie sprzeda\u017cy upomink\u00f3w, ... &gt;&gt;","og_url":"https:\/\/www.visitdaugavpils.lv\/pl\/pasvaldibas-agentura-taka\/","og_site_name":"VISITDAUGAVPILS","article_modified_time":"2026-01-21T06:49:30+00:00","twitter_card":"summary_large_image","twitter_misc":{"Szacowany czas czytania":"1 minuta"},"schema":{"@context":"https:\/\/schema.org","@graph":[{"@type":"WebPage","@id":"https:\/\/www.visitdaugavpils.lv\/pl\/pasvaldibas-agentura-taka\/","url":"https:\/\/www.visitdaugavpils.lv\/pl\/pasvaldibas-agentura-taka\/","name":"Departament Turystyki Zarz\u0105du Kultury i Turystyki Regionu Augszdaugawskiego - VISITDAUGAVPILS","isPartOf":{"@id":"https:\/\/www.visitdaugavpils.lv\/ru\/#website"},"datePublished":"2017-06-28T10:45:06+00:00","dateModified":"2026-01-21T06:49:30+00:00","breadcrumb":{"@id":"https:\/\/www.visitdaugavpils.lv\/pl\/pasvaldibas-agentura-taka\/#breadcrumb"},"inLanguage":"pl-PL","potentialAction":[{"@type":"ReadAction","target":["https:\/\/www.visitdaugavpils.lv\/pl\/pasvaldibas-agentura-taka\/"]}]},{"@type":"BreadcrumbList","@id":"https:\/\/www.visitdaugavpils.lv\/pl\/pasvaldibas-agentura-taka\/#breadcrumb","itemListElement":[{"@type":"ListItem","position":1,"name":"Home","item":"https:\/\/www.visitdaugavpils.lv\/pl\/"},{"@type":"ListItem","position":2,"name":"Departament Turystyki Zarz\u0105du Kultury i Turystyki Regionu Augszdaugawskiego"}]},{"@type":"WebSite","@id":"https:\/\/www.visitdaugavpils.lv\/ru\/#website","url":"https:\/\/www.visitdaugavpils.lv\/ru\/","name":"VISITDAUGAVPILS","description":"Daugavpils T\u016brisma Inform\u0101cijas Centrs","publisher":{"@id":"https:\/\/www.visitdaugavpils.lv\/ru\/#organization"},"potentialAction":[{"@type":"SearchAction","target":{"@type":"EntryPoint","urlTemplate":"https:\/\/www.visitdaugavpils.lv\/ru\/?s={search_term_string}"},"query-input":"required name=search_term_string"}],"inLanguage":"pl-PL"},{"@type":"Organization","@id":"https:\/\/www.visitdaugavpils.lv\/ru\/#organization","name":"VISITDAUGAVPILS","url":"https:\/\/www.visitdaugavpils.lv\/ru\/","logo":{"@type":"ImageObject","inLanguage":"pl-PL","@id":"https:\/\/www.visitdaugavpils.lv\/ru\/#\/schema\/logo\/image\/","url":"https:\/\/www.visitdaugavpils.lv\/wp-content\/uploads\/2017\/11\/VD_LOGO11_14_11.png","contentUrl":"https:\/\/www.visitdaugavpils.lv\/wp-content\/uploads\/2017\/11\/VD_LOGO11_14_11.png","width":350,"height":100,"caption":"VISITDAUGAVPILS"},"image":{"@id":"https:\/\/www.visitdaugavpils.lv\/ru\/#\/schema\/logo\/image\/"}}]}},"_links":{"self":[{"href":"https:\/\/www.visitdaugavpils.lv\/pl\/wp-json\/wp\/v2\/pages\/75447"}],"collection":[{"href":"https:\/\/www.visitdaugavpils.lv\/pl\/wp-json\/wp\/v2\/pages"}],"about":[{"href":"https:\/\/www.visitdaugavpils.lv\/pl\/wp-json\/wp\/v2\/types\/page"}],"author":[{"embeddable":true,"href":"https:\/\/www.visitdaugavpils.lv\/pl\/wp-json\/wp\/v2\/users\/1"}],"replies":[{"embeddable":true,"href":"https:\/\/www.visitdaugavpils.lv\/pl\/wp-json\/wp\/v2\/comments?post=75447"}],"version-history":[{"count":4,"href":"https:\/\/www.visitdaugavpils.lv\/pl\/wp-json\/wp\/v2\/pages\/75447\/revisions"}],"predecessor-version":[{"id":278849,"href":"https:\/\/www.visitdaugavpils.lv\/pl\/wp-json\/wp\/v2\/pages\/75447\/revisions\/278849"}],"wp:attachment":[{"href":"https:\/\/www.visitdaugavpils.lv\/pl\/wp-json\/wp\/v2\/media?parent=75447"}],"curies":[{"name":"wp","href":"https:\/\/api.w.org\/{rel}","templated":true}]}}