{"id":83170,"date":"2017-06-28T13:34:14","date_gmt":"2017-06-28T10:34:14","guid":{"rendered":"https:\/\/www.visitdaugavpils.lv\/par-daugavpils-novadu\/"},"modified":"2022-10-08T11:38:24","modified_gmt":"2022-10-08T08:38:24","slug":"par-daugavpils-novadu","status":"publish","type":"page","link":"https:\/\/www.visitdaugavpils.lv\/lt\/par-daugavpils-novadu\/","title":{"rendered":"Apie Aug\u0161dauguvos kra\u0161t\u0105"},"content":{"rendered":"<p>Aug\u0161dauguvos kra\u0161tas yra vieta, kur Latgala susitinka su S\u0117lija, i\u0161sid\u0117st\u0119s Ryt\u0173 Latvijoje, j\u012f sudaro 19 vals\u010di\u0173 teritorijos. Kra\u0161t\u0105 vagoja Latvijos up\u0117 motin\u0117l\u0117 Dauguva. Kaip vingiuota juosta ji atkarpoje nuo Kraslavos iki Kraujos daro kilpas, o \u017eemiau Daugpilio palei Lyksn\u0105 ir Nycgal\u0119 teka tiesiai ir ramiai \u012f Baltijos j\u016br\u0105, padalydama kra\u0161t\u0105 \u012f dvi dalis, kurios istoriniu, politiniu ir etnografiniu po\u017ei\u016briu b\u0117gant am\u017eiams formavosi skirtingai. Kairiajame krante yra Aug\u0161zem\u0117 arba s\u0117li\u0173 \u017eem\u0117, o de\u0161iniajame \u2013 Latgala. Aug\u0161dauguvos kra\u0161to esmin\u0117s vertyb\u0117s yra nuo\u0161ird\u016bs ir svetingi \u017emon\u0117s, gausus kult\u016brinis istorinis paveldas ir nepamir\u0161tamas gamtovaizdis, kuris kvie\u010dia kiekvien\u0105 leistis \u012f smagi\u0105 kelion\u0119. B\u016bkite pasveikinti Aug\u0161dauguvos kra\u0161te!<\/p>\n","protected":false},"excerpt":{"rendered":"<p>Aug\u0161dauguvos kra\u0161tas yra vieta, kur Latgala susitinka su S\u0117lija, i\u0161sid\u0117st\u0119s Ryt\u0173 Latvijoje, j\u012f sudaro 19 vals\u010di\u0173 teritorijos. Kra\u0161t\u0105 vagoja Latvijos up\u0117 motin\u0117l\u0117 Dauguva. Kaip vingiuota juosta ji atkarpoje nuo Kraslavos iki Kraujos daro kilpas, o \u017eemiau Daugpilio palei Lyksn\u0105 ir Nycgal\u0119 teka tiesiai ir ramiai \u012f Baltijos j\u016br\u0105, padalydama kra\u0161t\u0105 \u012f dvi dalis, kurios istoriniu, &#8230; <a title=\"Apie Aug\u0161dauguvos kra\u0161t\u0105\" class=\"read-more\" href=\"https:\/\/www.visitdaugavpils.lv\/lt\/par-daugavpils-novadu\/\">&gt;&gt;<\/a><\/p>\n","protected":false},"author":1,"featured_media":0,"parent":0,"menu_order":0,"comment_status":"closed","ping_status":"closed","template":"","meta":{"footnotes":""},"yoast_head":"<!-- This site is optimized with the Yoast SEO plugin v22.0 - https:\/\/yoast.com\/wordpress\/plugins\/seo\/ -->\n<title>Apie Aug\u0161dauguvos kra\u0161t\u0105 - VISITDAUGAVPILS<\/title>\n<meta name=\"robots\" content=\"index, follow, max-snippet:-1, max-image-preview:large, max-video-preview:-1\" \/>\n<link rel=\"canonical\" href=\"https:\/\/www.visitdaugavpils.lv\/lt\/par-daugavpils-novadu\/\" \/>\n<meta property=\"og:locale\" content=\"lt_LT\" \/>\n<meta property=\"og:type\" content=\"article\" \/>\n<meta property=\"og:title\" content=\"Apie Aug\u0161dauguvos kra\u0161t\u0105 - VISITDAUGAVPILS\" \/>\n<meta property=\"og:description\" content=\"Aug\u0161dauguvos kra\u0161tas yra vieta, kur Latgala susitinka su S\u0117lija, i\u0161sid\u0117st\u0119s Ryt\u0173 Latvijoje, j\u012f sudaro 19 vals\u010di\u0173 teritorijos. Kra\u0161t\u0105 vagoja Latvijos up\u0117 motin\u0117l\u0117 Dauguva. Kaip vingiuota juosta ji atkarpoje nuo Kraslavos iki Kraujos daro kilpas, o \u017eemiau Daugpilio palei Lyksn\u0105 ir Nycgal\u0119 teka tiesiai ir ramiai \u012f Baltijos j\u016br\u0105, padalydama kra\u0161t\u0105 \u012f dvi dalis, kurios istoriniu, ... &gt;&gt;\" \/>\n<meta property=\"og:url\" content=\"https:\/\/www.visitdaugavpils.lv\/lt\/par-daugavpils-novadu\/\" \/>\n<meta property=\"og:site_name\" content=\"VISITDAUGAVPILS\" \/>\n<meta property=\"article:modified_time\" content=\"2022-10-08T08:38:24+00:00\" \/>\n<meta name=\"twitter:card\" content=\"summary_large_image\" \/>\n<meta name=\"twitter:label1\" content=\"Est. reading time\" \/>\n\t<meta name=\"twitter:data1\" content=\"1 minut\u0117\" \/>\n<script type=\"application\/ld+json\" class=\"yoast-schema-graph\">{\"@context\":\"https:\/\/schema.org\",\"@graph\":[{\"@type\":\"WebPage\",\"@id\":\"https:\/\/www.visitdaugavpils.lv\/lt\/par-daugavpils-novadu\/\",\"url\":\"https:\/\/www.visitdaugavpils.lv\/lt\/par-daugavpils-novadu\/\",\"name\":\"Apie Aug\u0161dauguvos kra\u0161t\u0105 - VISITDAUGAVPILS\",\"isPartOf\":{\"@id\":\"https:\/\/www.visitdaugavpils.lv\/ru\/#website\"},\"datePublished\":\"2017-06-28T10:34:14+00:00\",\"dateModified\":\"2022-10-08T08:38:24+00:00\",\"breadcrumb\":{\"@id\":\"https:\/\/www.visitdaugavpils.lv\/lt\/par-daugavpils-novadu\/#breadcrumb\"},\"inLanguage\":\"lt-LT\",\"potentialAction\":[{\"@type\":\"ReadAction\",\"target\":[\"https:\/\/www.visitdaugavpils.lv\/lt\/par-daugavpils-novadu\/\"]}]},{\"@type\":\"BreadcrumbList\",\"@id\":\"https:\/\/www.visitdaugavpils.lv\/lt\/par-daugavpils-novadu\/#breadcrumb\",\"itemListElement\":[{\"@type\":\"ListItem\",\"position\":1,\"name\":\"Home\",\"item\":\"https:\/\/www.visitdaugavpils.lv\/lt\/\"},{\"@type\":\"ListItem\",\"position\":2,\"name\":\"Apie Aug\u0161dauguvos kra\u0161t\u0105\"}]},{\"@type\":\"WebSite\",\"@id\":\"https:\/\/www.visitdaugavpils.lv\/ru\/#website\",\"url\":\"https:\/\/www.visitdaugavpils.lv\/ru\/\",\"name\":\"VISITDAUGAVPILS\",\"description\":\"Daugavpils T\u016brisma Inform\u0101cijas Centrs\",\"publisher\":{\"@id\":\"https:\/\/www.visitdaugavpils.lv\/ru\/#organization\"},\"potentialAction\":[{\"@type\":\"SearchAction\",\"target\":{\"@type\":\"EntryPoint\",\"urlTemplate\":\"https:\/\/www.visitdaugavpils.lv\/ru\/?s={search_term_string}\"},\"query-input\":\"required name=search_term_string\"}],\"inLanguage\":\"lt-LT\"},{\"@type\":\"Organization\",\"@id\":\"https:\/\/www.visitdaugavpils.lv\/ru\/#organization\",\"name\":\"VISITDAUGAVPILS\",\"url\":\"https:\/\/www.visitdaugavpils.lv\/ru\/\",\"logo\":{\"@type\":\"ImageObject\",\"inLanguage\":\"lt-LT\",\"@id\":\"https:\/\/www.visitdaugavpils.lv\/ru\/#\/schema\/logo\/image\/\",\"url\":\"https:\/\/www.visitdaugavpils.lv\/wp-content\/uploads\/2017\/11\/VD_LOGO11_14_11.png\",\"contentUrl\":\"https:\/\/www.visitdaugavpils.lv\/wp-content\/uploads\/2017\/11\/VD_LOGO11_14_11.png\",\"width\":350,\"height\":100,\"caption\":\"VISITDAUGAVPILS\"},\"image\":{\"@id\":\"https:\/\/www.visitdaugavpils.lv\/ru\/#\/schema\/logo\/image\/\"}}]}<\/script>\n<!-- \/ Yoast SEO plugin. -->","yoast_head_json":{"title":"Apie Aug\u0161dauguvos kra\u0161t\u0105 - VISITDAUGAVPILS","robots":{"index":"index","follow":"follow","max-snippet":"max-snippet:-1","max-image-preview":"max-image-preview:large","max-video-preview":"max-video-preview:-1"},"canonical":"https:\/\/www.visitdaugavpils.lv\/lt\/par-daugavpils-novadu\/","og_locale":"lt_LT","og_type":"article","og_title":"Apie Aug\u0161dauguvos kra\u0161t\u0105 - VISITDAUGAVPILS","og_description":"Aug\u0161dauguvos kra\u0161tas yra vieta, kur Latgala susitinka su S\u0117lija, i\u0161sid\u0117st\u0119s Ryt\u0173 Latvijoje, j\u012f sudaro 19 vals\u010di\u0173 teritorijos. Kra\u0161t\u0105 vagoja Latvijos up\u0117 motin\u0117l\u0117 Dauguva. Kaip vingiuota juosta ji atkarpoje nuo Kraslavos iki Kraujos daro kilpas, o \u017eemiau Daugpilio palei Lyksn\u0105 ir Nycgal\u0119 teka tiesiai ir ramiai \u012f Baltijos j\u016br\u0105, padalydama kra\u0161t\u0105 \u012f dvi dalis, kurios istoriniu, ... &gt;&gt;","og_url":"https:\/\/www.visitdaugavpils.lv\/lt\/par-daugavpils-novadu\/","og_site_name":"VISITDAUGAVPILS","article_modified_time":"2022-10-08T08:38:24+00:00","twitter_card":"summary_large_image","twitter_misc":{"Est. reading time":"1 minut\u0117"},"schema":{"@context":"https:\/\/schema.org","@graph":[{"@type":"WebPage","@id":"https:\/\/www.visitdaugavpils.lv\/lt\/par-daugavpils-novadu\/","url":"https:\/\/www.visitdaugavpils.lv\/lt\/par-daugavpils-novadu\/","name":"Apie Aug\u0161dauguvos kra\u0161t\u0105 - VISITDAUGAVPILS","isPartOf":{"@id":"https:\/\/www.visitdaugavpils.lv\/ru\/#website"},"datePublished":"2017-06-28T10:34:14+00:00","dateModified":"2022-10-08T08:38:24+00:00","breadcrumb":{"@id":"https:\/\/www.visitdaugavpils.lv\/lt\/par-daugavpils-novadu\/#breadcrumb"},"inLanguage":"lt-LT","potentialAction":[{"@type":"ReadAction","target":["https:\/\/www.visitdaugavpils.lv\/lt\/par-daugavpils-novadu\/"]}]},{"@type":"BreadcrumbList","@id":"https:\/\/www.visitdaugavpils.lv\/lt\/par-daugavpils-novadu\/#breadcrumb","itemListElement":[{"@type":"ListItem","position":1,"name":"Home","item":"https:\/\/www.visitdaugavpils.lv\/lt\/"},{"@type":"ListItem","position":2,"name":"Apie Aug\u0161dauguvos kra\u0161t\u0105"}]},{"@type":"WebSite","@id":"https:\/\/www.visitdaugavpils.lv\/ru\/#website","url":"https:\/\/www.visitdaugavpils.lv\/ru\/","name":"VISITDAUGAVPILS","description":"Daugavpils T\u016brisma Inform\u0101cijas Centrs","publisher":{"@id":"https:\/\/www.visitdaugavpils.lv\/ru\/#organization"},"potentialAction":[{"@type":"SearchAction","target":{"@type":"EntryPoint","urlTemplate":"https:\/\/www.visitdaugavpils.lv\/ru\/?s={search_term_string}"},"query-input":"required name=search_term_string"}],"inLanguage":"lt-LT"},{"@type":"Organization","@id":"https:\/\/www.visitdaugavpils.lv\/ru\/#organization","name":"VISITDAUGAVPILS","url":"https:\/\/www.visitdaugavpils.lv\/ru\/","logo":{"@type":"ImageObject","inLanguage":"lt-LT","@id":"https:\/\/www.visitdaugavpils.lv\/ru\/#\/schema\/logo\/image\/","url":"https:\/\/www.visitdaugavpils.lv\/wp-content\/uploads\/2017\/11\/VD_LOGO11_14_11.png","contentUrl":"https:\/\/www.visitdaugavpils.lv\/wp-content\/uploads\/2017\/11\/VD_LOGO11_14_11.png","width":350,"height":100,"caption":"VISITDAUGAVPILS"},"image":{"@id":"https:\/\/www.visitdaugavpils.lv\/ru\/#\/schema\/logo\/image\/"}}]}},"_links":{"self":[{"href":"https:\/\/www.visitdaugavpils.lv\/lt\/wp-json\/wp\/v2\/pages\/83170"}],"collection":[{"href":"https:\/\/www.visitdaugavpils.lv\/lt\/wp-json\/wp\/v2\/pages"}],"about":[{"href":"https:\/\/www.visitdaugavpils.lv\/lt\/wp-json\/wp\/v2\/types\/page"}],"author":[{"embeddable":true,"href":"https:\/\/www.visitdaugavpils.lv\/lt\/wp-json\/wp\/v2\/users\/1"}],"replies":[{"embeddable":true,"href":"https:\/\/www.visitdaugavpils.lv\/lt\/wp-json\/wp\/v2\/comments?post=83170"}],"version-history":[{"count":1,"href":"https:\/\/www.visitdaugavpils.lv\/lt\/wp-json\/wp\/v2\/pages\/83170\/revisions"}],"predecessor-version":[{"id":180962,"href":"https:\/\/www.visitdaugavpils.lv\/lt\/wp-json\/wp\/v2\/pages\/83170\/revisions\/180962"}],"wp:attachment":[{"href":"https:\/\/www.visitdaugavpils.lv\/lt\/wp-json\/wp\/v2\/media?parent=83170"}],"curies":[{"name":"wp","href":"https:\/\/api.w.org\/{rel}","templated":true}]}}