{"id":83163,"date":"2017-06-28T13:58:18","date_gmt":"2017-06-28T10:58:18","guid":{"rendered":"https:\/\/www.visitdaugavpils.lv\/pasvaldibas-agentura-taka\/ekskursijas\/"},"modified":"2025-02-25T11:56:08","modified_gmt":"2025-02-25T09:56:08","slug":"ekskursijas","status":"publish","type":"page","link":"https:\/\/www.visitdaugavpils.lv\/lt\/augsdaugavos-krasto-kulturos-ir-turizmo-valdybos-turizmo-skyrius\/ekskursijas\/","title":{"rendered":"Ekskursijos"},"content":{"rendered":"<p>Aug\u0161daugavos kra\u0161to Kult\u016bros ir turizmo valdybos Turizmo skyrius organizuoja ekskursijas Aug\u0161daugavos kra\u0161te. Galima rinktis tiek i\u0161 anksto sudarytus ekskursij\u0173 mar\u0161rutus, tiek suplanuoti bet kok\u012f kit\u0105 mar\u0161rut\u0105 pagal klient\u0173 pageidavimus.<\/p>\n<p><strong>Susisiekite su mumis:<\/strong><br \/>\ntel.: (+371) 654 76748; 29431360<br \/>\nel. pa\u0161tu turisms@augsdaugavasnovads.lv<\/p>\n","protected":false},"excerpt":{"rendered":"<p>Aug\u0161daugavos kra\u0161to Kult\u016bros ir turizmo valdybos Turizmo skyrius organizuoja ekskursijas Aug\u0161daugavos kra\u0161te. Galima rinktis tiek i\u0161 anksto sudarytus ekskursij\u0173 mar\u0161rutus, tiek suplanuoti bet kok\u012f kit\u0105 mar\u0161rut\u0105 pagal klient\u0173 pageidavimus. Susisiekite su mumis: tel.: (+371) 654 76748; 29431360 el. pa\u0161tu turisms@augsdaugavasnovads.lv<\/p>\n","protected":false},"author":1,"featured_media":0,"parent":83138,"menu_order":0,"comment_status":"closed","ping_status":"closed","template":"","meta":{"footnotes":""},"yoast_head":"<!-- This site is optimized with the Yoast SEO plugin v22.0 - https:\/\/yoast.com\/wordpress\/plugins\/seo\/ -->\n<title>Ekskursijos - VISITDAUGAVPILS<\/title>\n<meta name=\"robots\" content=\"index, follow, max-snippet:-1, max-image-preview:large, max-video-preview:-1\" \/>\n<link rel=\"canonical\" href=\"https:\/\/www.visitdaugavpils.lv\/lt\/augsdaugavos-krasto-kulturos-ir-turizmo-valdybos-turizmo-skyrius\/ekskursijas\/\" \/>\n<meta property=\"og:locale\" content=\"lt_LT\" \/>\n<meta property=\"og:type\" content=\"article\" \/>\n<meta property=\"og:title\" content=\"Ekskursijos - VISITDAUGAVPILS\" \/>\n<meta property=\"og:description\" content=\"Aug\u0161daugavos kra\u0161to Kult\u016bros ir turizmo valdybos Turizmo skyrius organizuoja ekskursijas Aug\u0161daugavos kra\u0161te. Galima rinktis tiek i\u0161 anksto sudarytus ekskursij\u0173 mar\u0161rutus, tiek suplanuoti bet kok\u012f kit\u0105 mar\u0161rut\u0105 pagal klient\u0173 pageidavimus. Susisiekite su mumis: tel.: (+371) 654 76748; 29431360 el. pa\u0161tu turisms@augsdaugavasnovads.lv\" \/>\n<meta property=\"og:url\" content=\"https:\/\/www.visitdaugavpils.lv\/lt\/augsdaugavos-krasto-kulturos-ir-turizmo-valdybos-turizmo-skyrius\/ekskursijas\/\" \/>\n<meta property=\"og:site_name\" content=\"VISITDAUGAVPILS\" \/>\n<meta property=\"article:modified_time\" content=\"2025-02-25T09:56:08+00:00\" \/>\n<meta name=\"twitter:card\" content=\"summary_large_image\" \/>\n<meta name=\"twitter:label1\" content=\"Est. reading time\" \/>\n\t<meta name=\"twitter:data1\" content=\"1 minut\u0117\" \/>\n<script type=\"application\/ld+json\" class=\"yoast-schema-graph\">{\"@context\":\"https:\/\/schema.org\",\"@graph\":[{\"@type\":\"WebPage\",\"@id\":\"https:\/\/www.visitdaugavpils.lv\/lt\/augsdaugavos-krasto-kulturos-ir-turizmo-valdybos-turizmo-skyrius\/ekskursijas\/\",\"url\":\"https:\/\/www.visitdaugavpils.lv\/lt\/augsdaugavos-krasto-kulturos-ir-turizmo-valdybos-turizmo-skyrius\/ekskursijas\/\",\"name\":\"Ekskursijos - VISITDAUGAVPILS\",\"isPartOf\":{\"@id\":\"https:\/\/www.visitdaugavpils.lv\/ru\/#website\"},\"datePublished\":\"2017-06-28T10:58:18+00:00\",\"dateModified\":\"2025-02-25T09:56:08+00:00\",\"breadcrumb\":{\"@id\":\"https:\/\/www.visitdaugavpils.lv\/lt\/augsdaugavos-krasto-kulturos-ir-turizmo-valdybos-turizmo-skyrius\/ekskursijas\/#breadcrumb\"},\"inLanguage\":\"lt-LT\",\"potentialAction\":[{\"@type\":\"ReadAction\",\"target\":[\"https:\/\/www.visitdaugavpils.lv\/lt\/augsdaugavos-krasto-kulturos-ir-turizmo-valdybos-turizmo-skyrius\/ekskursijas\/\"]}]},{\"@type\":\"BreadcrumbList\",\"@id\":\"https:\/\/www.visitdaugavpils.lv\/lt\/augsdaugavos-krasto-kulturos-ir-turizmo-valdybos-turizmo-skyrius\/ekskursijas\/#breadcrumb\",\"itemListElement\":[{\"@type\":\"ListItem\",\"position\":1,\"name\":\"Home\",\"item\":\"https:\/\/www.visitdaugavpils.lv\/lt\/\"},{\"@type\":\"ListItem\",\"position\":2,\"name\":\"Aug\u0161daugavos kra\u0161to Kult\u016bros ir turizmo valdybos Turizmo skyrius\",\"item\":\"https:\/\/www.visitdaugavpils.lv\/lt\/augsdaugavos-krasto-kulturos-ir-turizmo-valdybos-turizmo-skyrius\/\"},{\"@type\":\"ListItem\",\"position\":3,\"name\":\"Ekskursijos\"}]},{\"@type\":\"WebSite\",\"@id\":\"https:\/\/www.visitdaugavpils.lv\/ru\/#website\",\"url\":\"https:\/\/www.visitdaugavpils.lv\/ru\/\",\"name\":\"VISITDAUGAVPILS\",\"description\":\"Daugavpils T\u016brisma Inform\u0101cijas Centrs\",\"publisher\":{\"@id\":\"https:\/\/www.visitdaugavpils.lv\/ru\/#organization\"},\"potentialAction\":[{\"@type\":\"SearchAction\",\"target\":{\"@type\":\"EntryPoint\",\"urlTemplate\":\"https:\/\/www.visitdaugavpils.lv\/ru\/?s={search_term_string}\"},\"query-input\":\"required name=search_term_string\"}],\"inLanguage\":\"lt-LT\"},{\"@type\":\"Organization\",\"@id\":\"https:\/\/www.visitdaugavpils.lv\/ru\/#organization\",\"name\":\"VISITDAUGAVPILS\",\"url\":\"https:\/\/www.visitdaugavpils.lv\/ru\/\",\"logo\":{\"@type\":\"ImageObject\",\"inLanguage\":\"lt-LT\",\"@id\":\"https:\/\/www.visitdaugavpils.lv\/ru\/#\/schema\/logo\/image\/\",\"url\":\"https:\/\/www.visitdaugavpils.lv\/wp-content\/uploads\/2017\/11\/VD_LOGO11_14_11.png\",\"contentUrl\":\"https:\/\/www.visitdaugavpils.lv\/wp-content\/uploads\/2017\/11\/VD_LOGO11_14_11.png\",\"width\":350,\"height\":100,\"caption\":\"VISITDAUGAVPILS\"},\"image\":{\"@id\":\"https:\/\/www.visitdaugavpils.lv\/ru\/#\/schema\/logo\/image\/\"}}]}<\/script>\n<!-- \/ Yoast SEO plugin. -->","yoast_head_json":{"title":"Ekskursijos - VISITDAUGAVPILS","robots":{"index":"index","follow":"follow","max-snippet":"max-snippet:-1","max-image-preview":"max-image-preview:large","max-video-preview":"max-video-preview:-1"},"canonical":"https:\/\/www.visitdaugavpils.lv\/lt\/augsdaugavos-krasto-kulturos-ir-turizmo-valdybos-turizmo-skyrius\/ekskursijas\/","og_locale":"lt_LT","og_type":"article","og_title":"Ekskursijos - VISITDAUGAVPILS","og_description":"Aug\u0161daugavos kra\u0161to Kult\u016bros ir turizmo valdybos Turizmo skyrius organizuoja ekskursijas Aug\u0161daugavos kra\u0161te. Galima rinktis tiek i\u0161 anksto sudarytus ekskursij\u0173 mar\u0161rutus, tiek suplanuoti bet kok\u012f kit\u0105 mar\u0161rut\u0105 pagal klient\u0173 pageidavimus. Susisiekite su mumis: tel.: (+371) 654 76748; 29431360 el. pa\u0161tu turisms@augsdaugavasnovads.lv","og_url":"https:\/\/www.visitdaugavpils.lv\/lt\/augsdaugavos-krasto-kulturos-ir-turizmo-valdybos-turizmo-skyrius\/ekskursijas\/","og_site_name":"VISITDAUGAVPILS","article_modified_time":"2025-02-25T09:56:08+00:00","twitter_card":"summary_large_image","twitter_misc":{"Est. reading time":"1 minut\u0117"},"schema":{"@context":"https:\/\/schema.org","@graph":[{"@type":"WebPage","@id":"https:\/\/www.visitdaugavpils.lv\/lt\/augsdaugavos-krasto-kulturos-ir-turizmo-valdybos-turizmo-skyrius\/ekskursijas\/","url":"https:\/\/www.visitdaugavpils.lv\/lt\/augsdaugavos-krasto-kulturos-ir-turizmo-valdybos-turizmo-skyrius\/ekskursijas\/","name":"Ekskursijos - VISITDAUGAVPILS","isPartOf":{"@id":"https:\/\/www.visitdaugavpils.lv\/ru\/#website"},"datePublished":"2017-06-28T10:58:18+00:00","dateModified":"2025-02-25T09:56:08+00:00","breadcrumb":{"@id":"https:\/\/www.visitdaugavpils.lv\/lt\/augsdaugavos-krasto-kulturos-ir-turizmo-valdybos-turizmo-skyrius\/ekskursijas\/#breadcrumb"},"inLanguage":"lt-LT","potentialAction":[{"@type":"ReadAction","target":["https:\/\/www.visitdaugavpils.lv\/lt\/augsdaugavos-krasto-kulturos-ir-turizmo-valdybos-turizmo-skyrius\/ekskursijas\/"]}]},{"@type":"BreadcrumbList","@id":"https:\/\/www.visitdaugavpils.lv\/lt\/augsdaugavos-krasto-kulturos-ir-turizmo-valdybos-turizmo-skyrius\/ekskursijas\/#breadcrumb","itemListElement":[{"@type":"ListItem","position":1,"name":"Home","item":"https:\/\/www.visitdaugavpils.lv\/lt\/"},{"@type":"ListItem","position":2,"name":"Aug\u0161daugavos kra\u0161to Kult\u016bros ir turizmo valdybos Turizmo skyrius","item":"https:\/\/www.visitdaugavpils.lv\/lt\/augsdaugavos-krasto-kulturos-ir-turizmo-valdybos-turizmo-skyrius\/"},{"@type":"ListItem","position":3,"name":"Ekskursijos"}]},{"@type":"WebSite","@id":"https:\/\/www.visitdaugavpils.lv\/ru\/#website","url":"https:\/\/www.visitdaugavpils.lv\/ru\/","name":"VISITDAUGAVPILS","description":"Daugavpils T\u016brisma Inform\u0101cijas Centrs","publisher":{"@id":"https:\/\/www.visitdaugavpils.lv\/ru\/#organization"},"potentialAction":[{"@type":"SearchAction","target":{"@type":"EntryPoint","urlTemplate":"https:\/\/www.visitdaugavpils.lv\/ru\/?s={search_term_string}"},"query-input":"required name=search_term_string"}],"inLanguage":"lt-LT"},{"@type":"Organization","@id":"https:\/\/www.visitdaugavpils.lv\/ru\/#organization","name":"VISITDAUGAVPILS","url":"https:\/\/www.visitdaugavpils.lv\/ru\/","logo":{"@type":"ImageObject","inLanguage":"lt-LT","@id":"https:\/\/www.visitdaugavpils.lv\/ru\/#\/schema\/logo\/image\/","url":"https:\/\/www.visitdaugavpils.lv\/wp-content\/uploads\/2017\/11\/VD_LOGO11_14_11.png","contentUrl":"https:\/\/www.visitdaugavpils.lv\/wp-content\/uploads\/2017\/11\/VD_LOGO11_14_11.png","width":350,"height":100,"caption":"VISITDAUGAVPILS"},"image":{"@id":"https:\/\/www.visitdaugavpils.lv\/ru\/#\/schema\/logo\/image\/"}}]}},"_links":{"self":[{"href":"https:\/\/www.visitdaugavpils.lv\/lt\/wp-json\/wp\/v2\/pages\/83163"}],"collection":[{"href":"https:\/\/www.visitdaugavpils.lv\/lt\/wp-json\/wp\/v2\/pages"}],"about":[{"href":"https:\/\/www.visitdaugavpils.lv\/lt\/wp-json\/wp\/v2\/types\/page"}],"author":[{"embeddable":true,"href":"https:\/\/www.visitdaugavpils.lv\/lt\/wp-json\/wp\/v2\/users\/1"}],"replies":[{"embeddable":true,"href":"https:\/\/www.visitdaugavpils.lv\/lt\/wp-json\/wp\/v2\/comments?post=83163"}],"version-history":[{"count":2,"href":"https:\/\/www.visitdaugavpils.lv\/lt\/wp-json\/wp\/v2\/pages\/83163\/revisions"}],"predecessor-version":[{"id":243349,"href":"https:\/\/www.visitdaugavpils.lv\/lt\/wp-json\/wp\/v2\/pages\/83163\/revisions\/243349"}],"up":[{"embeddable":true,"href":"https:\/\/www.visitdaugavpils.lv\/lt\/wp-json\/wp\/v2\/pages\/83138"}],"wp:attachment":[{"href":"https:\/\/www.visitdaugavpils.lv\/lt\/wp-json\/wp\/v2\/media?parent=83163"}],"curies":[{"name":"wp","href":"https:\/\/api.w.org\/{rel}","templated":true}]}}