{"id":83138,"date":"2017-06-28T13:45:06","date_gmt":"2017-06-28T10:45:06","guid":{"rendered":"https:\/\/www.visitdaugavpils.lv\/pasvaldibas-agentura-taka\/"},"modified":"2026-01-21T08:48:26","modified_gmt":"2026-01-21T06:48:26","slug":"augsdaugavos-krasto-kulturos-ir-turizmo-valdybos-turizmo-skyrius","status":"publish","type":"page","link":"https:\/\/www.visitdaugavpils.lv\/lt\/augsdaugavos-krasto-kulturos-ir-turizmo-valdybos-turizmo-skyrius\/","title":{"rendered":"Aug\u0161daugavos kra\u0161to Kult\u016bros ir turizmo valdybos Turizmo skyrius"},"content":{"rendered":"<p>Aug\u0161daugavos kra\u0161to Kult\u016bros ir turizmo valdybos Turizmo skyrius u\u017edaviniai \u2013 skatinti Aug\u0161dauguvos kra\u0161to turizmo pl\u0117tr\u0105, parengti turizmo pl\u0117tros plan\u0105, kurti naujus turizmo produktus, kaupti ir sisteminti informacij\u0105 apie esamus ir perspektyvius turizmo, sporto ir kult\u016bros objektus, sukurti ir pri\u017ei\u016br\u0117ti turizmo paslaug\u0173 teik\u0117j\u0173 duomen\u0173 baz\u0119, populiarinti Aug\u0161dauguvos kra\u0161to turizmo, sporto ir kult\u016bros objektus, organizuoti juose renginius, vykdyti prekyb\u0105 suvenyrais, skatinti bendradarbiavim\u0105 su turizmo operatoriais, administruoti Vi\u0161ki\u0173 estrad\u0105 ir stadion\u0105.<\/p>\n<h3><strong>Kontaktai:<\/strong><\/h3>\n<p>Juridinis adresas: Dobeles gatv\u0117 30, LV- 5404, Daugpilis;<br \/>\ntel.: (+371) 654 76748 , 29431360,<br \/>\nel. pa\u0161tas: <a href=\"mailto:turisms@augsdaugavasnovads.lv\">turisms@augsdaugavasnovads.lv<\/a>,<br \/>\ninterneto svetain\u0117s: <a href=\"http:\/\/www.augsdaugavasnovads.lv\">www.augsdaugavasnovads.lv<\/a>,\u00a0<a href=\"http:\/\/www.visku-estrade-stadions.lv\/\">www.visku-estrade-stadions.lv<\/a><\/p>\n<p><strong>Institucijai biuras (Dobeles gatv\u0117 30, LV-5404, Daugpilis)<\/strong><\/p>\n<p>Institucijai direktorius: Rolandas Gradkovskis, tel. +371 65476748, mob. tel. +371 29431360<br \/>\nel. pa\u0161tas: <a href=\"mailto:rolands.gradkovskis@augsdaugavasnovads.lv\">rolands.gradkovskis@augsdaugavasnovads.lv<\/a><\/p>\n<p>Turizmo paslaug\u0173 organizator\u0117: Viktorija Par\u0146evi\u010da, tel. +371 65424147<br \/>\nel. pa\u0161tas: <a href=\"mailto:viktorija.parnevica@augsdaugavasnovads.lv\">viktorija.parnevica@augsdaugavasnovads.lv<\/a><\/p>\n","protected":false},"excerpt":{"rendered":"<p>Aug\u0161daugavos kra\u0161to Kult\u016bros ir turizmo valdybos Turizmo skyrius u\u017edaviniai \u2013 skatinti Aug\u0161dauguvos kra\u0161to turizmo pl\u0117tr\u0105, parengti turizmo pl\u0117tros plan\u0105, kurti naujus turizmo produktus, kaupti ir sisteminti informacij\u0105 apie esamus ir perspektyvius turizmo, sporto ir kult\u016bros objektus, sukurti ir pri\u017ei\u016br\u0117ti turizmo paslaug\u0173 teik\u0117j\u0173 duomen\u0173 baz\u0119, populiarinti Aug\u0161dauguvos kra\u0161to turizmo, sporto ir kult\u016bros objektus, organizuoti juose renginius, &#8230; <a title=\"Aug\u0161daugavos kra\u0161to Kult\u016bros ir turizmo valdybos Turizmo skyrius\" class=\"read-more\" href=\"https:\/\/www.visitdaugavpils.lv\/lt\/augsdaugavos-krasto-kulturos-ir-turizmo-valdybos-turizmo-skyrius\/\">&gt;&gt;<\/a><\/p>\n","protected":false},"author":1,"featured_media":0,"parent":0,"menu_order":0,"comment_status":"closed","ping_status":"closed","template":"","meta":{"footnotes":""},"yoast_head":"<!-- This site is optimized with the Yoast SEO plugin v22.0 - https:\/\/yoast.com\/wordpress\/plugins\/seo\/ -->\n<title>Aug\u0161daugavos kra\u0161to Kult\u016bros ir turizmo valdybos Turizmo skyrius - VISITDAUGAVPILS<\/title>\n<meta name=\"robots\" content=\"index, follow, max-snippet:-1, max-image-preview:large, max-video-preview:-1\" \/>\n<link rel=\"canonical\" href=\"https:\/\/www.visitdaugavpils.lv\/lt\/augsdaugavos-krasto-kulturos-ir-turizmo-valdybos-turizmo-skyrius\/\" \/>\n<meta property=\"og:locale\" content=\"lt_LT\" \/>\n<meta property=\"og:type\" content=\"article\" \/>\n<meta property=\"og:title\" content=\"Aug\u0161daugavos kra\u0161to Kult\u016bros ir turizmo valdybos Turizmo skyrius - VISITDAUGAVPILS\" \/>\n<meta property=\"og:description\" content=\"Aug\u0161daugavos kra\u0161to Kult\u016bros ir turizmo valdybos Turizmo skyrius u\u017edaviniai \u2013 skatinti Aug\u0161dauguvos kra\u0161to turizmo pl\u0117tr\u0105, parengti turizmo pl\u0117tros plan\u0105, kurti naujus turizmo produktus, kaupti ir sisteminti informacij\u0105 apie esamus ir perspektyvius turizmo, sporto ir kult\u016bros objektus, sukurti ir pri\u017ei\u016br\u0117ti turizmo paslaug\u0173 teik\u0117j\u0173 duomen\u0173 baz\u0119, populiarinti Aug\u0161dauguvos kra\u0161to turizmo, sporto ir kult\u016bros objektus, organizuoti juose renginius, ... &gt;&gt;\" \/>\n<meta property=\"og:url\" content=\"https:\/\/www.visitdaugavpils.lv\/lt\/augsdaugavos-krasto-kulturos-ir-turizmo-valdybos-turizmo-skyrius\/\" \/>\n<meta property=\"og:site_name\" content=\"VISITDAUGAVPILS\" \/>\n<meta property=\"article:modified_time\" content=\"2026-01-21T06:48:26+00:00\" \/>\n<meta name=\"twitter:card\" content=\"summary_large_image\" \/>\n<meta name=\"twitter:label1\" content=\"Est. reading time\" \/>\n\t<meta name=\"twitter:data1\" content=\"1 minut\u0117\" \/>\n<script type=\"application\/ld+json\" class=\"yoast-schema-graph\">{\"@context\":\"https:\/\/schema.org\",\"@graph\":[{\"@type\":\"WebPage\",\"@id\":\"https:\/\/www.visitdaugavpils.lv\/lt\/augsdaugavos-krasto-kulturos-ir-turizmo-valdybos-turizmo-skyrius\/\",\"url\":\"https:\/\/www.visitdaugavpils.lv\/lt\/augsdaugavos-krasto-kulturos-ir-turizmo-valdybos-turizmo-skyrius\/\",\"name\":\"Aug\u0161daugavos kra\u0161to Kult\u016bros ir turizmo valdybos Turizmo skyrius - VISITDAUGAVPILS\",\"isPartOf\":{\"@id\":\"https:\/\/www.visitdaugavpils.lv\/ru\/#website\"},\"datePublished\":\"2017-06-28T10:45:06+00:00\",\"dateModified\":\"2026-01-21T06:48:26+00:00\",\"breadcrumb\":{\"@id\":\"https:\/\/www.visitdaugavpils.lv\/lt\/augsdaugavos-krasto-kulturos-ir-turizmo-valdybos-turizmo-skyrius\/#breadcrumb\"},\"inLanguage\":\"lt-LT\",\"potentialAction\":[{\"@type\":\"ReadAction\",\"target\":[\"https:\/\/www.visitdaugavpils.lv\/lt\/augsdaugavos-krasto-kulturos-ir-turizmo-valdybos-turizmo-skyrius\/\"]}]},{\"@type\":\"BreadcrumbList\",\"@id\":\"https:\/\/www.visitdaugavpils.lv\/lt\/augsdaugavos-krasto-kulturos-ir-turizmo-valdybos-turizmo-skyrius\/#breadcrumb\",\"itemListElement\":[{\"@type\":\"ListItem\",\"position\":1,\"name\":\"Home\",\"item\":\"https:\/\/www.visitdaugavpils.lv\/lt\/\"},{\"@type\":\"ListItem\",\"position\":2,\"name\":\"Aug\u0161daugavos kra\u0161to Kult\u016bros ir turizmo valdybos Turizmo skyrius\"}]},{\"@type\":\"WebSite\",\"@id\":\"https:\/\/www.visitdaugavpils.lv\/ru\/#website\",\"url\":\"https:\/\/www.visitdaugavpils.lv\/ru\/\",\"name\":\"VISITDAUGAVPILS\",\"description\":\"Daugavpils T\u016brisma Inform\u0101cijas Centrs\",\"publisher\":{\"@id\":\"https:\/\/www.visitdaugavpils.lv\/ru\/#organization\"},\"potentialAction\":[{\"@type\":\"SearchAction\",\"target\":{\"@type\":\"EntryPoint\",\"urlTemplate\":\"https:\/\/www.visitdaugavpils.lv\/ru\/?s={search_term_string}\"},\"query-input\":\"required name=search_term_string\"}],\"inLanguage\":\"lt-LT\"},{\"@type\":\"Organization\",\"@id\":\"https:\/\/www.visitdaugavpils.lv\/ru\/#organization\",\"name\":\"VISITDAUGAVPILS\",\"url\":\"https:\/\/www.visitdaugavpils.lv\/ru\/\",\"logo\":{\"@type\":\"ImageObject\",\"inLanguage\":\"lt-LT\",\"@id\":\"https:\/\/www.visitdaugavpils.lv\/ru\/#\/schema\/logo\/image\/\",\"url\":\"https:\/\/www.visitdaugavpils.lv\/wp-content\/uploads\/2017\/11\/VD_LOGO11_14_11.png\",\"contentUrl\":\"https:\/\/www.visitdaugavpils.lv\/wp-content\/uploads\/2017\/11\/VD_LOGO11_14_11.png\",\"width\":350,\"height\":100,\"caption\":\"VISITDAUGAVPILS\"},\"image\":{\"@id\":\"https:\/\/www.visitdaugavpils.lv\/ru\/#\/schema\/logo\/image\/\"}}]}<\/script>\n<!-- \/ Yoast SEO plugin. -->","yoast_head_json":{"title":"Aug\u0161daugavos kra\u0161to Kult\u016bros ir turizmo valdybos Turizmo skyrius - VISITDAUGAVPILS","robots":{"index":"index","follow":"follow","max-snippet":"max-snippet:-1","max-image-preview":"max-image-preview:large","max-video-preview":"max-video-preview:-1"},"canonical":"https:\/\/www.visitdaugavpils.lv\/lt\/augsdaugavos-krasto-kulturos-ir-turizmo-valdybos-turizmo-skyrius\/","og_locale":"lt_LT","og_type":"article","og_title":"Aug\u0161daugavos kra\u0161to Kult\u016bros ir turizmo valdybos Turizmo skyrius - VISITDAUGAVPILS","og_description":"Aug\u0161daugavos kra\u0161to Kult\u016bros ir turizmo valdybos Turizmo skyrius u\u017edaviniai \u2013 skatinti Aug\u0161dauguvos kra\u0161to turizmo pl\u0117tr\u0105, parengti turizmo pl\u0117tros plan\u0105, kurti naujus turizmo produktus, kaupti ir sisteminti informacij\u0105 apie esamus ir perspektyvius turizmo, sporto ir kult\u016bros objektus, sukurti ir pri\u017ei\u016br\u0117ti turizmo paslaug\u0173 teik\u0117j\u0173 duomen\u0173 baz\u0119, populiarinti Aug\u0161dauguvos kra\u0161to turizmo, sporto ir kult\u016bros objektus, organizuoti juose renginius, ... &gt;&gt;","og_url":"https:\/\/www.visitdaugavpils.lv\/lt\/augsdaugavos-krasto-kulturos-ir-turizmo-valdybos-turizmo-skyrius\/","og_site_name":"VISITDAUGAVPILS","article_modified_time":"2026-01-21T06:48:26+00:00","twitter_card":"summary_large_image","twitter_misc":{"Est. reading time":"1 minut\u0117"},"schema":{"@context":"https:\/\/schema.org","@graph":[{"@type":"WebPage","@id":"https:\/\/www.visitdaugavpils.lv\/lt\/augsdaugavos-krasto-kulturos-ir-turizmo-valdybos-turizmo-skyrius\/","url":"https:\/\/www.visitdaugavpils.lv\/lt\/augsdaugavos-krasto-kulturos-ir-turizmo-valdybos-turizmo-skyrius\/","name":"Aug\u0161daugavos kra\u0161to Kult\u016bros ir turizmo valdybos Turizmo skyrius - VISITDAUGAVPILS","isPartOf":{"@id":"https:\/\/www.visitdaugavpils.lv\/ru\/#website"},"datePublished":"2017-06-28T10:45:06+00:00","dateModified":"2026-01-21T06:48:26+00:00","breadcrumb":{"@id":"https:\/\/www.visitdaugavpils.lv\/lt\/augsdaugavos-krasto-kulturos-ir-turizmo-valdybos-turizmo-skyrius\/#breadcrumb"},"inLanguage":"lt-LT","potentialAction":[{"@type":"ReadAction","target":["https:\/\/www.visitdaugavpils.lv\/lt\/augsdaugavos-krasto-kulturos-ir-turizmo-valdybos-turizmo-skyrius\/"]}]},{"@type":"BreadcrumbList","@id":"https:\/\/www.visitdaugavpils.lv\/lt\/augsdaugavos-krasto-kulturos-ir-turizmo-valdybos-turizmo-skyrius\/#breadcrumb","itemListElement":[{"@type":"ListItem","position":1,"name":"Home","item":"https:\/\/www.visitdaugavpils.lv\/lt\/"},{"@type":"ListItem","position":2,"name":"Aug\u0161daugavos kra\u0161to Kult\u016bros ir turizmo valdybos Turizmo skyrius"}]},{"@type":"WebSite","@id":"https:\/\/www.visitdaugavpils.lv\/ru\/#website","url":"https:\/\/www.visitdaugavpils.lv\/ru\/","name":"VISITDAUGAVPILS","description":"Daugavpils T\u016brisma Inform\u0101cijas Centrs","publisher":{"@id":"https:\/\/www.visitdaugavpils.lv\/ru\/#organization"},"potentialAction":[{"@type":"SearchAction","target":{"@type":"EntryPoint","urlTemplate":"https:\/\/www.visitdaugavpils.lv\/ru\/?s={search_term_string}"},"query-input":"required name=search_term_string"}],"inLanguage":"lt-LT"},{"@type":"Organization","@id":"https:\/\/www.visitdaugavpils.lv\/ru\/#organization","name":"VISITDAUGAVPILS","url":"https:\/\/www.visitdaugavpils.lv\/ru\/","logo":{"@type":"ImageObject","inLanguage":"lt-LT","@id":"https:\/\/www.visitdaugavpils.lv\/ru\/#\/schema\/logo\/image\/","url":"https:\/\/www.visitdaugavpils.lv\/wp-content\/uploads\/2017\/11\/VD_LOGO11_14_11.png","contentUrl":"https:\/\/www.visitdaugavpils.lv\/wp-content\/uploads\/2017\/11\/VD_LOGO11_14_11.png","width":350,"height":100,"caption":"VISITDAUGAVPILS"},"image":{"@id":"https:\/\/www.visitdaugavpils.lv\/ru\/#\/schema\/logo\/image\/"}}]}},"_links":{"self":[{"href":"https:\/\/www.visitdaugavpils.lv\/lt\/wp-json\/wp\/v2\/pages\/83138"}],"collection":[{"href":"https:\/\/www.visitdaugavpils.lv\/lt\/wp-json\/wp\/v2\/pages"}],"about":[{"href":"https:\/\/www.visitdaugavpils.lv\/lt\/wp-json\/wp\/v2\/types\/page"}],"author":[{"embeddable":true,"href":"https:\/\/www.visitdaugavpils.lv\/lt\/wp-json\/wp\/v2\/users\/1"}],"replies":[{"embeddable":true,"href":"https:\/\/www.visitdaugavpils.lv\/lt\/wp-json\/wp\/v2\/comments?post=83138"}],"version-history":[{"count":3,"href":"https:\/\/www.visitdaugavpils.lv\/lt\/wp-json\/wp\/v2\/pages\/83138\/revisions"}],"predecessor-version":[{"id":278848,"href":"https:\/\/www.visitdaugavpils.lv\/lt\/wp-json\/wp\/v2\/pages\/83138\/revisions\/278848"}],"wp:attachment":[{"href":"https:\/\/www.visitdaugavpils.lv\/lt\/wp-json\/wp\/v2\/media?parent=83138"}],"curies":[{"name":"wp","href":"https:\/\/api.w.org\/{rel}","templated":true}]}}