{"id":73326,"date":"2017-07-24T12:19:53","date_gmt":"2017-07-24T09:19:53","guid":{"rendered":"https:\/\/www.visitdaugavpils.lv\/tic\/"},"modified":"2023-10-02T14:30:33","modified_gmt":"2023-10-02T11:30:33","slug":"tic","status":"publish","type":"page","link":"https:\/\/www.visitdaugavpils.lv\/lt\/tic\/","title":{"rendered":"Turizmo informacijos centras (TIC)"},"content":{"rendered":"<p><span style=\"font-weight: 400;\"><a href=\"https:\/\/www.visitdaugavpils.lv\/wp-content\/uploads\/2020\/11\/Publicitates-foto_Daugavpils-TIC_wwwvisitdaugavpils.lv_-1024x684.jpg\"><img loading=\"lazy\" decoding=\"async\" class=\"alignleft wp-image-112238 \" src=\"https:\/\/www.visitdaugavpils.lv\/wp-content\/uploads\/2020\/11\/Publicitates-foto_Daugavpils-TIC_wwwvisitdaugavpils.lv_-1024x684.jpg\" alt=\"\" width=\"646\" height=\"431\" srcset=\"https:\/\/www.visitdaugavpils.lv\/wp-content\/uploads\/2020\/11\/Publicitates-foto_Daugavpils-TIC_wwwvisitdaugavpils.lv_-1024x684.jpg 1024w, https:\/\/www.visitdaugavpils.lv\/wp-content\/uploads\/2020\/11\/Publicitates-foto_Daugavpils-TIC_wwwvisitdaugavpils.lv_-300x200.jpg 300w, https:\/\/www.visitdaugavpils.lv\/wp-content\/uploads\/2020\/11\/Publicitates-foto_Daugavpils-TIC_wwwvisitdaugavpils.lv_-768x513.jpg 768w, https:\/\/www.visitdaugavpils.lv\/wp-content\/uploads\/2020\/11\/Publicitates-foto_Daugavpils-TIC_wwwvisitdaugavpils.lv_-1536x1025.jpg 1536w, https:\/\/www.visitdaugavpils.lv\/wp-content\/uploads\/2020\/11\/Publicitates-foto_Daugavpils-TIC_wwwvisitdaugavpils.lv_-240x160.jpg 240w, https:\/\/www.visitdaugavpils.lv\/wp-content\/uploads\/2020\/11\/Publicitates-foto_Daugavpils-TIC_wwwvisitdaugavpils.lv_-244x163.jpg 244w, https:\/\/www.visitdaugavpils.lv\/wp-content\/uploads\/2020\/11\/Publicitates-foto_Daugavpils-TIC_wwwvisitdaugavpils.lv_.jpg 1618w\" sizes=\"(max-width: 646px) 100vw, 646px\" \/><\/a>Turizmo informacija ir paslaugos Daugpilio mieste ir Aug\u0161dauguvos kra\u0161te.<\/span><\/p>\n<p>Si\u016blome:<\/p>\n<ul>\n<li>informacij\u0105 apie lankytinus objektus ir turist\u0173 apgyvendinimo vietas<\/li>\n<li>turizmo mar\u0161rutus<\/li>\n<li>\u017eem\u0117lapius, kelion\u0117s vadovus, bro\u0161i\u016bras, turizmo apgyvendinimo \u012fstaig\u0173 ir turizmo paslaug\u0173 teik\u0117j\u0173 informacin\u0119 med\u017eiag\u0105 latvi\u0173, rus\u0173, angl\u0173, lietuvi\u0173 ir lenk\u0173 kalbomis<\/li>\n<li>informacij\u0105 apie renginius Daugpilyje ir Aug\u0161dauguvos kra\u0161te<\/li>\n<li>vis\u0105 aktuali\u0105 informacij\u0105 TIC oficialioje interneto svetain\u0117je<\/li>\n<li>ekskursijas po Daugpilio tvirtov\u0119 ir Daugpil\u012f<\/li>\n<li>miesto ap\u017evalgin\u0119 ekskursij\u0105 tramvajumi<\/li>\n<li>klient\u0173 pageidavimu sudarome individualius kelion\u0117s mar\u0161rutus po Daugpil\u012f, Aug\u0161dauguvos kra\u0161t\u0105 ir Latgal\u0105<\/li>\n<\/ul>\n<p><img decoding=\"async\" src=\"https:\/\/www.csdd.lv\/assets\/images\/wifi.png\" alt=\"wifi\" width=\"24px\" height=\"auto\" \/> <span style=\"font-weight: 400;\">Nemokamas Wi-Fi<\/span><\/p>\n<p><img loading=\"lazy\" decoding=\"async\" class=\"alignnone wp-image-123123\" src=\"https:\/\/www.visitdaugavpils.lv\/wp-content\/uploads\/2021\/03\/Hiker_Friendly_Logo_lv-002-300x292.png\" alt=\"\" width=\"115\" height=\"112\" srcset=\"https:\/\/www.visitdaugavpils.lv\/wp-content\/uploads\/2021\/03\/Hiker_Friendly_Logo_lv-002-300x292.png 300w, https:\/\/www.visitdaugavpils.lv\/wp-content\/uploads\/2021\/03\/Hiker_Friendly_Logo_lv-002-164x160.png 164w, https:\/\/www.visitdaugavpils.lv\/wp-content\/uploads\/2021\/03\/Hiker_Friendly_Logo_lv-002.png 679w\" sizes=\"(max-width: 115px) 100vw, 115px\" \/><\/p>\n<table style=\"width: 25.6698%;\">\n<tbody>\n<tr>\n<td style=\"width: 337px; text-align: left;\"><span style=\"color: #008080;\"><strong>Darbo laikas:<\/strong><\/span><\/td>\n<\/tr>\n<tr>\n<td style=\"width: 337px;\">Pirmadienis &#8211;\u00a0 \u00a0sekmadienis\u00a0 \u00a010.00 &#8211; 18.00<\/td>\n<\/tr>\n<\/tbody>\n<\/table>\n<p>Tel. nr. +371 65422818 +371 26444810<\/p>\n<p>El. p:<a href=\"turisms@daugavpils.lv\"> turisms@daugavpils.lv<\/a><br \/>\nWeb: <a href=\"http:\/\/www.visitdaugavpils.lv\">www.visitdaugavpils.lv<\/a><\/p>\n<p>Facebook <a href=\"https:\/\/www.facebook.com\/Daugavpils.Travel\/\" target=\"_blank\" rel=\"noopener noreferrer\">Daugavpils.Travel<\/a> <a href=\"https:\/\/www.facebook.com\/agenturataka\">Aug\u0161daugavas novads.Travel<\/a><br \/>\nInstagram <a href=\"https:\/\/www.instagram.com\/daugavpils.travel\/\" target=\"_blank\" rel=\"noopener noreferrer\">@daugavpils.travel<\/a> <a href=\"https:\/\/www.instagram.com\/augsdaugava.travel\/\">@augsdaugava.travel<\/a><br \/>\nYouTube <a href=\"https:\/\/www.youtube.com\/channel\/UCO22IPVXwwu8j7ZjMK3W-kA\" target=\"_blank\" rel=\"noopener noreferrer\">Daugavpils Travel<\/a><\/p>\n","protected":false},"excerpt":{"rendered":"<p>Turizmo informacija ir paslaugos Daugpilio mieste ir Aug\u0161dauguvos kra\u0161te. Si\u016blome: informacij\u0105 apie lankytinus objektus ir turist\u0173 apgyvendinimo vietas turizmo mar\u0161rutus \u017eem\u0117lapius, kelion\u0117s vadovus, bro\u0161i\u016bras, turizmo apgyvendinimo \u012fstaig\u0173 ir turizmo paslaug\u0173 teik\u0117j\u0173 informacin\u0119 med\u017eiag\u0105 latvi\u0173, rus\u0173, angl\u0173, lietuvi\u0173 ir lenk\u0173 kalbomis informacij\u0105 apie renginius Daugpilyje ir Aug\u0161dauguvos kra\u0161te vis\u0105 aktuali\u0105 informacij\u0105 TIC oficialioje interneto svetain\u0117je ekskursijas &#8230; <a title=\"Turizmo informacijos centras (TIC)\" class=\"read-more\" href=\"https:\/\/www.visitdaugavpils.lv\/lt\/tic\/\">&gt;&gt;<\/a><\/p>\n","protected":false},"author":1,"featured_media":0,"parent":0,"menu_order":0,"comment_status":"closed","ping_status":"closed","template":"","meta":{"footnotes":""},"yoast_head":"<!-- This site is optimized with the Yoast SEO plugin v22.0 - https:\/\/yoast.com\/wordpress\/plugins\/seo\/ -->\n<title>Turizmo informacijos centras (TIC) - VISITDAUGAVPILS<\/title>\n<meta name=\"robots\" content=\"index, follow, max-snippet:-1, max-image-preview:large, max-video-preview:-1\" \/>\n<link rel=\"canonical\" href=\"https:\/\/www.visitdaugavpils.lv\/lt\/tic\/\" \/>\n<meta property=\"og:locale\" content=\"lt_LT\" \/>\n<meta property=\"og:type\" content=\"article\" \/>\n<meta property=\"og:title\" content=\"Turizmo informacijos centras (TIC) - VISITDAUGAVPILS\" \/>\n<meta property=\"og:description\" content=\"Turizmo informacija ir paslaugos Daugpilio mieste ir Aug\u0161dauguvos kra\u0161te. Si\u016blome: informacij\u0105 apie lankytinus objektus ir turist\u0173 apgyvendinimo vietas turizmo mar\u0161rutus \u017eem\u0117lapius, kelion\u0117s vadovus, bro\u0161i\u016bras, turizmo apgyvendinimo \u012fstaig\u0173 ir turizmo paslaug\u0173 teik\u0117j\u0173 informacin\u0119 med\u017eiag\u0105 latvi\u0173, rus\u0173, angl\u0173, lietuvi\u0173 ir lenk\u0173 kalbomis informacij\u0105 apie renginius Daugpilyje ir Aug\u0161dauguvos kra\u0161te vis\u0105 aktuali\u0105 informacij\u0105 TIC oficialioje interneto svetain\u0117je ekskursijas ... &gt;&gt;\" \/>\n<meta property=\"og:url\" content=\"https:\/\/www.visitdaugavpils.lv\/lt\/tic\/\" \/>\n<meta property=\"og:site_name\" content=\"VISITDAUGAVPILS\" \/>\n<meta property=\"article:modified_time\" content=\"2023-10-02T11:30:33+00:00\" \/>\n<meta property=\"og:image\" content=\"https:\/\/www.visitdaugavpils.lv\/wp-content\/uploads\/2020\/11\/Publicitates-foto_Daugavpils-TIC_wwwvisitdaugavpils.lv_-1024x684.jpg\" \/>\n<meta name=\"twitter:card\" content=\"summary_large_image\" \/>\n<meta name=\"twitter:label1\" content=\"Est. reading time\" \/>\n\t<meta name=\"twitter:data1\" content=\"2 minut\u0117s\" \/>\n<script type=\"application\/ld+json\" class=\"yoast-schema-graph\">{\"@context\":\"https:\/\/schema.org\",\"@graph\":[{\"@type\":\"WebPage\",\"@id\":\"https:\/\/www.visitdaugavpils.lv\/lt\/tic\/\",\"url\":\"https:\/\/www.visitdaugavpils.lv\/lt\/tic\/\",\"name\":\"Turizmo informacijos centras (TIC) - VISITDAUGAVPILS\",\"isPartOf\":{\"@id\":\"https:\/\/www.visitdaugavpils.lv\/ru\/#website\"},\"datePublished\":\"2017-07-24T09:19:53+00:00\",\"dateModified\":\"2023-10-02T11:30:33+00:00\",\"breadcrumb\":{\"@id\":\"https:\/\/www.visitdaugavpils.lv\/lt\/tic\/#breadcrumb\"},\"inLanguage\":\"lt-LT\",\"potentialAction\":[{\"@type\":\"ReadAction\",\"target\":[\"https:\/\/www.visitdaugavpils.lv\/lt\/tic\/\"]}]},{\"@type\":\"BreadcrumbList\",\"@id\":\"https:\/\/www.visitdaugavpils.lv\/lt\/tic\/#breadcrumb\",\"itemListElement\":[{\"@type\":\"ListItem\",\"position\":1,\"name\":\"Home\",\"item\":\"https:\/\/www.visitdaugavpils.lv\/lt\/\"},{\"@type\":\"ListItem\",\"position\":2,\"name\":\"Turizmo informacijos centras (TIC)\"}]},{\"@type\":\"WebSite\",\"@id\":\"https:\/\/www.visitdaugavpils.lv\/ru\/#website\",\"url\":\"https:\/\/www.visitdaugavpils.lv\/ru\/\",\"name\":\"VISITDAUGAVPILS\",\"description\":\"Daugavpils T\u016brisma Inform\u0101cijas Centrs\",\"publisher\":{\"@id\":\"https:\/\/www.visitdaugavpils.lv\/ru\/#organization\"},\"potentialAction\":[{\"@type\":\"SearchAction\",\"target\":{\"@type\":\"EntryPoint\",\"urlTemplate\":\"https:\/\/www.visitdaugavpils.lv\/ru\/?s={search_term_string}\"},\"query-input\":\"required name=search_term_string\"}],\"inLanguage\":\"lt-LT\"},{\"@type\":\"Organization\",\"@id\":\"https:\/\/www.visitdaugavpils.lv\/ru\/#organization\",\"name\":\"VISITDAUGAVPILS\",\"url\":\"https:\/\/www.visitdaugavpils.lv\/ru\/\",\"logo\":{\"@type\":\"ImageObject\",\"inLanguage\":\"lt-LT\",\"@id\":\"https:\/\/www.visitdaugavpils.lv\/ru\/#\/schema\/logo\/image\/\",\"url\":\"https:\/\/www.visitdaugavpils.lv\/wp-content\/uploads\/2017\/11\/VD_LOGO11_14_11.png\",\"contentUrl\":\"https:\/\/www.visitdaugavpils.lv\/wp-content\/uploads\/2017\/11\/VD_LOGO11_14_11.png\",\"width\":350,\"height\":100,\"caption\":\"VISITDAUGAVPILS\"},\"image\":{\"@id\":\"https:\/\/www.visitdaugavpils.lv\/ru\/#\/schema\/logo\/image\/\"}}]}<\/script>\n<!-- \/ Yoast SEO plugin. -->","yoast_head_json":{"title":"Turizmo informacijos centras (TIC) - VISITDAUGAVPILS","robots":{"index":"index","follow":"follow","max-snippet":"max-snippet:-1","max-image-preview":"max-image-preview:large","max-video-preview":"max-video-preview:-1"},"canonical":"https:\/\/www.visitdaugavpils.lv\/lt\/tic\/","og_locale":"lt_LT","og_type":"article","og_title":"Turizmo informacijos centras (TIC) - VISITDAUGAVPILS","og_description":"Turizmo informacija ir paslaugos Daugpilio mieste ir Aug\u0161dauguvos kra\u0161te. Si\u016blome: informacij\u0105 apie lankytinus objektus ir turist\u0173 apgyvendinimo vietas turizmo mar\u0161rutus \u017eem\u0117lapius, kelion\u0117s vadovus, bro\u0161i\u016bras, turizmo apgyvendinimo \u012fstaig\u0173 ir turizmo paslaug\u0173 teik\u0117j\u0173 informacin\u0119 med\u017eiag\u0105 latvi\u0173, rus\u0173, angl\u0173, lietuvi\u0173 ir lenk\u0173 kalbomis informacij\u0105 apie renginius Daugpilyje ir Aug\u0161dauguvos kra\u0161te vis\u0105 aktuali\u0105 informacij\u0105 TIC oficialioje interneto svetain\u0117je ekskursijas ... &gt;&gt;","og_url":"https:\/\/www.visitdaugavpils.lv\/lt\/tic\/","og_site_name":"VISITDAUGAVPILS","article_modified_time":"2023-10-02T11:30:33+00:00","og_image":[{"url":"https:\/\/www.visitdaugavpils.lv\/wp-content\/uploads\/2020\/11\/Publicitates-foto_Daugavpils-TIC_wwwvisitdaugavpils.lv_-1024x684.jpg"}],"twitter_card":"summary_large_image","twitter_misc":{"Est. reading time":"2 minut\u0117s"},"schema":{"@context":"https:\/\/schema.org","@graph":[{"@type":"WebPage","@id":"https:\/\/www.visitdaugavpils.lv\/lt\/tic\/","url":"https:\/\/www.visitdaugavpils.lv\/lt\/tic\/","name":"Turizmo informacijos centras (TIC) - VISITDAUGAVPILS","isPartOf":{"@id":"https:\/\/www.visitdaugavpils.lv\/ru\/#website"},"datePublished":"2017-07-24T09:19:53+00:00","dateModified":"2023-10-02T11:30:33+00:00","breadcrumb":{"@id":"https:\/\/www.visitdaugavpils.lv\/lt\/tic\/#breadcrumb"},"inLanguage":"lt-LT","potentialAction":[{"@type":"ReadAction","target":["https:\/\/www.visitdaugavpils.lv\/lt\/tic\/"]}]},{"@type":"BreadcrumbList","@id":"https:\/\/www.visitdaugavpils.lv\/lt\/tic\/#breadcrumb","itemListElement":[{"@type":"ListItem","position":1,"name":"Home","item":"https:\/\/www.visitdaugavpils.lv\/lt\/"},{"@type":"ListItem","position":2,"name":"Turizmo informacijos centras (TIC)"}]},{"@type":"WebSite","@id":"https:\/\/www.visitdaugavpils.lv\/ru\/#website","url":"https:\/\/www.visitdaugavpils.lv\/ru\/","name":"VISITDAUGAVPILS","description":"Daugavpils T\u016brisma Inform\u0101cijas Centrs","publisher":{"@id":"https:\/\/www.visitdaugavpils.lv\/ru\/#organization"},"potentialAction":[{"@type":"SearchAction","target":{"@type":"EntryPoint","urlTemplate":"https:\/\/www.visitdaugavpils.lv\/ru\/?s={search_term_string}"},"query-input":"required name=search_term_string"}],"inLanguage":"lt-LT"},{"@type":"Organization","@id":"https:\/\/www.visitdaugavpils.lv\/ru\/#organization","name":"VISITDAUGAVPILS","url":"https:\/\/www.visitdaugavpils.lv\/ru\/","logo":{"@type":"ImageObject","inLanguage":"lt-LT","@id":"https:\/\/www.visitdaugavpils.lv\/ru\/#\/schema\/logo\/image\/","url":"https:\/\/www.visitdaugavpils.lv\/wp-content\/uploads\/2017\/11\/VD_LOGO11_14_11.png","contentUrl":"https:\/\/www.visitdaugavpils.lv\/wp-content\/uploads\/2017\/11\/VD_LOGO11_14_11.png","width":350,"height":100,"caption":"VISITDAUGAVPILS"},"image":{"@id":"https:\/\/www.visitdaugavpils.lv\/ru\/#\/schema\/logo\/image\/"}}]}},"_links":{"self":[{"href":"https:\/\/www.visitdaugavpils.lv\/lt\/wp-json\/wp\/v2\/pages\/73326"}],"collection":[{"href":"https:\/\/www.visitdaugavpils.lv\/lt\/wp-json\/wp\/v2\/pages"}],"about":[{"href":"https:\/\/www.visitdaugavpils.lv\/lt\/wp-json\/wp\/v2\/types\/page"}],"author":[{"embeddable":true,"href":"https:\/\/www.visitdaugavpils.lv\/lt\/wp-json\/wp\/v2\/users\/1"}],"replies":[{"embeddable":true,"href":"https:\/\/www.visitdaugavpils.lv\/lt\/wp-json\/wp\/v2\/comments?post=73326"}],"version-history":[{"count":7,"href":"https:\/\/www.visitdaugavpils.lv\/lt\/wp-json\/wp\/v2\/pages\/73326\/revisions"}],"predecessor-version":[{"id":203843,"href":"https:\/\/www.visitdaugavpils.lv\/lt\/wp-json\/wp\/v2\/pages\/73326\/revisions\/203843"}],"wp:attachment":[{"href":"https:\/\/www.visitdaugavpils.lv\/lt\/wp-json\/wp\/v2\/media?parent=73326"}],"curies":[{"name":"wp","href":"https:\/\/api.w.org\/{rel}","templated":true}]}}