{"id":73286,"date":"2017-06-28T13:37:50","date_gmt":"2017-06-28T10:37:50","guid":{"rendered":"https:\/\/www.visitdaugavpils.lv\/vesture\/"},"modified":"2025-03-06T13:02:41","modified_gmt":"2025-03-06T11:02:41","slug":"vesture","status":"publish","type":"page","link":"https:\/\/www.visitdaugavpils.lv\/lt\/par-daugavpils-novadu\/vesture\/","title":{"rendered":"Istorija"},"content":{"rendered":"<p>\u012edom\u016bs faktai apie Augsdaugava kra\u0161t\u0105:<\/p>\n<ul>\n<li>Prie\u0161 740 met\u0173, 1275 m. Vecpilio piliakalnio vir\u0161\u016bn\u0117je, senosios latgali\u0173 pilies vietoje, Livonijos ordinas pastat\u0117 Dinaburgo pil\u012f, kuri yra Daugpilio pirmtak\u0117.<\/li>\n<li>Rusijos imperator\u0117 Jekaterina I (Marta Elena Skavronska) (1684\u20131727) gim\u0117 Vi\u0161kiuose.<\/li>\n<li>Egipto liuteron\u0173 parapijos ba\u017eny\u010dioje dirbo kunigas Oskaras Svensonas (1822\u20131884), kuris buvo Janio Pliek\u0161ano (Rainio) pirmasis mokytojas.<\/li>\n<li>XIX a. Lyksnoje gyveno kanauninkai \u2013 Latgalos religin\u0117s literat\u016bros ir latgalie\u010di\u0173 gramatikos autoriai Jazepas Akilevi\u010dius ir Toma\u0161as Kosovskis.<\/li>\n<li>Vokietijos kancleriui Oto fon Bismarkui (1815\u20131898), kuris buvo da\u017enas Medum\u0173 dvaro valdytojo Augusto fon Etingeno sve\u010dias, patiko med\u017eioti Medum\u0173 mi\u0161kuose.<\/li>\n<li>1899 metais Lielborn\u0117s dvare gim\u0117 Veselis fon Freitagas-Loringhofenas (Wessel Freiherr Freytag von Loringhoven) (1899\u20131944), kuris 1944 m. liepos 20 d. dalyvavo rengiant pasik\u0117sinim\u0105 prie\u0161 Adolf\u0105 Hitler\u012f.<\/li>\n<\/ul>\n","protected":false},"excerpt":{"rendered":"<p>\u012edom\u016bs faktai apie Augsdaugava kra\u0161t\u0105: Prie\u0161 740 met\u0173, 1275 m. Vecpilio piliakalnio vir\u0161\u016bn\u0117je, senosios latgali\u0173 pilies vietoje, Livonijos ordinas pastat\u0117 Dinaburgo pil\u012f, kuri yra Daugpilio pirmtak\u0117. Rusijos imperator\u0117 Jekaterina I (Marta Elena Skavronska) (1684\u20131727) gim\u0117 Vi\u0161kiuose. Egipto liuteron\u0173 parapijos ba\u017eny\u010dioje dirbo kunigas Oskaras Svensonas (1822\u20131884), kuris buvo Janio Pliek\u0161ano (Rainio) pirmasis mokytojas. XIX a. Lyksnoje &#8230; <a title=\"Istorija\" class=\"read-more\" href=\"https:\/\/www.visitdaugavpils.lv\/lt\/par-daugavpils-novadu\/vesture\/\">&gt;&gt;<\/a><\/p>\n","protected":false},"author":1,"featured_media":0,"parent":83170,"menu_order":0,"comment_status":"closed","ping_status":"closed","template":"","meta":{"footnotes":""},"yoast_head":"<!-- This site is optimized with the Yoast SEO plugin v22.0 - https:\/\/yoast.com\/wordpress\/plugins\/seo\/ -->\n<title>Istorija - VISITDAUGAVPILS<\/title>\n<meta name=\"robots\" content=\"index, follow, max-snippet:-1, max-image-preview:large, max-video-preview:-1\" \/>\n<link rel=\"canonical\" href=\"https:\/\/www.visitdaugavpils.lv\/lt\/par-daugavpils-novadu\/vesture\/\" \/>\n<meta property=\"og:locale\" content=\"lt_LT\" \/>\n<meta property=\"og:type\" content=\"article\" \/>\n<meta property=\"og:title\" content=\"Istorija - VISITDAUGAVPILS\" \/>\n<meta property=\"og:description\" content=\"\u012edom\u016bs faktai apie Augsdaugava kra\u0161t\u0105: Prie\u0161 740 met\u0173, 1275 m. Vecpilio piliakalnio vir\u0161\u016bn\u0117je, senosios latgali\u0173 pilies vietoje, Livonijos ordinas pastat\u0117 Dinaburgo pil\u012f, kuri yra Daugpilio pirmtak\u0117. Rusijos imperator\u0117 Jekaterina I (Marta Elena Skavronska) (1684\u20131727) gim\u0117 Vi\u0161kiuose. Egipto liuteron\u0173 parapijos ba\u017eny\u010dioje dirbo kunigas Oskaras Svensonas (1822\u20131884), kuris buvo Janio Pliek\u0161ano (Rainio) pirmasis mokytojas. XIX a. Lyksnoje ... &gt;&gt;\" \/>\n<meta property=\"og:url\" content=\"https:\/\/www.visitdaugavpils.lv\/lt\/par-daugavpils-novadu\/vesture\/\" \/>\n<meta property=\"og:site_name\" content=\"VISITDAUGAVPILS\" \/>\n<meta property=\"article:modified_time\" content=\"2025-03-06T11:02:41+00:00\" \/>\n<meta name=\"twitter:card\" content=\"summary_large_image\" \/>\n<meta name=\"twitter:label1\" content=\"Est. reading time\" \/>\n\t<meta name=\"twitter:data1\" content=\"1 minut\u0117\" \/>\n<script type=\"application\/ld+json\" class=\"yoast-schema-graph\">{\"@context\":\"https:\/\/schema.org\",\"@graph\":[{\"@type\":\"WebPage\",\"@id\":\"https:\/\/www.visitdaugavpils.lv\/lt\/par-daugavpils-novadu\/vesture\/\",\"url\":\"https:\/\/www.visitdaugavpils.lv\/lt\/par-daugavpils-novadu\/vesture\/\",\"name\":\"Istorija - VISITDAUGAVPILS\",\"isPartOf\":{\"@id\":\"https:\/\/www.visitdaugavpils.lv\/ru\/#website\"},\"datePublished\":\"2017-06-28T10:37:50+00:00\",\"dateModified\":\"2025-03-06T11:02:41+00:00\",\"breadcrumb\":{\"@id\":\"https:\/\/www.visitdaugavpils.lv\/lt\/par-daugavpils-novadu\/vesture\/#breadcrumb\"},\"inLanguage\":\"lt-LT\",\"potentialAction\":[{\"@type\":\"ReadAction\",\"target\":[\"https:\/\/www.visitdaugavpils.lv\/lt\/par-daugavpils-novadu\/vesture\/\"]}]},{\"@type\":\"BreadcrumbList\",\"@id\":\"https:\/\/www.visitdaugavpils.lv\/lt\/par-daugavpils-novadu\/vesture\/#breadcrumb\",\"itemListElement\":[{\"@type\":\"ListItem\",\"position\":1,\"name\":\"Home\",\"item\":\"https:\/\/www.visitdaugavpils.lv\/lt\/\"},{\"@type\":\"ListItem\",\"position\":2,\"name\":\"Apie Aug\u0161dauguvos kra\u0161t\u0105\",\"item\":\"https:\/\/www.visitdaugavpils.lv\/lt\/par-daugavpils-novadu\/\"},{\"@type\":\"ListItem\",\"position\":3,\"name\":\"Istorija\"}]},{\"@type\":\"WebSite\",\"@id\":\"https:\/\/www.visitdaugavpils.lv\/ru\/#website\",\"url\":\"https:\/\/www.visitdaugavpils.lv\/ru\/\",\"name\":\"VISITDAUGAVPILS\",\"description\":\"Daugavpils T\u016brisma Inform\u0101cijas Centrs\",\"publisher\":{\"@id\":\"https:\/\/www.visitdaugavpils.lv\/ru\/#organization\"},\"potentialAction\":[{\"@type\":\"SearchAction\",\"target\":{\"@type\":\"EntryPoint\",\"urlTemplate\":\"https:\/\/www.visitdaugavpils.lv\/ru\/?s={search_term_string}\"},\"query-input\":\"required name=search_term_string\"}],\"inLanguage\":\"lt-LT\"},{\"@type\":\"Organization\",\"@id\":\"https:\/\/www.visitdaugavpils.lv\/ru\/#organization\",\"name\":\"VISITDAUGAVPILS\",\"url\":\"https:\/\/www.visitdaugavpils.lv\/ru\/\",\"logo\":{\"@type\":\"ImageObject\",\"inLanguage\":\"lt-LT\",\"@id\":\"https:\/\/www.visitdaugavpils.lv\/ru\/#\/schema\/logo\/image\/\",\"url\":\"https:\/\/www.visitdaugavpils.lv\/wp-content\/uploads\/2017\/11\/VD_LOGO11_14_11.png\",\"contentUrl\":\"https:\/\/www.visitdaugavpils.lv\/wp-content\/uploads\/2017\/11\/VD_LOGO11_14_11.png\",\"width\":350,\"height\":100,\"caption\":\"VISITDAUGAVPILS\"},\"image\":{\"@id\":\"https:\/\/www.visitdaugavpils.lv\/ru\/#\/schema\/logo\/image\/\"}}]}<\/script>\n<!-- \/ Yoast SEO plugin. -->","yoast_head_json":{"title":"Istorija - VISITDAUGAVPILS","robots":{"index":"index","follow":"follow","max-snippet":"max-snippet:-1","max-image-preview":"max-image-preview:large","max-video-preview":"max-video-preview:-1"},"canonical":"https:\/\/www.visitdaugavpils.lv\/lt\/par-daugavpils-novadu\/vesture\/","og_locale":"lt_LT","og_type":"article","og_title":"Istorija - VISITDAUGAVPILS","og_description":"\u012edom\u016bs faktai apie Augsdaugava kra\u0161t\u0105: Prie\u0161 740 met\u0173, 1275 m. Vecpilio piliakalnio vir\u0161\u016bn\u0117je, senosios latgali\u0173 pilies vietoje, Livonijos ordinas pastat\u0117 Dinaburgo pil\u012f, kuri yra Daugpilio pirmtak\u0117. Rusijos imperator\u0117 Jekaterina I (Marta Elena Skavronska) (1684\u20131727) gim\u0117 Vi\u0161kiuose. Egipto liuteron\u0173 parapijos ba\u017eny\u010dioje dirbo kunigas Oskaras Svensonas (1822\u20131884), kuris buvo Janio Pliek\u0161ano (Rainio) pirmasis mokytojas. XIX a. Lyksnoje ... &gt;&gt;","og_url":"https:\/\/www.visitdaugavpils.lv\/lt\/par-daugavpils-novadu\/vesture\/","og_site_name":"VISITDAUGAVPILS","article_modified_time":"2025-03-06T11:02:41+00:00","twitter_card":"summary_large_image","twitter_misc":{"Est. reading time":"1 minut\u0117"},"schema":{"@context":"https:\/\/schema.org","@graph":[{"@type":"WebPage","@id":"https:\/\/www.visitdaugavpils.lv\/lt\/par-daugavpils-novadu\/vesture\/","url":"https:\/\/www.visitdaugavpils.lv\/lt\/par-daugavpils-novadu\/vesture\/","name":"Istorija - VISITDAUGAVPILS","isPartOf":{"@id":"https:\/\/www.visitdaugavpils.lv\/ru\/#website"},"datePublished":"2017-06-28T10:37:50+00:00","dateModified":"2025-03-06T11:02:41+00:00","breadcrumb":{"@id":"https:\/\/www.visitdaugavpils.lv\/lt\/par-daugavpils-novadu\/vesture\/#breadcrumb"},"inLanguage":"lt-LT","potentialAction":[{"@type":"ReadAction","target":["https:\/\/www.visitdaugavpils.lv\/lt\/par-daugavpils-novadu\/vesture\/"]}]},{"@type":"BreadcrumbList","@id":"https:\/\/www.visitdaugavpils.lv\/lt\/par-daugavpils-novadu\/vesture\/#breadcrumb","itemListElement":[{"@type":"ListItem","position":1,"name":"Home","item":"https:\/\/www.visitdaugavpils.lv\/lt\/"},{"@type":"ListItem","position":2,"name":"Apie Aug\u0161dauguvos kra\u0161t\u0105","item":"https:\/\/www.visitdaugavpils.lv\/lt\/par-daugavpils-novadu\/"},{"@type":"ListItem","position":3,"name":"Istorija"}]},{"@type":"WebSite","@id":"https:\/\/www.visitdaugavpils.lv\/ru\/#website","url":"https:\/\/www.visitdaugavpils.lv\/ru\/","name":"VISITDAUGAVPILS","description":"Daugavpils T\u016brisma Inform\u0101cijas Centrs","publisher":{"@id":"https:\/\/www.visitdaugavpils.lv\/ru\/#organization"},"potentialAction":[{"@type":"SearchAction","target":{"@type":"EntryPoint","urlTemplate":"https:\/\/www.visitdaugavpils.lv\/ru\/?s={search_term_string}"},"query-input":"required name=search_term_string"}],"inLanguage":"lt-LT"},{"@type":"Organization","@id":"https:\/\/www.visitdaugavpils.lv\/ru\/#organization","name":"VISITDAUGAVPILS","url":"https:\/\/www.visitdaugavpils.lv\/ru\/","logo":{"@type":"ImageObject","inLanguage":"lt-LT","@id":"https:\/\/www.visitdaugavpils.lv\/ru\/#\/schema\/logo\/image\/","url":"https:\/\/www.visitdaugavpils.lv\/wp-content\/uploads\/2017\/11\/VD_LOGO11_14_11.png","contentUrl":"https:\/\/www.visitdaugavpils.lv\/wp-content\/uploads\/2017\/11\/VD_LOGO11_14_11.png","width":350,"height":100,"caption":"VISITDAUGAVPILS"},"image":{"@id":"https:\/\/www.visitdaugavpils.lv\/ru\/#\/schema\/logo\/image\/"}}]}},"_links":{"self":[{"href":"https:\/\/www.visitdaugavpils.lv\/lt\/wp-json\/wp\/v2\/pages\/73286"}],"collection":[{"href":"https:\/\/www.visitdaugavpils.lv\/lt\/wp-json\/wp\/v2\/pages"}],"about":[{"href":"https:\/\/www.visitdaugavpils.lv\/lt\/wp-json\/wp\/v2\/types\/page"}],"author":[{"embeddable":true,"href":"https:\/\/www.visitdaugavpils.lv\/lt\/wp-json\/wp\/v2\/users\/1"}],"replies":[{"embeddable":true,"href":"https:\/\/www.visitdaugavpils.lv\/lt\/wp-json\/wp\/v2\/comments?post=73286"}],"version-history":[{"count":1,"href":"https:\/\/www.visitdaugavpils.lv\/lt\/wp-json\/wp\/v2\/pages\/73286\/revisions"}],"predecessor-version":[{"id":244835,"href":"https:\/\/www.visitdaugavpils.lv\/lt\/wp-json\/wp\/v2\/pages\/73286\/revisions\/244835"}],"up":[{"embeddable":true,"href":"https:\/\/www.visitdaugavpils.lv\/lt\/wp-json\/wp\/v2\/pages\/83170"}],"wp:attachment":[{"href":"https:\/\/www.visitdaugavpils.lv\/lt\/wp-json\/wp\/v2\/media?parent=73286"}],"curies":[{"name":"wp","href":"https:\/\/api.w.org\/{rel}","templated":true}]}}