{"id":73275,"date":"2017-06-28T13:36:33","date_gmt":"2017-06-28T10:36:33","guid":{"rendered":"https:\/\/www.visitdaugavpils.lv\/fakti-un-skaitli\/"},"modified":"2023-03-09T11:43:49","modified_gmt":"2023-03-09T09:43:49","slug":"fakti-un-skaitli","status":"publish","type":"page","link":"https:\/\/www.visitdaugavpils.lv\/lt\/par-daugavpils-novadu\/fakti-un-skaitli\/","title":{"rendered":"Faktai ir skai\u010diai"},"content":{"rendered":"<div class=\"d-none d-lg-block\">\n<p class=\"h3 mgb--m\" style=\"text-align: justify;\"><strong>Welcome to Augsdaugava district!<\/strong><br \/>\nEight bends of the Daugava River, the most beautiful sunsets and sunrises, wild horses and cranes\u2019 yelling, magnificent manors and castles, delicious food and hospitality &#8211; this is Augsdaugava region, the place where Selonia and Latgale meet! There are many places, where several outstanding personalities spent their childhood. Many places are still inspired by a special mood, surrounding nature, people and life stories \u2013 the House of Rainis in Berkenele, the dreamer land of<br \/>\nthe Old Stender\u2019s childhood, the Museum of the first national awakening members in Latgale \u2013 Skrinda brothers, the grape father Pauls Sukatnieks and his house \u201cAps\u012btes\u201d and an exhibition devoted to the Parisian artist Valentina Zeile at the Naujene Local History Museum. Augsdaugava region has breathtaking nature \u2013 the nature park \u201cDvietes paliene\u201d, which is a world-wide nesting place for migratory birds, the nature park \u201cDaugavas loki\u201d, where the Daugava River has eight picturesque bends, the nature reserve \u201cPilskalnes Siguldi\u0146a\u201d, where there are beautiful and clear lakes. Here in a friendly group you can embrace the largest boulder<br \/>\nin Latvia &#8211; the big boulder of Nicgale, and hear the roar of the ancient Bebrene mill. Those who like active tourism can soar in the clouds to enjoy the picturesque<br \/>\nlandscape of the district. Everyone can enjoy skiing or snowboarding at the ski resort \u201cEg\u013cukalns\u201d in winter, as well as take a ride on the Daugava River and the lakes of Augsdaugava region.<\/p>\n<\/div>\n<p>Augsdaugava district is a Latvian municipality, in which Daugavpils district and Ilukstes district were merged on July 1, 2021, after the 2021 administrative territorial reform of Latvia. It is bordered by Jekabpils, Livani and Preilu counties in the north, Kraslava county in the east, Lithuania&#8217;s Panevezys county in the west and Utena county in the south, as well as Vitebsk county in Belarus in the south.<\/p>\n<p>The administrative center of the county is located in the city of Daugavpils, which is not part of the Augsdaugava district. The territory of the district corresponds to the territory of Daugavpils district (1962-2009), which existed before the previous administrative territorial reform.<\/p>\n<p><strong>Coat of arms of the Augsdaugava District<\/strong><\/p>\n<p>Split head with wavy cut: blue and silver. In the upper field, a fluttering silver flag with tripartite ends, in the lower one, the same oak tree growing from a green base.<\/p>\n<p>The new district was formed by merging Daugavpils and Ilukstes districts.<\/p>\n<p>The coat of arms of Daugavpils county is based on fluttering silver flags, which indicate the special and important place of the county on the Latvian border. The upper part of the shield depicts a flag derived from the flags of the knights of the medieval Dinaburg Castle, while the blue color symbolizes Latgale Region.<\/p>\n<p>The symbolism of the coat of arms of Ilukste District is based on the story of a horse and oaks, respectively, in the lower part of the shield, a green oak is depicted in a silver field, which is also a symbol of the strength of our nation. The tree is depicted in Celia&#8217;s green color &#8211; in one variant with strong roots, in one &#8211; growing from a green base.<\/p>\n<p>Both of these symbols are separated by a wavy cut, which visually symbolizes the twists and turns of the Daugava River.<\/p>\n<p><img loading=\"lazy\" decoding=\"async\" class=\"alignnone wp-image-190956 size-large\" src=\"https:\/\/www.visitdaugavpils.lv\/wp-content\/uploads\/2023\/03\/Augsdaugavas-novada-gerbonis-scaled-e1675944684333-865x1024.jpg\" sizes=\"(max-width: 865px) 100vw, 865px\" srcset=\"https:\/\/www.visitdaugavpils.lv\/wp-content\/uploads\/2023\/03\/Augsdaugavas-novada-gerbonis-scaled-e1675944684333-865x1024.jpg 865w, https:\/\/www.visitdaugavpils.lv\/wp-content\/uploads\/2023\/03\/Augsdaugavas-novada-gerbonis-scaled-e1675944684333-253x300.jpg 253w, https:\/\/www.visitdaugavpils.lv\/wp-content\/uploads\/2023\/03\/Augsdaugavas-novada-gerbonis-scaled-e1675944684333-768x909.jpg 768w, https:\/\/www.visitdaugavpils.lv\/wp-content\/uploads\/2023\/03\/Augsdaugavas-novada-gerbonis-scaled-e1675944684333-1297x1536.jpg 1297w, https:\/\/www.visitdaugavpils.lv\/wp-content\/uploads\/2023\/03\/Augsdaugavas-novada-gerbonis-scaled-e1675944684333-1730x2048.jpg 1730w, https:\/\/www.visitdaugavpils.lv\/wp-content\/uploads\/2023\/03\/Augsdaugavas-novada-gerbonis-scaled-e1675944684333-135x160.jpg 135w, https:\/\/www.visitdaugavpils.lv\/wp-content\/uploads\/2023\/03\/Augsdaugavas-novada-gerbonis-scaled-e1675944684333.jpg 1881w\" alt=\"\" width=\"865\" height=\"1024\" \/><\/p>\n<p>&nbsp;<\/p>\n<p><strong>Population: 27,560<\/strong><\/p>\n<p>&nbsp;<\/p>\n","protected":false},"excerpt":{"rendered":"<p>Welcome to Augsdaugava district! Eight bends of the Daugava River, the most beautiful sunsets and sunrises, wild horses and cranes\u2019 yelling, magnificent manors and castles, delicious food and hospitality &#8211; this is Augsdaugava region, the place where Selonia and Latgale meet! There are many places, where several outstanding personalities spent their childhood. Many places are &#8230; <a title=\"Faktai ir skai\u010diai\" class=\"read-more\" href=\"https:\/\/www.visitdaugavpils.lv\/lt\/par-daugavpils-novadu\/fakti-un-skaitli\/\">&gt;&gt;<\/a><\/p>\n","protected":false},"author":1,"featured_media":0,"parent":83170,"menu_order":0,"comment_status":"closed","ping_status":"closed","template":"","meta":{"footnotes":""},"yoast_head":"<!-- This site is optimized with the Yoast SEO plugin v22.0 - https:\/\/yoast.com\/wordpress\/plugins\/seo\/ -->\n<title>Faktai ir skai\u010diai - VISITDAUGAVPILS<\/title>\n<meta name=\"robots\" content=\"index, follow, max-snippet:-1, max-image-preview:large, max-video-preview:-1\" \/>\n<link rel=\"canonical\" href=\"https:\/\/www.visitdaugavpils.lv\/lt\/par-daugavpils-novadu\/fakti-un-skaitli\/\" \/>\n<meta property=\"og:locale\" content=\"lt_LT\" \/>\n<meta property=\"og:type\" content=\"article\" \/>\n<meta property=\"og:title\" content=\"Faktai ir skai\u010diai - VISITDAUGAVPILS\" \/>\n<meta property=\"og:description\" content=\"Welcome to Augsdaugava district! Eight bends of the Daugava River, the most beautiful sunsets and sunrises, wild horses and cranes\u2019 yelling, magnificent manors and castles, delicious food and hospitality &#8211; this is Augsdaugava region, the place where Selonia and Latgale meet! There are many places, where several outstanding personalities spent their childhood. Many places are ... &gt;&gt;\" \/>\n<meta property=\"og:url\" content=\"https:\/\/www.visitdaugavpils.lv\/lt\/par-daugavpils-novadu\/fakti-un-skaitli\/\" \/>\n<meta property=\"og:site_name\" content=\"VISITDAUGAVPILS\" \/>\n<meta property=\"article:modified_time\" content=\"2023-03-09T09:43:49+00:00\" \/>\n<meta property=\"og:image\" content=\"https:\/\/www.visitdaugavpils.lv\/wp-content\/uploads\/2023\/03\/Augsdaugavas-novada-gerbonis-scaled-e1675944684333-865x1024.jpg\" \/>\n<meta name=\"twitter:card\" content=\"summary_large_image\" \/>\n<meta name=\"twitter:label1\" content=\"Est. reading time\" \/>\n\t<meta name=\"twitter:data1\" content=\"4 minut\u0117s\" \/>\n<script type=\"application\/ld+json\" class=\"yoast-schema-graph\">{\"@context\":\"https:\/\/schema.org\",\"@graph\":[{\"@type\":\"WebPage\",\"@id\":\"https:\/\/www.visitdaugavpils.lv\/lt\/par-daugavpils-novadu\/fakti-un-skaitli\/\",\"url\":\"https:\/\/www.visitdaugavpils.lv\/lt\/par-daugavpils-novadu\/fakti-un-skaitli\/\",\"name\":\"Faktai ir skai\u010diai - VISITDAUGAVPILS\",\"isPartOf\":{\"@id\":\"https:\/\/www.visitdaugavpils.lv\/ru\/#website\"},\"datePublished\":\"2017-06-28T10:36:33+00:00\",\"dateModified\":\"2023-03-09T09:43:49+00:00\",\"breadcrumb\":{\"@id\":\"https:\/\/www.visitdaugavpils.lv\/lt\/par-daugavpils-novadu\/fakti-un-skaitli\/#breadcrumb\"},\"inLanguage\":\"lt-LT\",\"potentialAction\":[{\"@type\":\"ReadAction\",\"target\":[\"https:\/\/www.visitdaugavpils.lv\/lt\/par-daugavpils-novadu\/fakti-un-skaitli\/\"]}]},{\"@type\":\"BreadcrumbList\",\"@id\":\"https:\/\/www.visitdaugavpils.lv\/lt\/par-daugavpils-novadu\/fakti-un-skaitli\/#breadcrumb\",\"itemListElement\":[{\"@type\":\"ListItem\",\"position\":1,\"name\":\"Home\",\"item\":\"https:\/\/www.visitdaugavpils.lv\/lt\/\"},{\"@type\":\"ListItem\",\"position\":2,\"name\":\"Apie Aug\u0161dauguvos kra\u0161t\u0105\",\"item\":\"https:\/\/www.visitdaugavpils.lv\/lt\/par-daugavpils-novadu\/\"},{\"@type\":\"ListItem\",\"position\":3,\"name\":\"Faktai ir skai\u010diai\"}]},{\"@type\":\"WebSite\",\"@id\":\"https:\/\/www.visitdaugavpils.lv\/ru\/#website\",\"url\":\"https:\/\/www.visitdaugavpils.lv\/ru\/\",\"name\":\"VISITDAUGAVPILS\",\"description\":\"Daugavpils T\u016brisma Inform\u0101cijas Centrs\",\"publisher\":{\"@id\":\"https:\/\/www.visitdaugavpils.lv\/ru\/#organization\"},\"potentialAction\":[{\"@type\":\"SearchAction\",\"target\":{\"@type\":\"EntryPoint\",\"urlTemplate\":\"https:\/\/www.visitdaugavpils.lv\/ru\/?s={search_term_string}\"},\"query-input\":\"required name=search_term_string\"}],\"inLanguage\":\"lt-LT\"},{\"@type\":\"Organization\",\"@id\":\"https:\/\/www.visitdaugavpils.lv\/ru\/#organization\",\"name\":\"VISITDAUGAVPILS\",\"url\":\"https:\/\/www.visitdaugavpils.lv\/ru\/\",\"logo\":{\"@type\":\"ImageObject\",\"inLanguage\":\"lt-LT\",\"@id\":\"https:\/\/www.visitdaugavpils.lv\/ru\/#\/schema\/logo\/image\/\",\"url\":\"https:\/\/www.visitdaugavpils.lv\/wp-content\/uploads\/2017\/11\/VD_LOGO11_14_11.png\",\"contentUrl\":\"https:\/\/www.visitdaugavpils.lv\/wp-content\/uploads\/2017\/11\/VD_LOGO11_14_11.png\",\"width\":350,\"height\":100,\"caption\":\"VISITDAUGAVPILS\"},\"image\":{\"@id\":\"https:\/\/www.visitdaugavpils.lv\/ru\/#\/schema\/logo\/image\/\"}}]}<\/script>\n<!-- \/ Yoast SEO plugin. -->","yoast_head_json":{"title":"Faktai ir skai\u010diai - VISITDAUGAVPILS","robots":{"index":"index","follow":"follow","max-snippet":"max-snippet:-1","max-image-preview":"max-image-preview:large","max-video-preview":"max-video-preview:-1"},"canonical":"https:\/\/www.visitdaugavpils.lv\/lt\/par-daugavpils-novadu\/fakti-un-skaitli\/","og_locale":"lt_LT","og_type":"article","og_title":"Faktai ir skai\u010diai - VISITDAUGAVPILS","og_description":"Welcome to Augsdaugava district! Eight bends of the Daugava River, the most beautiful sunsets and sunrises, wild horses and cranes\u2019 yelling, magnificent manors and castles, delicious food and hospitality &#8211; this is Augsdaugava region, the place where Selonia and Latgale meet! There are many places, where several outstanding personalities spent their childhood. Many places are ... &gt;&gt;","og_url":"https:\/\/www.visitdaugavpils.lv\/lt\/par-daugavpils-novadu\/fakti-un-skaitli\/","og_site_name":"VISITDAUGAVPILS","article_modified_time":"2023-03-09T09:43:49+00:00","og_image":[{"url":"https:\/\/www.visitdaugavpils.lv\/wp-content\/uploads\/2023\/03\/Augsdaugavas-novada-gerbonis-scaled-e1675944684333-865x1024.jpg"}],"twitter_card":"summary_large_image","twitter_misc":{"Est. reading time":"4 minut\u0117s"},"schema":{"@context":"https:\/\/schema.org","@graph":[{"@type":"WebPage","@id":"https:\/\/www.visitdaugavpils.lv\/lt\/par-daugavpils-novadu\/fakti-un-skaitli\/","url":"https:\/\/www.visitdaugavpils.lv\/lt\/par-daugavpils-novadu\/fakti-un-skaitli\/","name":"Faktai ir skai\u010diai - VISITDAUGAVPILS","isPartOf":{"@id":"https:\/\/www.visitdaugavpils.lv\/ru\/#website"},"datePublished":"2017-06-28T10:36:33+00:00","dateModified":"2023-03-09T09:43:49+00:00","breadcrumb":{"@id":"https:\/\/www.visitdaugavpils.lv\/lt\/par-daugavpils-novadu\/fakti-un-skaitli\/#breadcrumb"},"inLanguage":"lt-LT","potentialAction":[{"@type":"ReadAction","target":["https:\/\/www.visitdaugavpils.lv\/lt\/par-daugavpils-novadu\/fakti-un-skaitli\/"]}]},{"@type":"BreadcrumbList","@id":"https:\/\/www.visitdaugavpils.lv\/lt\/par-daugavpils-novadu\/fakti-un-skaitli\/#breadcrumb","itemListElement":[{"@type":"ListItem","position":1,"name":"Home","item":"https:\/\/www.visitdaugavpils.lv\/lt\/"},{"@type":"ListItem","position":2,"name":"Apie Aug\u0161dauguvos kra\u0161t\u0105","item":"https:\/\/www.visitdaugavpils.lv\/lt\/par-daugavpils-novadu\/"},{"@type":"ListItem","position":3,"name":"Faktai ir skai\u010diai"}]},{"@type":"WebSite","@id":"https:\/\/www.visitdaugavpils.lv\/ru\/#website","url":"https:\/\/www.visitdaugavpils.lv\/ru\/","name":"VISITDAUGAVPILS","description":"Daugavpils T\u016brisma Inform\u0101cijas Centrs","publisher":{"@id":"https:\/\/www.visitdaugavpils.lv\/ru\/#organization"},"potentialAction":[{"@type":"SearchAction","target":{"@type":"EntryPoint","urlTemplate":"https:\/\/www.visitdaugavpils.lv\/ru\/?s={search_term_string}"},"query-input":"required name=search_term_string"}],"inLanguage":"lt-LT"},{"@type":"Organization","@id":"https:\/\/www.visitdaugavpils.lv\/ru\/#organization","name":"VISITDAUGAVPILS","url":"https:\/\/www.visitdaugavpils.lv\/ru\/","logo":{"@type":"ImageObject","inLanguage":"lt-LT","@id":"https:\/\/www.visitdaugavpils.lv\/ru\/#\/schema\/logo\/image\/","url":"https:\/\/www.visitdaugavpils.lv\/wp-content\/uploads\/2017\/11\/VD_LOGO11_14_11.png","contentUrl":"https:\/\/www.visitdaugavpils.lv\/wp-content\/uploads\/2017\/11\/VD_LOGO11_14_11.png","width":350,"height":100,"caption":"VISITDAUGAVPILS"},"image":{"@id":"https:\/\/www.visitdaugavpils.lv\/ru\/#\/schema\/logo\/image\/"}}]}},"_links":{"self":[{"href":"https:\/\/www.visitdaugavpils.lv\/lt\/wp-json\/wp\/v2\/pages\/73275"}],"collection":[{"href":"https:\/\/www.visitdaugavpils.lv\/lt\/wp-json\/wp\/v2\/pages"}],"about":[{"href":"https:\/\/www.visitdaugavpils.lv\/lt\/wp-json\/wp\/v2\/types\/page"}],"author":[{"embeddable":true,"href":"https:\/\/www.visitdaugavpils.lv\/lt\/wp-json\/wp\/v2\/users\/1"}],"replies":[{"embeddable":true,"href":"https:\/\/www.visitdaugavpils.lv\/lt\/wp-json\/wp\/v2\/comments?post=73275"}],"version-history":[{"count":1,"href":"https:\/\/www.visitdaugavpils.lv\/lt\/wp-json\/wp\/v2\/pages\/73275\/revisions"}],"predecessor-version":[{"id":190990,"href":"https:\/\/www.visitdaugavpils.lv\/lt\/wp-json\/wp\/v2\/pages\/73275\/revisions\/190990"}],"up":[{"embeddable":true,"href":"https:\/\/www.visitdaugavpils.lv\/lt\/wp-json\/wp\/v2\/pages\/83170"}],"wp:attachment":[{"href":"https:\/\/www.visitdaugavpils.lv\/lt\/wp-json\/wp\/v2\/media?parent=73275"}],"curies":[{"name":"wp","href":"https:\/\/api.w.org\/{rel}","templated":true}]}}