{"id":73260,"date":"2017-06-28T11:13:36","date_gmt":"2017-06-28T08:13:36","guid":{"rendered":"https:\/\/www.visitdaugavpils.lv\/par-daugavpili\/"},"modified":"2020-03-13T12:39:29","modified_gmt":"2020-03-13T10:39:29","slug":"par-daugavpili","status":"publish","type":"page","link":"https:\/\/www.visitdaugavpils.lv\/lt\/par-daugavpili\/","title":{"rendered":"Apie Daugpil\u012f"},"content":{"rendered":"<p>Daugpilis \u2013 antras pagal dyd\u012f Latvijos miestas ir Ryt\u0173 Latvijos metropolis \u2013 pasauliui dav\u0119s i\u0161kil\u0173j\u012f meninink\u0105 Mark\u0105 Rotko, tango karali\u0173 kompozitori\u0173 Oskar\u0105 Strok\u0105 ir \u017eym\u0173j\u012f aktori\u0173 ir re\u017eisieri\u0173 Solomon\u0105 Michoels\u0105 (Vovs\u012f). Miesto simboliais yra tapusi XIX am\u017eiuje pastatyta tvirtov\u0117 ir \u0160ventovi\u0173 kalva. Daugpilis yra vienas i\u0161 nedaugelio Latvijos miest\u0173, galintis did\u017eiuotis \u012f viening\u0105 ansambl\u012f sujungtu unikaliu klasicizmo ir eklektizmo stiliaus u\u017estatymu.<\/p>\n<p>Esate laukiami Daugpilyje!<\/p>\n<p><iframe loading=\"lazy\" title=\"Discover your own Daugavpils!\" width=\"1200\" height=\"675\" src=\"https:\/\/www.youtube.com\/embed\/EWvh2ixKzwk?feature=oembed\" frameborder=\"0\" allow=\"accelerometer; autoplay; encrypted-media; gyroscope; picture-in-picture\" allowfullscreen><\/iframe><\/p>\n","protected":false},"excerpt":{"rendered":"<p>Daugpilis \u2013 antras pagal dyd\u012f Latvijos miestas ir Ryt\u0173 Latvijos metropolis \u2013 pasauliui dav\u0119s i\u0161kil\u0173j\u012f meninink\u0105 Mark\u0105 Rotko, tango karali\u0173 kompozitori\u0173 Oskar\u0105 Strok\u0105 ir \u017eym\u0173j\u012f aktori\u0173 ir re\u017eisieri\u0173 Solomon\u0105 Michoels\u0105 (Vovs\u012f). Miesto simboliais yra tapusi XIX am\u017eiuje pastatyta tvirtov\u0117 ir \u0160ventovi\u0173 kalva. Daugpilis yra vienas i\u0161 nedaugelio Latvijos miest\u0173, galintis did\u017eiuotis \u012f viening\u0105 ansambl\u012f sujungtu &#8230; <a title=\"Apie Daugpil\u012f\" class=\"read-more\" href=\"https:\/\/www.visitdaugavpils.lv\/lt\/par-daugavpili\/\">&gt;&gt;<\/a><\/p>\n","protected":false},"author":1,"featured_media":0,"parent":0,"menu_order":0,"comment_status":"closed","ping_status":"closed","template":"","meta":{"footnotes":""},"yoast_head":"<!-- This site is optimized with the Yoast SEO plugin v22.0 - https:\/\/yoast.com\/wordpress\/plugins\/seo\/ -->\n<title>Apie Daugpil\u012f - VISITDAUGAVPILS<\/title>\n<meta name=\"robots\" content=\"index, follow, max-snippet:-1, max-image-preview:large, max-video-preview:-1\" \/>\n<link rel=\"canonical\" href=\"https:\/\/www.visitdaugavpils.lv\/lt\/par-daugavpili\/\" \/>\n<meta property=\"og:locale\" content=\"lt_LT\" \/>\n<meta property=\"og:type\" content=\"article\" \/>\n<meta property=\"og:title\" content=\"Apie Daugpil\u012f - VISITDAUGAVPILS\" \/>\n<meta property=\"og:description\" content=\"Daugpilis \u2013 antras pagal dyd\u012f Latvijos miestas ir Ryt\u0173 Latvijos metropolis \u2013 pasauliui dav\u0119s i\u0161kil\u0173j\u012f meninink\u0105 Mark\u0105 Rotko, tango karali\u0173 kompozitori\u0173 Oskar\u0105 Strok\u0105 ir \u017eym\u0173j\u012f aktori\u0173 ir re\u017eisieri\u0173 Solomon\u0105 Michoels\u0105 (Vovs\u012f). Miesto simboliais yra tapusi XIX am\u017eiuje pastatyta tvirtov\u0117 ir \u0160ventovi\u0173 kalva. Daugpilis yra vienas i\u0161 nedaugelio Latvijos miest\u0173, galintis did\u017eiuotis \u012f viening\u0105 ansambl\u012f sujungtu ... &gt;&gt;\" \/>\n<meta property=\"og:url\" content=\"https:\/\/www.visitdaugavpils.lv\/lt\/par-daugavpili\/\" \/>\n<meta property=\"og:site_name\" content=\"VISITDAUGAVPILS\" \/>\n<meta property=\"article:modified_time\" content=\"2020-03-13T10:39:29+00:00\" \/>\n<meta name=\"twitter:card\" content=\"summary_large_image\" \/>\n<script type=\"application\/ld+json\" class=\"yoast-schema-graph\">{\"@context\":\"https:\/\/schema.org\",\"@graph\":[{\"@type\":\"WebPage\",\"@id\":\"https:\/\/www.visitdaugavpils.lv\/lt\/par-daugavpili\/\",\"url\":\"https:\/\/www.visitdaugavpils.lv\/lt\/par-daugavpili\/\",\"name\":\"Apie Daugpil\u012f - VISITDAUGAVPILS\",\"isPartOf\":{\"@id\":\"https:\/\/www.visitdaugavpils.lv\/ru\/#website\"},\"datePublished\":\"2017-06-28T08:13:36+00:00\",\"dateModified\":\"2020-03-13T10:39:29+00:00\",\"breadcrumb\":{\"@id\":\"https:\/\/www.visitdaugavpils.lv\/lt\/par-daugavpili\/#breadcrumb\"},\"inLanguage\":\"lt-LT\",\"potentialAction\":[{\"@type\":\"ReadAction\",\"target\":[\"https:\/\/www.visitdaugavpils.lv\/lt\/par-daugavpili\/\"]}]},{\"@type\":\"BreadcrumbList\",\"@id\":\"https:\/\/www.visitdaugavpils.lv\/lt\/par-daugavpili\/#breadcrumb\",\"itemListElement\":[{\"@type\":\"ListItem\",\"position\":1,\"name\":\"Home\",\"item\":\"https:\/\/www.visitdaugavpils.lv\/lt\/\"},{\"@type\":\"ListItem\",\"position\":2,\"name\":\"Apie Daugpil\u012f\"}]},{\"@type\":\"WebSite\",\"@id\":\"https:\/\/www.visitdaugavpils.lv\/ru\/#website\",\"url\":\"https:\/\/www.visitdaugavpils.lv\/ru\/\",\"name\":\"VISITDAUGAVPILS\",\"description\":\"Daugavpils T\u016brisma Inform\u0101cijas Centrs\",\"publisher\":{\"@id\":\"https:\/\/www.visitdaugavpils.lv\/ru\/#organization\"},\"potentialAction\":[{\"@type\":\"SearchAction\",\"target\":{\"@type\":\"EntryPoint\",\"urlTemplate\":\"https:\/\/www.visitdaugavpils.lv\/ru\/?s={search_term_string}\"},\"query-input\":\"required name=search_term_string\"}],\"inLanguage\":\"lt-LT\"},{\"@type\":\"Organization\",\"@id\":\"https:\/\/www.visitdaugavpils.lv\/ru\/#organization\",\"name\":\"VISITDAUGAVPILS\",\"url\":\"https:\/\/www.visitdaugavpils.lv\/ru\/\",\"logo\":{\"@type\":\"ImageObject\",\"inLanguage\":\"lt-LT\",\"@id\":\"https:\/\/www.visitdaugavpils.lv\/ru\/#\/schema\/logo\/image\/\",\"url\":\"https:\/\/www.visitdaugavpils.lv\/wp-content\/uploads\/2017\/11\/VD_LOGO11_14_11.png\",\"contentUrl\":\"https:\/\/www.visitdaugavpils.lv\/wp-content\/uploads\/2017\/11\/VD_LOGO11_14_11.png\",\"width\":350,\"height\":100,\"caption\":\"VISITDAUGAVPILS\"},\"image\":{\"@id\":\"https:\/\/www.visitdaugavpils.lv\/ru\/#\/schema\/logo\/image\/\"}}]}<\/script>\n<!-- \/ Yoast SEO plugin. -->","yoast_head_json":{"title":"Apie Daugpil\u012f - VISITDAUGAVPILS","robots":{"index":"index","follow":"follow","max-snippet":"max-snippet:-1","max-image-preview":"max-image-preview:large","max-video-preview":"max-video-preview:-1"},"canonical":"https:\/\/www.visitdaugavpils.lv\/lt\/par-daugavpili\/","og_locale":"lt_LT","og_type":"article","og_title":"Apie Daugpil\u012f - VISITDAUGAVPILS","og_description":"Daugpilis \u2013 antras pagal dyd\u012f Latvijos miestas ir Ryt\u0173 Latvijos metropolis \u2013 pasauliui dav\u0119s i\u0161kil\u0173j\u012f meninink\u0105 Mark\u0105 Rotko, tango karali\u0173 kompozitori\u0173 Oskar\u0105 Strok\u0105 ir \u017eym\u0173j\u012f aktori\u0173 ir re\u017eisieri\u0173 Solomon\u0105 Michoels\u0105 (Vovs\u012f). Miesto simboliais yra tapusi XIX am\u017eiuje pastatyta tvirtov\u0117 ir \u0160ventovi\u0173 kalva. Daugpilis yra vienas i\u0161 nedaugelio Latvijos miest\u0173, galintis did\u017eiuotis \u012f viening\u0105 ansambl\u012f sujungtu ... &gt;&gt;","og_url":"https:\/\/www.visitdaugavpils.lv\/lt\/par-daugavpili\/","og_site_name":"VISITDAUGAVPILS","article_modified_time":"2020-03-13T10:39:29+00:00","twitter_card":"summary_large_image","schema":{"@context":"https:\/\/schema.org","@graph":[{"@type":"WebPage","@id":"https:\/\/www.visitdaugavpils.lv\/lt\/par-daugavpili\/","url":"https:\/\/www.visitdaugavpils.lv\/lt\/par-daugavpili\/","name":"Apie Daugpil\u012f - VISITDAUGAVPILS","isPartOf":{"@id":"https:\/\/www.visitdaugavpils.lv\/ru\/#website"},"datePublished":"2017-06-28T08:13:36+00:00","dateModified":"2020-03-13T10:39:29+00:00","breadcrumb":{"@id":"https:\/\/www.visitdaugavpils.lv\/lt\/par-daugavpili\/#breadcrumb"},"inLanguage":"lt-LT","potentialAction":[{"@type":"ReadAction","target":["https:\/\/www.visitdaugavpils.lv\/lt\/par-daugavpili\/"]}]},{"@type":"BreadcrumbList","@id":"https:\/\/www.visitdaugavpils.lv\/lt\/par-daugavpili\/#breadcrumb","itemListElement":[{"@type":"ListItem","position":1,"name":"Home","item":"https:\/\/www.visitdaugavpils.lv\/lt\/"},{"@type":"ListItem","position":2,"name":"Apie Daugpil\u012f"}]},{"@type":"WebSite","@id":"https:\/\/www.visitdaugavpils.lv\/ru\/#website","url":"https:\/\/www.visitdaugavpils.lv\/ru\/","name":"VISITDAUGAVPILS","description":"Daugavpils T\u016brisma Inform\u0101cijas Centrs","publisher":{"@id":"https:\/\/www.visitdaugavpils.lv\/ru\/#organization"},"potentialAction":[{"@type":"SearchAction","target":{"@type":"EntryPoint","urlTemplate":"https:\/\/www.visitdaugavpils.lv\/ru\/?s={search_term_string}"},"query-input":"required name=search_term_string"}],"inLanguage":"lt-LT"},{"@type":"Organization","@id":"https:\/\/www.visitdaugavpils.lv\/ru\/#organization","name":"VISITDAUGAVPILS","url":"https:\/\/www.visitdaugavpils.lv\/ru\/","logo":{"@type":"ImageObject","inLanguage":"lt-LT","@id":"https:\/\/www.visitdaugavpils.lv\/ru\/#\/schema\/logo\/image\/","url":"https:\/\/www.visitdaugavpils.lv\/wp-content\/uploads\/2017\/11\/VD_LOGO11_14_11.png","contentUrl":"https:\/\/www.visitdaugavpils.lv\/wp-content\/uploads\/2017\/11\/VD_LOGO11_14_11.png","width":350,"height":100,"caption":"VISITDAUGAVPILS"},"image":{"@id":"https:\/\/www.visitdaugavpils.lv\/ru\/#\/schema\/logo\/image\/"}}]}},"_links":{"self":[{"href":"https:\/\/www.visitdaugavpils.lv\/lt\/wp-json\/wp\/v2\/pages\/73260"}],"collection":[{"href":"https:\/\/www.visitdaugavpils.lv\/lt\/wp-json\/wp\/v2\/pages"}],"about":[{"href":"https:\/\/www.visitdaugavpils.lv\/lt\/wp-json\/wp\/v2\/types\/page"}],"author":[{"embeddable":true,"href":"https:\/\/www.visitdaugavpils.lv\/lt\/wp-json\/wp\/v2\/users\/1"}],"replies":[{"embeddable":true,"href":"https:\/\/www.visitdaugavpils.lv\/lt\/wp-json\/wp\/v2\/comments?post=73260"}],"version-history":[{"count":0,"href":"https:\/\/www.visitdaugavpils.lv\/lt\/wp-json\/wp\/v2\/pages\/73260\/revisions"}],"wp:attachment":[{"href":"https:\/\/www.visitdaugavpils.lv\/lt\/wp-json\/wp\/v2\/media?parent=73260"}],"curies":[{"name":"wp","href":"https:\/\/api.w.org\/{rel}","templated":true}]}}