{"id":27466,"date":"2018-05-17T16:26:23","date_gmt":"2018-05-17T13:26:23","guid":{"rendered":"http:\/\/www.visitdaugavpils.lv\/?page_id=27466"},"modified":"2018-05-17T16:35:49","modified_gmt":"2018-05-17T13:35:49","slug":"muzeju-nakts-audio","status":"publish","type":"page","link":"https:\/\/www.visitdaugavpils.lv\/en\/muzeju-nakts-audio\/","title":{"rendered":"AUDIO CITY TOUR BY RETRO TRAM"},"content":{"rendered":"<p>Take an exciting tour by the retro tram!<\/p>\n<table style=\"width: 1061px;\">\n<tbody>\n<tr>\n<td style=\"text-align: center; width: 492px;\"><span style=\"color: #33cccc; font-size: 14pt;\"><strong>From Daugavpils fortress &#8211; To &#8220;\u0136\u012bmi\u0137u&#8221; district<\/strong><\/span><\/td>\n<td style=\"text-align: center; width: 533px;\"><strong><span style=\"color: #33cccc; font-size: 14pt;\">From &#8220;\u0136\u012bmi\u0137u&#8221; district &#8211; To Daugavpils fortress<\/span><\/strong><\/td>\n<\/tr>\n<tr>\n<td style=\"width: 492px;\">1. Tram stop FORTRESS<!--[if lt IE 9]><script>document.createElement('audio');<\/script><![endif]-->\n<audio class=\"wp-audio-shortcode\" id=\"audio-27466-1\" preload=\"none\" style=\"width: 100%;\" controls=\"controls\"><source type=\"audio\/mpeg\" src=\"http:\/\/www.visitdaugavpils.lv\/wp-content\/uploads\/2018\/05\/01.mp3?_=1\" \/><a href=\"http:\/\/www.visitdaugavpils.lv\/wp-content\/uploads\/2018\/05\/01.mp3\">http:\/\/www.visitdaugavpils.lv\/wp-content\/uploads\/2018\/05\/01.mp3<\/a><\/audio><\/td>\n<td style=\"width: 533px;\">1. Tram stop BUT\u013bEROVA STREET<audio class=\"wp-audio-shortcode\" id=\"audio-27466-2\" preload=\"none\" style=\"width: 100%;\" controls=\"controls\"><source type=\"audio\/mpeg\" src=\"http:\/\/www.visitdaugavpils.lv\/wp-content\/uploads\/2018\/05\/01-1.mp3?_=2\" \/><a href=\"http:\/\/www.visitdaugavpils.lv\/wp-content\/uploads\/2018\/05\/01-1.mp3\">http:\/\/www.visitdaugavpils.lv\/wp-content\/uploads\/2018\/05\/01-1.mp3<\/a><\/audio><\/td>\n<\/tr>\n<tr>\n<td style=\"width: 492px;\">2. Tram stop BALVU STREET<audio class=\"wp-audio-shortcode\" id=\"audio-27466-3\" preload=\"none\" style=\"width: 100%;\" controls=\"controls\"><source type=\"audio\/mpeg\" src=\"http:\/\/www.visitdaugavpils.lv\/wp-content\/uploads\/2018\/05\/02.mp3?_=3\" \/><a href=\"http:\/\/www.visitdaugavpils.lv\/wp-content\/uploads\/2018\/05\/02.mp3\">http:\/\/www.visitdaugavpils.lv\/wp-content\/uploads\/2018\/05\/02.mp3<\/a><\/audio><\/td>\n<td style=\"width: 533px;\">2. Tram stop CIALKOVSKA STREET<audio class=\"wp-audio-shortcode\" id=\"audio-27466-4\" preload=\"none\" style=\"width: 100%;\" controls=\"controls\"><source type=\"audio\/mpeg\" src=\"http:\/\/www.visitdaugavpils.lv\/wp-content\/uploads\/2018\/05\/02-1.mp3?_=4\" \/><a href=\"http:\/\/www.visitdaugavpils.lv\/wp-content\/uploads\/2018\/05\/02-1.mp3\">http:\/\/www.visitdaugavpils.lv\/wp-content\/uploads\/2018\/05\/02-1.mp3<\/a><\/audio><\/td>\n<\/tr>\n<tr>\n<td style=\"width: 492px;\">3.\u00a0Tram stop KANDAVAS STREET<audio class=\"wp-audio-shortcode\" id=\"audio-27466-5\" preload=\"none\" style=\"width: 100%;\" controls=\"controls\"><source type=\"audio\/mpeg\" src=\"http:\/\/www.visitdaugavpils.lv\/wp-content\/uploads\/2018\/05\/03.mp3?_=5\" \/><a href=\"http:\/\/www.visitdaugavpils.lv\/wp-content\/uploads\/2018\/05\/03.mp3\">http:\/\/www.visitdaugavpils.lv\/wp-content\/uploads\/2018\/05\/03.mp3<\/a><\/audio><\/td>\n<td style=\"width: 533px;\">3. Tram stop ZE\u013bINSKA STREET<audio class=\"wp-audio-shortcode\" id=\"audio-27466-6\" preload=\"none\" style=\"width: 100%;\" controls=\"controls\"><source type=\"audio\/mpeg\" src=\"http:\/\/www.visitdaugavpils.lv\/wp-content\/uploads\/2018\/05\/03-1.mp3?_=6\" \/><a href=\"http:\/\/www.visitdaugavpils.lv\/wp-content\/uploads\/2018\/05\/03-1.mp3\">http:\/\/www.visitdaugavpils.lv\/wp-content\/uploads\/2018\/05\/03-1.mp3<\/a><\/audio><\/td>\n<\/tr>\n<tr>\n<td style=\"width: 492px;\">4.\u00a0Tram stop\u00a0 UNITY HOUSE<audio class=\"wp-audio-shortcode\" id=\"audio-27466-7\" preload=\"none\" style=\"width: 100%;\" controls=\"controls\"><source type=\"audio\/mpeg\" src=\"http:\/\/www.visitdaugavpils.lv\/wp-content\/uploads\/2018\/05\/04.mp3?_=7\" \/><a href=\"http:\/\/www.visitdaugavpils.lv\/wp-content\/uploads\/2018\/05\/04.mp3\">http:\/\/www.visitdaugavpils.lv\/wp-content\/uploads\/2018\/05\/04.mp3<\/a><\/audio><\/td>\n<td style=\"width: 533px;\">4. Tram stop J\u0100TNIEKU STREET<audio class=\"wp-audio-shortcode\" id=\"audio-27466-8\" preload=\"none\" style=\"width: 100%;\" controls=\"controls\"><source type=\"audio\/mpeg\" src=\"http:\/\/www.visitdaugavpils.lv\/wp-content\/uploads\/2018\/05\/04-1.mp3?_=8\" \/><a href=\"http:\/\/www.visitdaugavpils.lv\/wp-content\/uploads\/2018\/05\/04-1.mp3\">http:\/\/www.visitdaugavpils.lv\/wp-content\/uploads\/2018\/05\/04-1.mp3<\/a><\/audio><\/td>\n<\/tr>\n<tr>\n<td style=\"width: 492px;\">5. Tram stop UNIVERSITY<audio class=\"wp-audio-shortcode\" id=\"audio-27466-9\" preload=\"none\" style=\"width: 100%;\" controls=\"controls\"><source type=\"audio\/mpeg\" src=\"http:\/\/www.visitdaugavpils.lv\/wp-content\/uploads\/2018\/05\/05.mp3?_=9\" \/><a href=\"http:\/\/www.visitdaugavpils.lv\/wp-content\/uploads\/2018\/05\/05.mp3\">http:\/\/www.visitdaugavpils.lv\/wp-content\/uploads\/2018\/05\/05.mp3<\/a><\/audio><\/td>\n<td style=\"width: 533px;\">5. Tram stop DAUGAVPILS PALACE OF CULTURE<audio class=\"wp-audio-shortcode\" id=\"audio-27466-10\" preload=\"none\" style=\"width: 100%;\" controls=\"controls\"><source type=\"audio\/mpeg\" src=\"http:\/\/www.visitdaugavpils.lv\/wp-content\/uploads\/2018\/05\/05-1.mp3?_=10\" \/><a href=\"http:\/\/www.visitdaugavpils.lv\/wp-content\/uploads\/2018\/05\/05-1.mp3\">http:\/\/www.visitdaugavpils.lv\/wp-content\/uploads\/2018\/05\/05-1.mp3<\/a><\/audio><\/td>\n<\/tr>\n<tr>\n<td style=\"width: 492px;\">6. Tram stop VIEN\u012aBAS STREET<audio class=\"wp-audio-shortcode\" id=\"audio-27466-11\" preload=\"none\" style=\"width: 100%;\" controls=\"controls\"><source type=\"audio\/mpeg\" src=\"http:\/\/www.visitdaugavpils.lv\/wp-content\/uploads\/2018\/05\/06.mp3?_=11\" \/><a href=\"http:\/\/www.visitdaugavpils.lv\/wp-content\/uploads\/2018\/05\/06.mp3\">http:\/\/www.visitdaugavpils.lv\/wp-content\/uploads\/2018\/05\/06.mp3<\/a><\/audio><\/td>\n<td style=\"width: 533px;\">6. Tram stop DAUGAVPILS 13 SECONDARY SCHOOL<audio class=\"wp-audio-shortcode\" id=\"audio-27466-12\" preload=\"none\" style=\"width: 100%;\" controls=\"controls\"><source type=\"audio\/mpeg\" src=\"http:\/\/www.visitdaugavpils.lv\/wp-content\/uploads\/2018\/05\/06-1.mp3?_=12\" \/><a href=\"http:\/\/www.visitdaugavpils.lv\/wp-content\/uploads\/2018\/05\/06-1.mp3\">http:\/\/www.visitdaugavpils.lv\/wp-content\/uploads\/2018\/05\/06-1.mp3<\/a><\/audio><\/td>\n<\/tr>\n<tr>\n<td style=\"width: 492px;\">7. Tram stop CIETOK\u0160\u0145A STREET<audio class=\"wp-audio-shortcode\" id=\"audio-27466-13\" preload=\"none\" style=\"width: 100%;\" controls=\"controls\"><source type=\"audio\/mpeg\" src=\"http:\/\/www.visitdaugavpils.lv\/wp-content\/uploads\/2018\/05\/07.mp3?_=13\" \/><a href=\"http:\/\/www.visitdaugavpils.lv\/wp-content\/uploads\/2018\/05\/07.mp3\">http:\/\/www.visitdaugavpils.lv\/wp-content\/uploads\/2018\/05\/07.mp3<\/a><\/audio><\/td>\n<td style=\"width: 533px;\">7. Tram stop VALKAS STREET<audio class=\"wp-audio-shortcode\" id=\"audio-27466-14\" preload=\"none\" style=\"width: 100%;\" controls=\"controls\"><source type=\"audio\/mpeg\" src=\"http:\/\/www.visitdaugavpils.lv\/wp-content\/uploads\/2018\/05\/07-1.mp3?_=14\" \/><a href=\"http:\/\/www.visitdaugavpils.lv\/wp-content\/uploads\/2018\/05\/07-1.mp3\">http:\/\/www.visitdaugavpils.lv\/wp-content\/uploads\/2018\/05\/07-1.mp3<\/a><\/audio><\/td>\n<\/tr>\n<tr>\n<td style=\"width: 492px;\">8. Tram stop CITY POLYCLINIC<audio class=\"wp-audio-shortcode\" id=\"audio-27466-15\" preload=\"none\" style=\"width: 100%;\" controls=\"controls\"><source type=\"audio\/mpeg\" src=\"http:\/\/www.visitdaugavpils.lv\/wp-content\/uploads\/2018\/05\/08.mp3?_=15\" \/><a href=\"http:\/\/www.visitdaugavpils.lv\/wp-content\/uploads\/2018\/05\/08.mp3\">http:\/\/www.visitdaugavpils.lv\/wp-content\/uploads\/2018\/05\/08.mp3<\/a><\/audio><\/td>\n<td style=\"width: 533px;\">8. Tram stop TUKUMA STREET<audio class=\"wp-audio-shortcode\" id=\"audio-27466-16\" preload=\"none\" style=\"width: 100%;\" controls=\"controls\"><source type=\"audio\/mpeg\" src=\"http:\/\/www.visitdaugavpils.lv\/wp-content\/uploads\/2018\/05\/08-1.mp3?_=16\" \/><a href=\"http:\/\/www.visitdaugavpils.lv\/wp-content\/uploads\/2018\/05\/08-1.mp3\">http:\/\/www.visitdaugavpils.lv\/wp-content\/uploads\/2018\/05\/08-1.mp3<\/a><\/audio><\/td>\n<\/tr>\n<tr>\n<td style=\"width: 492px;\">9. Tram stop CHURCH HILL<audio class=\"wp-audio-shortcode\" id=\"audio-27466-17\" preload=\"none\" style=\"width: 100%;\" controls=\"controls\"><source type=\"audio\/mpeg\" src=\"http:\/\/www.visitdaugavpils.lv\/wp-content\/uploads\/2018\/05\/09.mp3?_=17\" \/><a href=\"http:\/\/www.visitdaugavpils.lv\/wp-content\/uploads\/2018\/05\/09.mp3\">http:\/\/www.visitdaugavpils.lv\/wp-content\/uploads\/2018\/05\/09.mp3<\/a><\/audio><\/td>\n<td style=\"width: 533px;\">9. Tram stop JELGAVAS STREET<audio class=\"wp-audio-shortcode\" id=\"audio-27466-18\" preload=\"none\" style=\"width: 100%;\" controls=\"controls\"><source type=\"audio\/mpeg\" src=\"http:\/\/www.visitdaugavpils.lv\/wp-content\/uploads\/2018\/05\/09-1.mp3?_=18\" \/><a href=\"http:\/\/www.visitdaugavpils.lv\/wp-content\/uploads\/2018\/05\/09-1.mp3\">http:\/\/www.visitdaugavpils.lv\/wp-content\/uploads\/2018\/05\/09-1.mp3<\/a><\/audio><\/td>\n<\/tr>\n<tr>\n<td style=\"width: 492px;\">10. Tram stop VENTSPILS STREET<audio class=\"wp-audio-shortcode\" id=\"audio-27466-19\" preload=\"none\" style=\"width: 100%;\" controls=\"controls\"><source type=\"audio\/mpeg\" src=\"http:\/\/www.visitdaugavpils.lv\/wp-content\/uploads\/2018\/05\/10.mp3?_=19\" \/><a href=\"http:\/\/www.visitdaugavpils.lv\/wp-content\/uploads\/2018\/05\/10.mp3\">http:\/\/www.visitdaugavpils.lv\/wp-content\/uploads\/2018\/05\/10.mp3<\/a><\/audio><\/td>\n<td style=\"width: 533px;\">10. Tram stop VENTSPILS STREET<audio class=\"wp-audio-shortcode\" id=\"audio-27466-20\" preload=\"none\" style=\"width: 100%;\" controls=\"controls\"><source type=\"audio\/mpeg\" src=\"http:\/\/www.visitdaugavpils.lv\/wp-content\/uploads\/2018\/05\/10-1.mp3?_=20\" \/><a href=\"http:\/\/www.visitdaugavpils.lv\/wp-content\/uploads\/2018\/05\/10-1.mp3\">http:\/\/www.visitdaugavpils.lv\/wp-content\/uploads\/2018\/05\/10-1.mp3<\/a><\/audio><\/td>\n<\/tr>\n<tr>\n<td style=\"width: 492px;\">11. Tram stop JELGAVAS STREET<audio class=\"wp-audio-shortcode\" id=\"audio-27466-21\" preload=\"none\" style=\"width: 100%;\" controls=\"controls\"><source type=\"audio\/mpeg\" src=\"http:\/\/www.visitdaugavpils.lv\/wp-content\/uploads\/2018\/05\/11.mp3?_=21\" \/><a href=\"http:\/\/www.visitdaugavpils.lv\/wp-content\/uploads\/2018\/05\/11.mp3\">http:\/\/www.visitdaugavpils.lv\/wp-content\/uploads\/2018\/05\/11.mp3<\/a><\/audio><\/td>\n<td style=\"width: 533px;\">11. Tram stop CHURCH HILL<audio class=\"wp-audio-shortcode\" id=\"audio-27466-22\" preload=\"none\" style=\"width: 100%;\" controls=\"controls\"><source type=\"audio\/mpeg\" src=\"http:\/\/www.visitdaugavpils.lv\/wp-content\/uploads\/2018\/05\/11-1.mp3?_=22\" \/><a href=\"http:\/\/www.visitdaugavpils.lv\/wp-content\/uploads\/2018\/05\/11-1.mp3\">http:\/\/www.visitdaugavpils.lv\/wp-content\/uploads\/2018\/05\/11-1.mp3<\/a><\/audio><\/td>\n<\/tr>\n<tr>\n<td style=\"width: 492px;\">12. Tram stop TUKUMA STREET<audio class=\"wp-audio-shortcode\" id=\"audio-27466-23\" preload=\"none\" style=\"width: 100%;\" controls=\"controls\"><source type=\"audio\/mpeg\" src=\"http:\/\/www.visitdaugavpils.lv\/wp-content\/uploads\/2018\/05\/12.mp3?_=23\" \/><a href=\"http:\/\/www.visitdaugavpils.lv\/wp-content\/uploads\/2018\/05\/12.mp3\">http:\/\/www.visitdaugavpils.lv\/wp-content\/uploads\/2018\/05\/12.mp3<\/a><\/audio><\/td>\n<td style=\"width: 533px;\">12. Tram stop CITY POLYCLINIC<audio class=\"wp-audio-shortcode\" id=\"audio-27466-24\" preload=\"none\" style=\"width: 100%;\" controls=\"controls\"><source type=\"audio\/mpeg\" src=\"http:\/\/www.visitdaugavpils.lv\/wp-content\/uploads\/2018\/05\/12-1.mp3?_=24\" \/><a href=\"http:\/\/www.visitdaugavpils.lv\/wp-content\/uploads\/2018\/05\/12-1.mp3\">http:\/\/www.visitdaugavpils.lv\/wp-content\/uploads\/2018\/05\/12-1.mp3<\/a><\/audio><\/td>\n<\/tr>\n<tr>\n<td style=\"width: 492px;\">13. Tram stop VALKAS STREET<audio class=\"wp-audio-shortcode\" id=\"audio-27466-25\" preload=\"none\" style=\"width: 100%;\" controls=\"controls\"><source type=\"audio\/mpeg\" src=\"http:\/\/www.visitdaugavpils.lv\/wp-content\/uploads\/2018\/05\/13.mp3?_=25\" \/><a href=\"http:\/\/www.visitdaugavpils.lv\/wp-content\/uploads\/2018\/05\/13.mp3\">http:\/\/www.visitdaugavpils.lv\/wp-content\/uploads\/2018\/05\/13.mp3<\/a><\/audio><\/td>\n<td style=\"width: 533px;\">13. Tram stop CIETOK\u0160\u0145A STREET<audio class=\"wp-audio-shortcode\" id=\"audio-27466-26\" preload=\"none\" style=\"width: 100%;\" controls=\"controls\"><source type=\"audio\/mpeg\" src=\"http:\/\/www.visitdaugavpils.lv\/wp-content\/uploads\/2018\/05\/13-1.mp3?_=26\" \/><a href=\"http:\/\/www.visitdaugavpils.lv\/wp-content\/uploads\/2018\/05\/13-1.mp3\">http:\/\/www.visitdaugavpils.lv\/wp-content\/uploads\/2018\/05\/13-1.mp3<\/a><\/audio><\/td>\n<\/tr>\n<tr>\n<td style=\"width: 492px;\">14. Tram stop DAUGAVPILS 13 SECONDARY SCHOOL<audio class=\"wp-audio-shortcode\" id=\"audio-27466-27\" preload=\"none\" style=\"width: 100%;\" controls=\"controls\"><source type=\"audio\/mpeg\" src=\"http:\/\/www.visitdaugavpils.lv\/wp-content\/uploads\/2018\/05\/14.mp3?_=27\" \/><a href=\"http:\/\/www.visitdaugavpils.lv\/wp-content\/uploads\/2018\/05\/14.mp3\">http:\/\/www.visitdaugavpils.lv\/wp-content\/uploads\/2018\/05\/14.mp3<\/a><\/audio><\/td>\n<td style=\"width: 533px;\">14. Tram stop VIEN\u012aBAS STREET<audio class=\"wp-audio-shortcode\" id=\"audio-27466-28\" preload=\"none\" style=\"width: 100%;\" controls=\"controls\"><source type=\"audio\/mpeg\" src=\"http:\/\/www.visitdaugavpils.lv\/wp-content\/uploads\/2018\/05\/14-1.mp3?_=28\" \/><a href=\"http:\/\/www.visitdaugavpils.lv\/wp-content\/uploads\/2018\/05\/14-1.mp3\">http:\/\/www.visitdaugavpils.lv\/wp-content\/uploads\/2018\/05\/14-1.mp3<\/a><\/audio><\/td>\n<\/tr>\n<tr>\n<td style=\"width: 492px;\">15. Tram stop DAUGAVPILS PALACE OF CULTURE<audio class=\"wp-audio-shortcode\" id=\"audio-27466-29\" preload=\"none\" style=\"width: 100%;\" controls=\"controls\"><source type=\"audio\/mpeg\" src=\"http:\/\/www.visitdaugavpils.lv\/wp-content\/uploads\/2018\/05\/15.mp3?_=29\" \/><a href=\"http:\/\/www.visitdaugavpils.lv\/wp-content\/uploads\/2018\/05\/15.mp3\">http:\/\/www.visitdaugavpils.lv\/wp-content\/uploads\/2018\/05\/15.mp3<\/a><\/audio><\/td>\n<td style=\"width: 533px;\">15. Tram stop UNIVERSITY<audio class=\"wp-audio-shortcode\" id=\"audio-27466-30\" preload=\"none\" style=\"width: 100%;\" controls=\"controls\"><source type=\"audio\/mpeg\" src=\"http:\/\/www.visitdaugavpils.lv\/wp-content\/uploads\/2018\/05\/15-1.mp3?_=30\" \/><a href=\"http:\/\/www.visitdaugavpils.lv\/wp-content\/uploads\/2018\/05\/15-1.mp3\">http:\/\/www.visitdaugavpils.lv\/wp-content\/uploads\/2018\/05\/15-1.mp3<\/a><\/audio><\/td>\n<\/tr>\n<tr>\n<td style=\"width: 492px;\">16. Tram stop J\u0100TNIEKU STREET<audio class=\"wp-audio-shortcode\" id=\"audio-27466-31\" preload=\"none\" style=\"width: 100%;\" controls=\"controls\"><source type=\"audio\/mpeg\" src=\"http:\/\/www.visitdaugavpils.lv\/wp-content\/uploads\/2018\/05\/16.mp3?_=31\" \/><a href=\"http:\/\/www.visitdaugavpils.lv\/wp-content\/uploads\/2018\/05\/16.mp3\">http:\/\/www.visitdaugavpils.lv\/wp-content\/uploads\/2018\/05\/16.mp3<\/a><\/audio><\/td>\n<td style=\"width: 533px;\">16. Tram stop UNITY HOUSE<audio class=\"wp-audio-shortcode\" id=\"audio-27466-32\" preload=\"none\" style=\"width: 100%;\" controls=\"controls\"><source type=\"audio\/mpeg\" src=\"http:\/\/www.visitdaugavpils.lv\/wp-content\/uploads\/2018\/05\/16-1.mp3?_=32\" \/><a href=\"http:\/\/www.visitdaugavpils.lv\/wp-content\/uploads\/2018\/05\/16-1.mp3\">http:\/\/www.visitdaugavpils.lv\/wp-content\/uploads\/2018\/05\/16-1.mp3<\/a><\/audio><\/td>\n<\/tr>\n<tr>\n<td style=\"width: 492px;\">17. Tram stop ZE\u013bINSKA STREET<audio class=\"wp-audio-shortcode\" id=\"audio-27466-33\" preload=\"none\" style=\"width: 100%;\" controls=\"controls\"><source type=\"audio\/mpeg\" src=\"http:\/\/www.visitdaugavpils.lv\/wp-content\/uploads\/2018\/05\/17.mp3?_=33\" \/><a href=\"http:\/\/www.visitdaugavpils.lv\/wp-content\/uploads\/2018\/05\/17.mp3\">http:\/\/www.visitdaugavpils.lv\/wp-content\/uploads\/2018\/05\/17.mp3<\/a><\/audio><\/td>\n<td style=\"width: 533px;\">17. Tram stop MARKET<audio class=\"wp-audio-shortcode\" id=\"audio-27466-34\" preload=\"none\" style=\"width: 100%;\" controls=\"controls\"><source type=\"audio\/mpeg\" src=\"http:\/\/www.visitdaugavpils.lv\/wp-content\/uploads\/2018\/05\/17-1.mp3?_=34\" \/><a href=\"http:\/\/www.visitdaugavpils.lv\/wp-content\/uploads\/2018\/05\/17-1.mp3\">http:\/\/www.visitdaugavpils.lv\/wp-content\/uploads\/2018\/05\/17-1.mp3<\/a><\/audio><\/td>\n<\/tr>\n<tr>\n<td style=\"width: 492px;\">18. Tram stop CIALKOVSKA STREET<audio class=\"wp-audio-shortcode\" id=\"audio-27466-35\" preload=\"none\" style=\"width: 100%;\" controls=\"controls\"><source type=\"audio\/mpeg\" src=\"http:\/\/www.visitdaugavpils.lv\/wp-content\/uploads\/2018\/05\/18-1.mp3?_=35\" \/><a href=\"http:\/\/www.visitdaugavpils.lv\/wp-content\/uploads\/2018\/05\/18-1.mp3\">http:\/\/www.visitdaugavpils.lv\/wp-content\/uploads\/2018\/05\/18-1.mp3<\/a><\/audio><\/td>\n<td style=\"width: 533px;\">18. Tram stop BALVU STREET<audio class=\"wp-audio-shortcode\" id=\"audio-27466-36\" preload=\"none\" style=\"width: 100%;\" controls=\"controls\"><source type=\"audio\/mpeg\" src=\"http:\/\/www.visitdaugavpils.lv\/wp-content\/uploads\/2018\/05\/18-2.mp3?_=36\" \/><a href=\"http:\/\/www.visitdaugavpils.lv\/wp-content\/uploads\/2018\/05\/18-2.mp3\">http:\/\/www.visitdaugavpils.lv\/wp-content\/uploads\/2018\/05\/18-2.mp3<\/a><\/audio><\/td>\n<\/tr>\n<tr>\n<td style=\"width: 492px;\">19. Tram stop BUT\u013bEROVA STREET<audio class=\"wp-audio-shortcode\" id=\"audio-27466-37\" preload=\"none\" style=\"width: 100%;\" controls=\"controls\"><source type=\"audio\/mpeg\" src=\"http:\/\/www.visitdaugavpils.lv\/wp-content\/uploads\/2018\/05\/19.mp3?_=37\" \/><a href=\"http:\/\/www.visitdaugavpils.lv\/wp-content\/uploads\/2018\/05\/19.mp3\">http:\/\/www.visitdaugavpils.lv\/wp-content\/uploads\/2018\/05\/19.mp3<\/a><\/audio><\/td>\n<td style=\"width: 533px;\">19. Tram stop FORTRESS<audio class=\"wp-audio-shortcode\" id=\"audio-27466-38\" preload=\"none\" style=\"width: 100%;\" controls=\"controls\"><source type=\"audio\/mpeg\" src=\"http:\/\/www.visitdaugavpils.lv\/wp-content\/uploads\/2018\/05\/19-1.mp3?_=38\" \/><a href=\"http:\/\/www.visitdaugavpils.lv\/wp-content\/uploads\/2018\/05\/19-1.mp3\">http:\/\/www.visitdaugavpils.lv\/wp-content\/uploads\/2018\/05\/19-1.mp3<\/a><\/audio><\/td>\n<\/tr>\n<\/tbody>\n<\/table>\n","protected":false},"excerpt":{"rendered":"<p>Take an exciting tour by the retro tram! From Daugavpils fortress &#8211; To &#8220;\u0136\u012bmi\u0137u&#8221; district From &#8220;\u0136\u012bmi\u0137u&#8221; district &#8211; To Daugavpils fortress 1. Tram stop FORTRESS 1. Tram stop BUT\u013bEROVA STREET 2. Tram stop BALVU STREET 2. Tram stop CIALKOVSKA STREET 3.\u00a0Tram stop KANDAVAS STREET 3. Tram stop ZE\u013bINSKA STREET 4.\u00a0Tram stop\u00a0 UNITY HOUSE 4. &#8230; <a title=\"AUDIO CITY TOUR BY RETRO TRAM\" class=\"read-more\" href=\"https:\/\/www.visitdaugavpils.lv\/en\/muzeju-nakts-audio\/\">&gt;&gt;<\/a><\/p>\n","protected":false},"author":1,"featured_media":0,"parent":0,"menu_order":0,"comment_status":"closed","ping_status":"closed","template":"","meta":{"footnotes":""},"yoast_head":"<!-- This site is optimized with the Yoast SEO plugin v22.0 - https:\/\/yoast.com\/wordpress\/plugins\/seo\/ -->\n<title>AUDIO CITY TOUR BY RETRO TRAM - VISITDAUGAVPILS<\/title>\n<meta name=\"robots\" content=\"index, follow, max-snippet:-1, max-image-preview:large, max-video-preview:-1\" \/>\n<link rel=\"canonical\" href=\"https:\/\/www.visitdaugavpils.lv\/en\/muzeju-nakts-audio\/\" \/>\n<meta property=\"og:locale\" content=\"en_US\" \/>\n<meta property=\"og:type\" content=\"article\" \/>\n<meta property=\"og:title\" content=\"AUDIO CITY TOUR BY RETRO TRAM - VISITDAUGAVPILS\" \/>\n<meta property=\"og:description\" content=\"Take an exciting tour by the retro tram! From Daugavpils fortress &#8211; To &#8220;\u0136\u012bmi\u0137u&#8221; district From &#8220;\u0136\u012bmi\u0137u&#8221; district &#8211; To Daugavpils fortress 1. Tram stop FORTRESS 1. Tram stop BUT\u013bEROVA STREET 2. Tram stop BALVU STREET 2. Tram stop CIALKOVSKA STREET 3.\u00a0Tram stop KANDAVAS STREET 3. Tram stop ZE\u013bINSKA STREET 4.\u00a0Tram stop\u00a0 UNITY HOUSE 4. ... &gt;&gt;\" \/>\n<meta property=\"og:url\" content=\"https:\/\/www.visitdaugavpils.lv\/en\/muzeju-nakts-audio\/\" \/>\n<meta property=\"og:site_name\" content=\"VISITDAUGAVPILS\" \/>\n<meta property=\"article:modified_time\" content=\"2018-05-17T13:35:49+00:00\" \/>\n<meta name=\"twitter:card\" content=\"summary_large_image\" \/>\n<meta name=\"twitter:label1\" content=\"Est. reading time\" \/>\n\t<meta name=\"twitter:data1\" content=\"3 minutes\" \/>\n<script type=\"application\/ld+json\" class=\"yoast-schema-graph\">{\"@context\":\"https:\/\/schema.org\",\"@graph\":[{\"@type\":\"WebPage\",\"@id\":\"https:\/\/www.visitdaugavpils.lv\/en\/muzeju-nakts-audio\/\",\"url\":\"https:\/\/www.visitdaugavpils.lv\/en\/muzeju-nakts-audio\/\",\"name\":\"AUDIO CITY TOUR BY RETRO TRAM - VISITDAUGAVPILS\",\"isPartOf\":{\"@id\":\"https:\/\/www.visitdaugavpils.lv\/ru\/#website\"},\"datePublished\":\"2018-05-17T13:26:23+00:00\",\"dateModified\":\"2018-05-17T13:35:49+00:00\",\"breadcrumb\":{\"@id\":\"https:\/\/www.visitdaugavpils.lv\/en\/muzeju-nakts-audio\/#breadcrumb\"},\"inLanguage\":\"en-US\",\"potentialAction\":[{\"@type\":\"ReadAction\",\"target\":[\"https:\/\/www.visitdaugavpils.lv\/en\/muzeju-nakts-audio\/\"]}]},{\"@type\":\"BreadcrumbList\",\"@id\":\"https:\/\/www.visitdaugavpils.lv\/en\/muzeju-nakts-audio\/#breadcrumb\",\"itemListElement\":[{\"@type\":\"ListItem\",\"position\":1,\"name\":\"Home\",\"item\":\"https:\/\/www.visitdaugavpils.lv\/en\/\"},{\"@type\":\"ListItem\",\"position\":2,\"name\":\"AUDIO CITY TOUR BY RETRO TRAM\"}]},{\"@type\":\"WebSite\",\"@id\":\"https:\/\/www.visitdaugavpils.lv\/ru\/#website\",\"url\":\"https:\/\/www.visitdaugavpils.lv\/ru\/\",\"name\":\"VISITDAUGAVPILS\",\"description\":\"Daugavpils T\u016brisma Inform\u0101cijas Centrs\",\"publisher\":{\"@id\":\"https:\/\/www.visitdaugavpils.lv\/ru\/#organization\"},\"potentialAction\":[{\"@type\":\"SearchAction\",\"target\":{\"@type\":\"EntryPoint\",\"urlTemplate\":\"https:\/\/www.visitdaugavpils.lv\/ru\/?s={search_term_string}\"},\"query-input\":\"required name=search_term_string\"}],\"inLanguage\":\"en-US\"},{\"@type\":\"Organization\",\"@id\":\"https:\/\/www.visitdaugavpils.lv\/ru\/#organization\",\"name\":\"VISITDAUGAVPILS\",\"url\":\"https:\/\/www.visitdaugavpils.lv\/ru\/\",\"logo\":{\"@type\":\"ImageObject\",\"inLanguage\":\"en-US\",\"@id\":\"https:\/\/www.visitdaugavpils.lv\/ru\/#\/schema\/logo\/image\/\",\"url\":\"https:\/\/www.visitdaugavpils.lv\/wp-content\/uploads\/2017\/11\/VD_LOGO11_14_11.png\",\"contentUrl\":\"https:\/\/www.visitdaugavpils.lv\/wp-content\/uploads\/2017\/11\/VD_LOGO11_14_11.png\",\"width\":350,\"height\":100,\"caption\":\"VISITDAUGAVPILS\"},\"image\":{\"@id\":\"https:\/\/www.visitdaugavpils.lv\/ru\/#\/schema\/logo\/image\/\"}}]}<\/script>\n<!-- \/ Yoast SEO plugin. -->","yoast_head_json":{"title":"AUDIO CITY TOUR BY RETRO TRAM - VISITDAUGAVPILS","robots":{"index":"index","follow":"follow","max-snippet":"max-snippet:-1","max-image-preview":"max-image-preview:large","max-video-preview":"max-video-preview:-1"},"canonical":"https:\/\/www.visitdaugavpils.lv\/en\/muzeju-nakts-audio\/","og_locale":"en_US","og_type":"article","og_title":"AUDIO CITY TOUR BY RETRO TRAM - VISITDAUGAVPILS","og_description":"Take an exciting tour by the retro tram! From Daugavpils fortress &#8211; To &#8220;\u0136\u012bmi\u0137u&#8221; district From &#8220;\u0136\u012bmi\u0137u&#8221; district &#8211; To Daugavpils fortress 1. Tram stop FORTRESS 1. Tram stop BUT\u013bEROVA STREET 2. Tram stop BALVU STREET 2. Tram stop CIALKOVSKA STREET 3.\u00a0Tram stop KANDAVAS STREET 3. Tram stop ZE\u013bINSKA STREET 4.\u00a0Tram stop\u00a0 UNITY HOUSE 4. ... &gt;&gt;","og_url":"https:\/\/www.visitdaugavpils.lv\/en\/muzeju-nakts-audio\/","og_site_name":"VISITDAUGAVPILS","article_modified_time":"2018-05-17T13:35:49+00:00","twitter_card":"summary_large_image","twitter_misc":{"Est. reading time":"3 minutes"},"schema":{"@context":"https:\/\/schema.org","@graph":[{"@type":"WebPage","@id":"https:\/\/www.visitdaugavpils.lv\/en\/muzeju-nakts-audio\/","url":"https:\/\/www.visitdaugavpils.lv\/en\/muzeju-nakts-audio\/","name":"AUDIO CITY TOUR BY RETRO TRAM - VISITDAUGAVPILS","isPartOf":{"@id":"https:\/\/www.visitdaugavpils.lv\/ru\/#website"},"datePublished":"2018-05-17T13:26:23+00:00","dateModified":"2018-05-17T13:35:49+00:00","breadcrumb":{"@id":"https:\/\/www.visitdaugavpils.lv\/en\/muzeju-nakts-audio\/#breadcrumb"},"inLanguage":"en-US","potentialAction":[{"@type":"ReadAction","target":["https:\/\/www.visitdaugavpils.lv\/en\/muzeju-nakts-audio\/"]}]},{"@type":"BreadcrumbList","@id":"https:\/\/www.visitdaugavpils.lv\/en\/muzeju-nakts-audio\/#breadcrumb","itemListElement":[{"@type":"ListItem","position":1,"name":"Home","item":"https:\/\/www.visitdaugavpils.lv\/en\/"},{"@type":"ListItem","position":2,"name":"AUDIO CITY TOUR BY RETRO TRAM"}]},{"@type":"WebSite","@id":"https:\/\/www.visitdaugavpils.lv\/ru\/#website","url":"https:\/\/www.visitdaugavpils.lv\/ru\/","name":"VISITDAUGAVPILS","description":"Daugavpils T\u016brisma Inform\u0101cijas Centrs","publisher":{"@id":"https:\/\/www.visitdaugavpils.lv\/ru\/#organization"},"potentialAction":[{"@type":"SearchAction","target":{"@type":"EntryPoint","urlTemplate":"https:\/\/www.visitdaugavpils.lv\/ru\/?s={search_term_string}"},"query-input":"required name=search_term_string"}],"inLanguage":"en-US"},{"@type":"Organization","@id":"https:\/\/www.visitdaugavpils.lv\/ru\/#organization","name":"VISITDAUGAVPILS","url":"https:\/\/www.visitdaugavpils.lv\/ru\/","logo":{"@type":"ImageObject","inLanguage":"en-US","@id":"https:\/\/www.visitdaugavpils.lv\/ru\/#\/schema\/logo\/image\/","url":"https:\/\/www.visitdaugavpils.lv\/wp-content\/uploads\/2017\/11\/VD_LOGO11_14_11.png","contentUrl":"https:\/\/www.visitdaugavpils.lv\/wp-content\/uploads\/2017\/11\/VD_LOGO11_14_11.png","width":350,"height":100,"caption":"VISITDAUGAVPILS"},"image":{"@id":"https:\/\/www.visitdaugavpils.lv\/ru\/#\/schema\/logo\/image\/"}}]}},"_links":{"self":[{"href":"https:\/\/www.visitdaugavpils.lv\/en\/wp-json\/wp\/v2\/pages\/27466"}],"collection":[{"href":"https:\/\/www.visitdaugavpils.lv\/en\/wp-json\/wp\/v2\/pages"}],"about":[{"href":"https:\/\/www.visitdaugavpils.lv\/en\/wp-json\/wp\/v2\/types\/page"}],"author":[{"embeddable":true,"href":"https:\/\/www.visitdaugavpils.lv\/en\/wp-json\/wp\/v2\/users\/1"}],"replies":[{"embeddable":true,"href":"https:\/\/www.visitdaugavpils.lv\/en\/wp-json\/wp\/v2\/comments?post=27466"}],"version-history":[{"count":0,"href":"https:\/\/www.visitdaugavpils.lv\/en\/wp-json\/wp\/v2\/pages\/27466\/revisions"}],"wp:attachment":[{"href":"https:\/\/www.visitdaugavpils.lv\/en\/wp-json\/wp\/v2\/media?parent=27466"}],"curies":[{"name":"wp","href":"https:\/\/api.w.org\/{rel}","templated":true}]}}