{"id":1126,"date":"2017-06-28T13:39:10","date_gmt":"2017-06-28T10:39:10","guid":{"rendered":"http:\/\/www.visitdaugavpils.lv\/\/?page_id=1126\/"},"modified":"2025-03-06T13:07:24","modified_gmt":"2025-03-06T11:07:24","slug":"izcilas-personibas","status":"publish","type":"page","link":"https:\/\/www.visitdaugavpils.lv\/en\/about-us\/daugavpils-region\/about-daugavpils-region\/izcilas-personibas\/","title":{"rendered":"Outstanding personalities"},"content":{"rendered":"<p>RAINIS<\/p>\n<p style=\"text-align: justify;\">One of most outstanding among writers, poets, and dramatists of Latvia, also politician.\u00a0 <strong>J\u0101nis Pliek\u0161\u0101ns<\/strong> by real name, he was born on September 11, 1865 in Varslav\u0101ni homestead of Dunava parish, passed away on September 12, 1929 in Majori.<\/p>\n<p style=\"text-align: justify;\">Rainis\u2019 childhood passed in semi-manor estates of Tadenava (1865.-1869.), Randene (1869.-1872.), Berkenele (1872.-1881.), Vasilova (1881.-1883.), and Jasmui\u017ea (1883.-1891.). Aged eight to nine, as a boarding student, Rainis studied with parson Oskars Svensons from Vilkumiests, nicknamed Egypt, and from August 1875 till December 1879 \u2013 in Gr\u012bva German School (nowadays &#8211; J. Rainis Daugavpils Secondary school No.6. His childhood observations and memories are collected in his autobiographical epic \u2018Years of Sun\u2019 (Saules gadi, 1925).<\/p>\n<p style=\"text-align: justify;\">There are three of these estates located in Augsdaugava district \u2013 Ber\u0137enele semi-manor is still preserved, and there one can visit expositon \u201cRainis House in Berkenele\u201d. Randene semi-manor was destroyed during World War II. Now at the place of the former house you can see the memorial sign telling that J. Rainis lived in Randene. Sculptor I. Dobichin is the author of the memorial sign. the author of the memorial sign. The memorial sign is set also in Vasilova, on the left side of the highway Daugavpils-Rezekne, at the place where Vasilova semi-manor was located.<br \/>\nHis childhood observations and memories are collected in his autobiographical epic &#8220;Years of Sun&#8221;(Saules gadi, 1925).<\/p>\n<table style=\"width: 823px;\">\n<tbody>\n<tr style=\"height: 265px;\">\n<td style=\"width: 153px; height: 265px;\">\n<p><figure id=\"attachment_15448\" aria-describedby=\"caption-attachment-15448\" style=\"width: 120px\" class=\"wp-caption alignnone\"><img loading=\"lazy\" decoding=\"async\" class=\" wp-image-15448\" src=\"https:\/\/www.visitdaugavpils.lv\/wp-content\/uploads\/2017\/10\/Rainis1880gadaa.jpg\" alt=\"\" width=\"130\" height=\"176\" srcset=\"https:\/\/www.visitdaugavpils.lv\/wp-content\/uploads\/2017\/10\/Rainis1880gadaa.jpg 193w, https:\/\/www.visitdaugavpils.lv\/wp-content\/uploads\/2017\/10\/Rainis1880gadaa-111x150.jpg 111w\" sizes=\"(max-width: 130px) 100vw, 130px\" \/><figcaption id=\"caption-attachment-15448\" class=\"wp-caption-text\">Rainis attending gymnasium (1880)<\/figcaption><\/figure><\/td>\n<td style=\"width: 222px; height: 265px;\">\n<p><figure id=\"attachment_15451\" aria-describedby=\"caption-attachment-15451\" style=\"width: 217px\" class=\"wp-caption alignnone\"><img loading=\"lazy\" decoding=\"async\" class=\" wp-image-15451\" src=\"https:\/\/www.visitdaugavpils.lv\/wp-content\/uploads\/2017\/10\/j.raina-maja-berkenele-janarainamajaberkenele6-300x225.jpg\" alt=\"\" width=\"227\" height=\"170\" srcset=\"https:\/\/www.visitdaugavpils.lv\/wp-content\/uploads\/2017\/10\/j.raina-maja-berkenele-janarainamajaberkenele6-300x225.jpg 300w, https:\/\/www.visitdaugavpils.lv\/wp-content\/uploads\/2017\/10\/j.raina-maja-berkenele-janarainamajaberkenele6-150x113.jpg 150w, https:\/\/www.visitdaugavpils.lv\/wp-content\/uploads\/2017\/10\/j.raina-maja-berkenele-janarainamajaberkenele6-82x60.jpg 82w, https:\/\/www.visitdaugavpils.lv\/wp-content\/uploads\/2017\/10\/j.raina-maja-berkenele-janarainamajaberkenele6.jpg 640w\" sizes=\"(max-width: 227px) 100vw, 227px\" \/><figcaption id=\"caption-attachment-15451\" class=\"wp-caption-text\">Rainis House in Berkenele<\/figcaption><\/figure><\/td>\n<td style=\"width: 214px; height: 265px;\">\n<p><figure id=\"attachment_15424\" aria-describedby=\"caption-attachment-15424\" style=\"width: 198px\" class=\"wp-caption alignnone\"><img loading=\"lazy\" decoding=\"async\" class=\" wp-image-15424\" src=\"https:\/\/www.visitdaugavpils.lv\/wp-content\/uploads\/2017\/10\/pieminas-akmens-raina-vecaku-bijuso-maju-vieta-randene-300x225.jpg\" alt=\"\" width=\"208\" height=\"156\" srcset=\"https:\/\/www.visitdaugavpils.lv\/wp-content\/uploads\/2017\/10\/pieminas-akmens-raina-vecaku-bijuso-maju-vieta-randene-300x225.jpg 300w, https:\/\/www.visitdaugavpils.lv\/wp-content\/uploads\/2017\/10\/pieminas-akmens-raina-vecaku-bijuso-maju-vieta-randene-150x113.jpg 150w, https:\/\/www.visitdaugavpils.lv\/wp-content\/uploads\/2017\/10\/pieminas-akmens-raina-vecaku-bijuso-maju-vieta-randene.jpg 600w\" sizes=\"(max-width: 208px) 100vw, 208px\" \/><figcaption id=\"caption-attachment-15424\" class=\"wp-caption-text\">The Memorial Place of the Former House of Rainis Parents in Randene<\/figcaption><\/figure><\/td>\n<td style=\"width: 162px; height: 265px;\">\n<p><figure id=\"attachment_15468\" aria-describedby=\"caption-attachment-15468\" style=\"width: 127px\" class=\"wp-caption alignnone\"><img loading=\"lazy\" decoding=\"async\" class=\" wp-image-15468\" src=\"https:\/\/www.visitdaugavpils.lv\/wp-content\/uploads\/2017\/10\/VasilovaPieminasAkmens-234x300.jpg\" alt=\"\" width=\"137\" height=\"176\" srcset=\"https:\/\/www.visitdaugavpils.lv\/wp-content\/uploads\/2017\/10\/VasilovaPieminasAkmens-234x300.jpg 234w, https:\/\/www.visitdaugavpils.lv\/wp-content\/uploads\/2017\/10\/VasilovaPieminasAkmens-117x150.jpg 117w, https:\/\/www.visitdaugavpils.lv\/wp-content\/uploads\/2017\/10\/VasilovaPieminasAkmens.jpg 623w\" sizes=\"(max-width: 137px) 100vw, 137px\" \/><figcaption id=\"caption-attachment-15468\" class=\"wp-caption-text\">The memorial stone at the place of the former Rainis parent\u2019s house in Vasilova<\/figcaption><\/figure><\/td>\n<\/tr>\n<\/tbody>\n<\/table>\n<p>BROTHERS SKRINDA<\/p>\n<p>Brothers Skrinda (bruoli Skryndys) \u2013 the well-known members of the Latgale awakening movement (&#8220;Atmoda&#8221;) Benedict Skrinda (1869-1947), Kazimirs Skrinda (1875-1919), and Antons Skrinda (1881-1918), born in L\u012bksna Parish village Liepas Muk\u0101ni (now Vaboles\u00a0 parish) in family of landowners Donats and Apolony Skrinda. In order to provide an insight into Latgale&#8217;s cultural history through the contribution of brothers Skrinda in education of people, highlighting the importance of the Latgalian language and Catholicism in the cultural life of Latgale, the Skrinda family museum was created. The museum is located in\u00a0 Vabole, Augsdaugava District, it was opened on June 16, 1996. Museum is situated in one of the buildings of Count Plater-Zyberk manor built in the beginning of the 19th century.<\/p>\n<p style=\"text-align: justify;\">.<\/p>\n<figure id=\"attachment_15463\" aria-describedby=\"caption-attachment-15463\" style=\"width: 290px\" class=\"wp-caption aligncenter\"><img loading=\"lazy\" decoding=\"async\" class=\"size-medium wp-image-15463\" src=\"https:\/\/www.visitdaugavpils.lv\/wp-content\/uploads\/2017\/10\/SkrinduDzimtasMuzejs-300x199.jpg\" alt=\"\" width=\"300\" height=\"199\" srcset=\"https:\/\/www.visitdaugavpils.lv\/wp-content\/uploads\/2017\/10\/SkrinduDzimtasMuzejs-300x199.jpg 300w, https:\/\/www.visitdaugavpils.lv\/wp-content\/uploads\/2017\/10\/SkrinduDzimtasMuzejs-768x510.jpg 768w, https:\/\/www.visitdaugavpils.lv\/wp-content\/uploads\/2017\/10\/SkrinduDzimtasMuzejs-150x100.jpg 150w, https:\/\/www.visitdaugavpils.lv\/wp-content\/uploads\/2017\/10\/SkrinduDzimtasMuzejs-244x163.jpg 244w, https:\/\/www.visitdaugavpils.lv\/wp-content\/uploads\/2017\/10\/SkrinduDzimtasMuzejs-246x162.jpg 246w, https:\/\/www.visitdaugavpils.lv\/wp-content\/uploads\/2017\/10\/SkrinduDzimtasMuzejs.jpg 960w\" sizes=\"(max-width: 300px) 100vw, 300px\" \/><figcaption id=\"caption-attachment-15463\" class=\"wp-caption-text\">Skrinda family museum, Vabole<\/figcaption><\/figure>\n<p style=\"text-align: justify;\"><strong>Benedikts Skrinda<\/strong> (Benedikts Skrynda) \u2013 Catholic priest and writer. Prior of the Vilani Monastery (1924-1947). After the death of their parents, he was obliged to lead the farm, and only at the age of 31 years &#8211; from 1899 started studies at the Mogilev Catholic Seminary, consecrated in 1903 as a priest. He worked as a vicar in Russia, a deacon in various churches in Latvia. In 1913, he published a book of spiritual character &#8220;Sv\u0101tam Stanislavam Kostkam&#8221;. He headed the Vilani Monastery from 1924 until December 1947, when the monastery was closed down by the USSR authorities, and ordered all the monks to release the premises. During the process of moving out things, one of the militiamans took father Benedict behind his neck and heavily choked. Benedict Scrinda died a few days after this incident, December 10, 1947, buried in the garden of church of Vilani.<\/p>\n<p><strong>Kazimirs Skrinda<\/strong> (Kazimirs Skrynda) \u2013 Catholic priest, Master of Theology, educator and publicist. Professor and Inspector of the St. Petersburg Catholic Seminary (1904-1910). Editor of the newspapers &#8220;Ticeiba un Dzeive&#8221; (1908), &#8220;Drywa&#8221; (1908-1917) un &#8220;Jauno Drywa&#8221; (1918) redaktors.<\/p>\n<p style=\"text-align: justify;\"><strong>Antons Skrinda<\/strong> (Ontons Skrynda) \u2013 Latvian military doctor and writer. Composer of poetry collection &#8220;K\u016bkle&#8221; (1914).<\/p>\n<table>\n<tbody>\n<tr>\n<td>\n<p><figure id=\"attachment_15457\" aria-describedby=\"caption-attachment-15457\" style=\"width: 197px\" class=\"wp-caption alignnone\"><img loading=\"lazy\" decoding=\"async\" class=\"size-medium wp-image-15457\" src=\"https:\/\/www.visitdaugavpils.lv\/wp-content\/uploads\/2017\/10\/Benedikts_Skrinda-207x300.jpg\" alt=\"\" width=\"207\" height=\"300\" srcset=\"https:\/\/www.visitdaugavpils.lv\/wp-content\/uploads\/2017\/10\/Benedikts_Skrinda-207x300.jpg 207w, https:\/\/www.visitdaugavpils.lv\/wp-content\/uploads\/2017\/10\/Benedikts_Skrinda-103x150.jpg 103w, https:\/\/www.visitdaugavpils.lv\/wp-content\/uploads\/2017\/10\/Benedikts_Skrinda.jpg 524w\" sizes=\"(max-width: 207px) 100vw, 207px\" \/><figcaption id=\"caption-attachment-15457\" class=\"wp-caption-text\"><span style=\"font-size: 16px;\">Benedikts Skrinda (1869-1947)<\/span><\/figcaption><\/figure><\/td>\n<td>\n<p><figure id=\"attachment_15454\" aria-describedby=\"caption-attachment-15454\" style=\"width: 178px\" class=\"wp-caption alignnone\"><img loading=\"lazy\" decoding=\"async\" class=\"size-medium wp-image-15454\" src=\"https:\/\/www.visitdaugavpils.lv\/wp-content\/uploads\/2017\/10\/Kazimirs_Skrinda-188x300.jpg\" alt=\"\" width=\"188\" height=\"300\" srcset=\"https:\/\/www.visitdaugavpils.lv\/wp-content\/uploads\/2017\/10\/Kazimirs_Skrinda-188x300.jpg 188w, https:\/\/www.visitdaugavpils.lv\/wp-content\/uploads\/2017\/10\/Kazimirs_Skrinda-94x150.jpg 94w, https:\/\/www.visitdaugavpils.lv\/wp-content\/uploads\/2017\/10\/Kazimirs_Skrinda.jpg 232w\" sizes=\"(max-width: 188px) 100vw, 188px\" \/><figcaption id=\"caption-attachment-15454\" class=\"wp-caption-text\"><span style=\"font-size: 16px;\">Kazimirs Skrinda (1875-1919)<\/span><\/figcaption><\/figure><\/td>\n<td>\n<p><figure id=\"attachment_15460\" aria-describedby=\"caption-attachment-15460\" style=\"width: 199px\" class=\"wp-caption alignnone\"><img loading=\"lazy\" decoding=\"async\" class=\"size-medium wp-image-15460\" src=\"https:\/\/www.visitdaugavpils.lv\/wp-content\/uploads\/2017\/10\/Antons_Skrinda-209x300.jpg\" alt=\"\" width=\"209\" height=\"300\" srcset=\"https:\/\/www.visitdaugavpils.lv\/wp-content\/uploads\/2017\/10\/Antons_Skrinda-209x300.jpg 209w, https:\/\/www.visitdaugavpils.lv\/wp-content\/uploads\/2017\/10\/Antons_Skrinda-105x150.jpg 105w, https:\/\/www.visitdaugavpils.lv\/wp-content\/uploads\/2017\/10\/Antons_Skrinda.jpg 398w\" sizes=\"(max-width: 209px) 100vw, 209px\" \/><figcaption id=\"caption-attachment-15460\" class=\"wp-caption-text\"><span style=\"font-size: 16px;\">Antons Skrinda (1881-1918)<\/span><\/figcaption><\/figure><\/td>\n<\/tr>\n<\/tbody>\n<\/table>\n","protected":false},"excerpt":{"rendered":"<p>RAINIS One of most outstanding among writers, poets, and dramatists of Latvia, also politician.\u00a0 J\u0101nis Pliek\u0161\u0101ns by real name, he was born on September 11, 1865 in Varslav\u0101ni homestead of Dunava parish, passed away on September 12, 1929 in Majori. Rainis\u2019 childhood passed in semi-manor estates of Tadenava (1865.-1869.), Randene (1869.-1872.), Berkenele (1872.-1881.), Vasilova (1881.-1883.), &#8230; <a title=\"Outstanding personalities\" class=\"read-more\" href=\"https:\/\/www.visitdaugavpils.lv\/en\/about-us\/daugavpils-region\/about-daugavpils-region\/izcilas-personibas\/\">&gt;&gt;<\/a><\/p>\n","protected":false},"author":1,"featured_media":0,"parent":1107,"menu_order":0,"comment_status":"closed","ping_status":"closed","template":"","meta":{"footnotes":""},"yoast_head":"<!-- This site is optimized with the Yoast SEO plugin v22.0 - https:\/\/yoast.com\/wordpress\/plugins\/seo\/ -->\n<title>Outstanding personalities - VISITDAUGAVPILS<\/title>\n<meta name=\"robots\" content=\"index, follow, max-snippet:-1, max-image-preview:large, max-video-preview:-1\" \/>\n<link rel=\"canonical\" href=\"https:\/\/www.visitdaugavpils.lv\/en\/about-us\/daugavpils-region\/about-daugavpils-region\/izcilas-personibas\/\" \/>\n<meta property=\"og:locale\" content=\"en_US\" \/>\n<meta property=\"og:type\" content=\"article\" \/>\n<meta property=\"og:title\" content=\"Outstanding personalities - VISITDAUGAVPILS\" \/>\n<meta property=\"og:description\" content=\"RAINIS One of most outstanding among writers, poets, and dramatists of Latvia, also politician.\u00a0 J\u0101nis Pliek\u0161\u0101ns by real name, he was born on September 11, 1865 in Varslav\u0101ni homestead of Dunava parish, passed away on September 12, 1929 in Majori. Rainis\u2019 childhood passed in semi-manor estates of Tadenava (1865.-1869.), Randene (1869.-1872.), Berkenele (1872.-1881.), Vasilova (1881.-1883.), ... &gt;&gt;\" \/>\n<meta property=\"og:url\" content=\"https:\/\/www.visitdaugavpils.lv\/en\/about-us\/daugavpils-region\/about-daugavpils-region\/izcilas-personibas\/\" \/>\n<meta property=\"og:site_name\" content=\"VISITDAUGAVPILS\" \/>\n<meta property=\"article:modified_time\" content=\"2025-03-06T11:07:24+00:00\" \/>\n<meta property=\"og:image\" content=\"https:\/\/www.visitdaugavpils.lv\/wp-content\/uploads\/2017\/10\/Rainis1880gadaa.jpg\" \/>\n<meta name=\"twitter:card\" content=\"summary_large_image\" \/>\n<meta name=\"twitter:label1\" content=\"Est. reading time\" \/>\n\t<meta name=\"twitter:data1\" content=\"5 minutes\" \/>\n<script type=\"application\/ld+json\" class=\"yoast-schema-graph\">{\"@context\":\"https:\/\/schema.org\",\"@graph\":[{\"@type\":\"WebPage\",\"@id\":\"https:\/\/www.visitdaugavpils.lv\/en\/about-us\/daugavpils-region\/about-daugavpils-region\/izcilas-personibas\/\",\"url\":\"https:\/\/www.visitdaugavpils.lv\/en\/about-us\/daugavpils-region\/about-daugavpils-region\/izcilas-personibas\/\",\"name\":\"Outstanding personalities - VISITDAUGAVPILS\",\"isPartOf\":{\"@id\":\"https:\/\/www.visitdaugavpils.lv\/ru\/#website\"},\"datePublished\":\"2017-06-28T10:39:10+00:00\",\"dateModified\":\"2025-03-06T11:07:24+00:00\",\"breadcrumb\":{\"@id\":\"https:\/\/www.visitdaugavpils.lv\/en\/about-us\/daugavpils-region\/about-daugavpils-region\/izcilas-personibas\/#breadcrumb\"},\"inLanguage\":\"en-US\",\"potentialAction\":[{\"@type\":\"ReadAction\",\"target\":[\"https:\/\/www.visitdaugavpils.lv\/en\/about-us\/daugavpils-region\/about-daugavpils-region\/izcilas-personibas\/\"]}]},{\"@type\":\"BreadcrumbList\",\"@id\":\"https:\/\/www.visitdaugavpils.lv\/en\/about-us\/daugavpils-region\/about-daugavpils-region\/izcilas-personibas\/#breadcrumb\",\"itemListElement\":[{\"@type\":\"ListItem\",\"position\":1,\"name\":\"Home\",\"item\":\"https:\/\/www.visitdaugavpils.lv\/en\/\"},{\"@type\":\"ListItem\",\"position\":2,\"name\":\"About us\",\"item\":\"https:\/\/www.visitdaugavpils.lv\/en\/about-us\/\"},{\"@type\":\"ListItem\",\"position\":3,\"name\":\"Daugavpils Region\",\"item\":\"https:\/\/www.visitdaugavpils.lv\/en\/about-us\/daugavpils-region\/\"},{\"@type\":\"ListItem\",\"position\":4,\"name\":\"About Augsdaugava District\",\"item\":\"https:\/\/www.visitdaugavpils.lv\/en\/about-us\/daugavpils-region\/about-daugavpils-region\/\"},{\"@type\":\"ListItem\",\"position\":5,\"name\":\"Outstanding personalities\"}]},{\"@type\":\"WebSite\",\"@id\":\"https:\/\/www.visitdaugavpils.lv\/ru\/#website\",\"url\":\"https:\/\/www.visitdaugavpils.lv\/ru\/\",\"name\":\"VISITDAUGAVPILS\",\"description\":\"Daugavpils T\u016brisma Inform\u0101cijas Centrs\",\"publisher\":{\"@id\":\"https:\/\/www.visitdaugavpils.lv\/ru\/#organization\"},\"potentialAction\":[{\"@type\":\"SearchAction\",\"target\":{\"@type\":\"EntryPoint\",\"urlTemplate\":\"https:\/\/www.visitdaugavpils.lv\/ru\/?s={search_term_string}\"},\"query-input\":\"required name=search_term_string\"}],\"inLanguage\":\"en-US\"},{\"@type\":\"Organization\",\"@id\":\"https:\/\/www.visitdaugavpils.lv\/ru\/#organization\",\"name\":\"VISITDAUGAVPILS\",\"url\":\"https:\/\/www.visitdaugavpils.lv\/ru\/\",\"logo\":{\"@type\":\"ImageObject\",\"inLanguage\":\"en-US\",\"@id\":\"https:\/\/www.visitdaugavpils.lv\/ru\/#\/schema\/logo\/image\/\",\"url\":\"https:\/\/www.visitdaugavpils.lv\/wp-content\/uploads\/2017\/11\/VD_LOGO11_14_11.png\",\"contentUrl\":\"https:\/\/www.visitdaugavpils.lv\/wp-content\/uploads\/2017\/11\/VD_LOGO11_14_11.png\",\"width\":350,\"height\":100,\"caption\":\"VISITDAUGAVPILS\"},\"image\":{\"@id\":\"https:\/\/www.visitdaugavpils.lv\/ru\/#\/schema\/logo\/image\/\"}}]}<\/script>\n<!-- \/ Yoast SEO plugin. -->","yoast_head_json":{"title":"Outstanding personalities - VISITDAUGAVPILS","robots":{"index":"index","follow":"follow","max-snippet":"max-snippet:-1","max-image-preview":"max-image-preview:large","max-video-preview":"max-video-preview:-1"},"canonical":"https:\/\/www.visitdaugavpils.lv\/en\/about-us\/daugavpils-region\/about-daugavpils-region\/izcilas-personibas\/","og_locale":"en_US","og_type":"article","og_title":"Outstanding personalities - VISITDAUGAVPILS","og_description":"RAINIS One of most outstanding among writers, poets, and dramatists of Latvia, also politician.\u00a0 J\u0101nis Pliek\u0161\u0101ns by real name, he was born on September 11, 1865 in Varslav\u0101ni homestead of Dunava parish, passed away on September 12, 1929 in Majori. Rainis\u2019 childhood passed in semi-manor estates of Tadenava (1865.-1869.), Randene (1869.-1872.), Berkenele (1872.-1881.), Vasilova (1881.-1883.), ... &gt;&gt;","og_url":"https:\/\/www.visitdaugavpils.lv\/en\/about-us\/daugavpils-region\/about-daugavpils-region\/izcilas-personibas\/","og_site_name":"VISITDAUGAVPILS","article_modified_time":"2025-03-06T11:07:24+00:00","og_image":[{"url":"https:\/\/www.visitdaugavpils.lv\/wp-content\/uploads\/2017\/10\/Rainis1880gadaa.jpg"}],"twitter_card":"summary_large_image","twitter_misc":{"Est. reading time":"5 minutes"},"schema":{"@context":"https:\/\/schema.org","@graph":[{"@type":"WebPage","@id":"https:\/\/www.visitdaugavpils.lv\/en\/about-us\/daugavpils-region\/about-daugavpils-region\/izcilas-personibas\/","url":"https:\/\/www.visitdaugavpils.lv\/en\/about-us\/daugavpils-region\/about-daugavpils-region\/izcilas-personibas\/","name":"Outstanding personalities - VISITDAUGAVPILS","isPartOf":{"@id":"https:\/\/www.visitdaugavpils.lv\/ru\/#website"},"datePublished":"2017-06-28T10:39:10+00:00","dateModified":"2025-03-06T11:07:24+00:00","breadcrumb":{"@id":"https:\/\/www.visitdaugavpils.lv\/en\/about-us\/daugavpils-region\/about-daugavpils-region\/izcilas-personibas\/#breadcrumb"},"inLanguage":"en-US","potentialAction":[{"@type":"ReadAction","target":["https:\/\/www.visitdaugavpils.lv\/en\/about-us\/daugavpils-region\/about-daugavpils-region\/izcilas-personibas\/"]}]},{"@type":"BreadcrumbList","@id":"https:\/\/www.visitdaugavpils.lv\/en\/about-us\/daugavpils-region\/about-daugavpils-region\/izcilas-personibas\/#breadcrumb","itemListElement":[{"@type":"ListItem","position":1,"name":"Home","item":"https:\/\/www.visitdaugavpils.lv\/en\/"},{"@type":"ListItem","position":2,"name":"About us","item":"https:\/\/www.visitdaugavpils.lv\/en\/about-us\/"},{"@type":"ListItem","position":3,"name":"Daugavpils Region","item":"https:\/\/www.visitdaugavpils.lv\/en\/about-us\/daugavpils-region\/"},{"@type":"ListItem","position":4,"name":"About Augsdaugava District","item":"https:\/\/www.visitdaugavpils.lv\/en\/about-us\/daugavpils-region\/about-daugavpils-region\/"},{"@type":"ListItem","position":5,"name":"Outstanding personalities"}]},{"@type":"WebSite","@id":"https:\/\/www.visitdaugavpils.lv\/ru\/#website","url":"https:\/\/www.visitdaugavpils.lv\/ru\/","name":"VISITDAUGAVPILS","description":"Daugavpils T\u016brisma Inform\u0101cijas Centrs","publisher":{"@id":"https:\/\/www.visitdaugavpils.lv\/ru\/#organization"},"potentialAction":[{"@type":"SearchAction","target":{"@type":"EntryPoint","urlTemplate":"https:\/\/www.visitdaugavpils.lv\/ru\/?s={search_term_string}"},"query-input":"required name=search_term_string"}],"inLanguage":"en-US"},{"@type":"Organization","@id":"https:\/\/www.visitdaugavpils.lv\/ru\/#organization","name":"VISITDAUGAVPILS","url":"https:\/\/www.visitdaugavpils.lv\/ru\/","logo":{"@type":"ImageObject","inLanguage":"en-US","@id":"https:\/\/www.visitdaugavpils.lv\/ru\/#\/schema\/logo\/image\/","url":"https:\/\/www.visitdaugavpils.lv\/wp-content\/uploads\/2017\/11\/VD_LOGO11_14_11.png","contentUrl":"https:\/\/www.visitdaugavpils.lv\/wp-content\/uploads\/2017\/11\/VD_LOGO11_14_11.png","width":350,"height":100,"caption":"VISITDAUGAVPILS"},"image":{"@id":"https:\/\/www.visitdaugavpils.lv\/ru\/#\/schema\/logo\/image\/"}}]}},"_links":{"self":[{"href":"https:\/\/www.visitdaugavpils.lv\/en\/wp-json\/wp\/v2\/pages\/1126"}],"collection":[{"href":"https:\/\/www.visitdaugavpils.lv\/en\/wp-json\/wp\/v2\/pages"}],"about":[{"href":"https:\/\/www.visitdaugavpils.lv\/en\/wp-json\/wp\/v2\/types\/page"}],"author":[{"embeddable":true,"href":"https:\/\/www.visitdaugavpils.lv\/en\/wp-json\/wp\/v2\/users\/1"}],"replies":[{"embeddable":true,"href":"https:\/\/www.visitdaugavpils.lv\/en\/wp-json\/wp\/v2\/comments?post=1126"}],"version-history":[{"count":2,"href":"https:\/\/www.visitdaugavpils.lv\/en\/wp-json\/wp\/v2\/pages\/1126\/revisions"}],"predecessor-version":[{"id":244841,"href":"https:\/\/www.visitdaugavpils.lv\/en\/wp-json\/wp\/v2\/pages\/1126\/revisions\/244841"}],"up":[{"embeddable":true,"href":"https:\/\/www.visitdaugavpils.lv\/en\/wp-json\/wp\/v2\/pages\/1107"}],"wp:attachment":[{"href":"https:\/\/www.visitdaugavpils.lv\/en\/wp-json\/wp\/v2\/media?parent=1126"}],"curies":[{"name":"wp","href":"https:\/\/api.w.org\/{rel}","templated":true}]}}