{"id":83285,"date":"2020-04-15T18:27:39","date_gmt":"2020-04-15T15:27:39","guid":{"rendered":"https:\/\/www.visitdaugavpils.lv\/faktai-ir-skaiciai\/"},"modified":"2023-08-18T08:22:06","modified_gmt":"2023-08-18T05:22:06","slug":"faktai-ir-skaiciai","status":"publish","type":"page","link":"https:\/\/www.visitdaugavpils.lv\/de\/faktai-ir-skaiciai\/","title":{"rendered":"Fakten und Zahlen"},"content":{"rendered":"<p>1275 metai \u2013 Dinaburgas (Daugpilis) pirm\u0105 kart\u0105 pamin\u0117tas istorin\u0117je kronikoje.<br \/>\n1582 metai \u2013 suteiktos miesto teis\u0117s.<\/p>\n<p>Plotas \u2013 72,48 km2<br \/>\nGyventoj\u0173 skai\u010dius (2022 01 01) \u2013 79 120<\/p>\n<p><span style=\"color: #008080;\"><strong>MIESTO HERBAS<br \/>\n<\/strong><\/span>Dabartinis Daugpilio herbas patvirtintas 1925 met\u0173 spalio 31 d.<br \/>\n2007 met\u0173 baland\u017eio 14 d. herbas \u012fregistruotas Latvijos Respublikos herb\u0173 registre.<br \/>\nM\u0117lyname fone banguota sidabro sija, vir\u0161uje aukso lelija, p\u0117doje atskira sidabro dantyta plyt\u0173 siena. \u0160is miesto herbas patvirtintas 1925 met\u0173 spalio 30 d. Jame matomos kelios paralel\u0117s su Dinaburgo pilies komt\u016br\u0173 antspaudu: lelija nuo seno buvo \u0161v. Mergel\u0117s Marijos simbolis, o dantyta m\u016brin\u0117 siena \u2013 nuoroda \u012f sen\u0105j\u0105 Dinaburgo pil\u012f \u2013 Daugpilio i\u0161takas. Vingiuota linija simbolizuoja Dauguv\u0105. Nors tai neatitinka herbo autori\u0173 id\u0117j\u0173, m\u016brin\u0117 siena \u0161iandienos miestie\u010di\u0173 akyse tiesiogiai asocijuojasi ir su 1810\u20131878 metais pastatyta Dinaburgo tvirtove.<\/p>\n<p><span style=\"color: #008080;\"><strong>DAUGPILIO V\u0116LIAVA<br \/>\n<\/strong><\/span>Miesto v\u0117liava patvirtinta 1937 metais.<br \/>\nKaip vienas i\u0161 miesto oficiali\u0173j\u0173 simboli\u0173 ji buvo atkurta 1990 m. bir\u017eelio 21 d.<br \/>\nV\u0117liavos apra\u0161ymas: Sta\u010diakampio forma, jos drob\u0117 padalinta \u012f dvi horizontalias vienodo plo\u010dio juostas: vir\u0161utin\u0117je dalyje \u2013 karmino raudonumo, apatin\u0117je dalyje \u2013 baltos spalvos. V\u0117liavos viduryje pavaizduotas Daugpilio miesto herbas. V\u0117liavos auk\u0161\u010dio ir plo\u010dio proporcijos \u2013 1:2.<\/p>\n<div id='gallery-1' class='gallery galleryid-83285 gallery-columns-2 gallery-size-medium'><figure class='gallery-item'>\n\t\t\t<div class='gallery-icon landscape'>\n\t\t\t\t<a href='https:\/\/www.visitdaugavpils.lv\/wp-content\/uploads\/2020\/10\/Karogs.png'><img loading=\"lazy\" decoding=\"async\" width=\"300\" height=\"150\" src=\"https:\/\/www.visitdaugavpils.lv\/wp-content\/uploads\/2020\/10\/Karogs-300x150.png\" class=\"attachment-medium size-medium\" alt=\"\" srcset=\"https:\/\/www.visitdaugavpils.lv\/wp-content\/uploads\/2020\/10\/Karogs-300x150.png 300w, https:\/\/www.visitdaugavpils.lv\/wp-content\/uploads\/2020\/10\/Karogs-1024x512.png 1024w, https:\/\/www.visitdaugavpils.lv\/wp-content\/uploads\/2020\/10\/Karogs-768x384.png 768w, https:\/\/www.visitdaugavpils.lv\/wp-content\/uploads\/2020\/10\/Karogs-270x135.png 270w, https:\/\/www.visitdaugavpils.lv\/wp-content\/uploads\/2020\/10\/Karogs-536x269.png 536w, https:\/\/www.visitdaugavpils.lv\/wp-content\/uploads\/2020\/10\/Karogs-770x386.png 770w, https:\/\/www.visitdaugavpils.lv\/wp-content\/uploads\/2020\/10\/Karogs.png 1200w\" sizes=\"(max-width: 300px) 100vw, 300px\" \/><\/a>\n\t\t\t<\/div><\/figure><figure class='gallery-item'>\n\t\t\t<div class='gallery-icon portrait'>\n\t\t\t\t<a href='https:\/\/www.visitdaugavpils.lv\/wp-content\/uploads\/2020\/10\/\u0122\u0113rbonis.png'><img loading=\"lazy\" decoding=\"async\" width=\"200\" height=\"230\" src=\"https:\/\/www.visitdaugavpils.lv\/wp-content\/uploads\/2020\/10\/\u0122\u0113rbonis.png\" class=\"attachment-medium size-medium\" alt=\"\" srcset=\"https:\/\/www.visitdaugavpils.lv\/wp-content\/uploads\/2020\/10\/\u0122\u0113rbonis.png 200w, https:\/\/www.visitdaugavpils.lv\/wp-content\/uploads\/2020\/10\/\u0122\u0113rbonis-139x160.png 139w\" sizes=\"(max-width: 200px) 100vw, 200px\" \/><\/a>\n\t\t\t<\/div><\/figure>\n\t\t<\/div>\n\n","protected":false},"excerpt":{"rendered":"<p>1275 metai \u2013 Dinaburgas (Daugpilis) pirm\u0105 kart\u0105 pamin\u0117tas istorin\u0117je kronikoje. 1582 metai \u2013 suteiktos miesto teis\u0117s. Plotas \u2013 72,48 km2 Gyventoj\u0173 skai\u010dius (2022 01 01) \u2013 79 120 MIESTO HERBAS Dabartinis Daugpilio herbas patvirtintas 1925 met\u0173 spalio 31 d. 2007 met\u0173 baland\u017eio 14 d. herbas \u012fregistruotas Latvijos Respublikos herb\u0173 registre. M\u0117lyname fone banguota sidabro sija, &#8230; <a title=\"Fakten und Zahlen\" class=\"read-more\" href=\"https:\/\/www.visitdaugavpils.lv\/de\/faktai-ir-skaiciai\/\">&gt;&gt;<\/a><\/p>\n","protected":false},"author":19,"featured_media":0,"parent":0,"menu_order":0,"comment_status":"closed","ping_status":"closed","template":"","meta":{"footnotes":""},"yoast_head":"<!-- This site is optimized with the Yoast SEO plugin v22.0 - https:\/\/yoast.com\/wordpress\/plugins\/seo\/ -->\n<title>Fakten und Zahlen - VISITDAUGAVPILS<\/title>\n<meta name=\"robots\" content=\"index, follow, max-snippet:-1, max-image-preview:large, max-video-preview:-1\" \/>\n<link rel=\"canonical\" href=\"https:\/\/www.visitdaugavpils.lv\/de\/faktai-ir-skaiciai\/\" \/>\n<meta property=\"og:locale\" content=\"de_DE\" \/>\n<meta property=\"og:type\" content=\"article\" \/>\n<meta property=\"og:title\" content=\"Fakten und Zahlen - VISITDAUGAVPILS\" \/>\n<meta property=\"og:description\" content=\"1275 metai \u2013 Dinaburgas (Daugpilis) pirm\u0105 kart\u0105 pamin\u0117tas istorin\u0117je kronikoje. 1582 metai \u2013 suteiktos miesto teis\u0117s. Plotas \u2013 72,48 km2 Gyventoj\u0173 skai\u010dius (2022 01 01) \u2013 79 120 MIESTO HERBAS Dabartinis Daugpilio herbas patvirtintas 1925 met\u0173 spalio 31 d. 2007 met\u0173 baland\u017eio 14 d. herbas \u012fregistruotas Latvijos Respublikos herb\u0173 registre. M\u0117lyname fone banguota sidabro sija, ... &gt;&gt;\" \/>\n<meta property=\"og:url\" content=\"https:\/\/www.visitdaugavpils.lv\/de\/faktai-ir-skaiciai\/\" \/>\n<meta property=\"og:site_name\" content=\"VISITDAUGAVPILS\" \/>\n<meta property=\"article:modified_time\" content=\"2023-08-18T05:22:06+00:00\" \/>\n<meta property=\"og:image\" content=\"https:\/\/www.visitdaugavpils.lv\/wp-content\/uploads\/2020\/10\/Karogs-300x150.png\" \/>\n<meta name=\"twitter:card\" content=\"summary_large_image\" \/>\n<meta name=\"twitter:label1\" content=\"Gesch\u00e4tzte Lesezeit\" \/>\n\t<meta name=\"twitter:data1\" content=\"1\u00a0Minute\" \/>\n<script type=\"application\/ld+json\" class=\"yoast-schema-graph\">{\"@context\":\"https:\/\/schema.org\",\"@graph\":[{\"@type\":\"WebPage\",\"@id\":\"https:\/\/www.visitdaugavpils.lv\/de\/faktai-ir-skaiciai\/\",\"url\":\"https:\/\/www.visitdaugavpils.lv\/de\/faktai-ir-skaiciai\/\",\"name\":\"Fakten und Zahlen - VISITDAUGAVPILS\",\"isPartOf\":{\"@id\":\"https:\/\/www.visitdaugavpils.lv\/ru\/#website\"},\"datePublished\":\"2020-04-15T15:27:39+00:00\",\"dateModified\":\"2023-08-18T05:22:06+00:00\",\"breadcrumb\":{\"@id\":\"https:\/\/www.visitdaugavpils.lv\/de\/faktai-ir-skaiciai\/#breadcrumb\"},\"inLanguage\":\"de\",\"potentialAction\":[{\"@type\":\"ReadAction\",\"target\":[\"https:\/\/www.visitdaugavpils.lv\/de\/faktai-ir-skaiciai\/\"]}]},{\"@type\":\"BreadcrumbList\",\"@id\":\"https:\/\/www.visitdaugavpils.lv\/de\/faktai-ir-skaiciai\/#breadcrumb\",\"itemListElement\":[{\"@type\":\"ListItem\",\"position\":1,\"name\":\"Home\",\"item\":\"https:\/\/www.visitdaugavpils.lv\/de\/\"},{\"@type\":\"ListItem\",\"position\":2,\"name\":\"Fakten und Zahlen\"}]},{\"@type\":\"WebSite\",\"@id\":\"https:\/\/www.visitdaugavpils.lv\/ru\/#website\",\"url\":\"https:\/\/www.visitdaugavpils.lv\/ru\/\",\"name\":\"VISITDAUGAVPILS\",\"description\":\"Daugavpils T\u016brisma Inform\u0101cijas Centrs\",\"publisher\":{\"@id\":\"https:\/\/www.visitdaugavpils.lv\/ru\/#organization\"},\"potentialAction\":[{\"@type\":\"SearchAction\",\"target\":{\"@type\":\"EntryPoint\",\"urlTemplate\":\"https:\/\/www.visitdaugavpils.lv\/ru\/?s={search_term_string}\"},\"query-input\":\"required name=search_term_string\"}],\"inLanguage\":\"de\"},{\"@type\":\"Organization\",\"@id\":\"https:\/\/www.visitdaugavpils.lv\/ru\/#organization\",\"name\":\"VISITDAUGAVPILS\",\"url\":\"https:\/\/www.visitdaugavpils.lv\/ru\/\",\"logo\":{\"@type\":\"ImageObject\",\"inLanguage\":\"de\",\"@id\":\"https:\/\/www.visitdaugavpils.lv\/ru\/#\/schema\/logo\/image\/\",\"url\":\"https:\/\/www.visitdaugavpils.lv\/wp-content\/uploads\/2017\/11\/VD_LOGO11_14_11.png\",\"contentUrl\":\"https:\/\/www.visitdaugavpils.lv\/wp-content\/uploads\/2017\/11\/VD_LOGO11_14_11.png\",\"width\":350,\"height\":100,\"caption\":\"VISITDAUGAVPILS\"},\"image\":{\"@id\":\"https:\/\/www.visitdaugavpils.lv\/ru\/#\/schema\/logo\/image\/\"}}]}<\/script>\n<!-- \/ Yoast SEO plugin. -->","yoast_head_json":{"title":"Fakten und Zahlen - VISITDAUGAVPILS","robots":{"index":"index","follow":"follow","max-snippet":"max-snippet:-1","max-image-preview":"max-image-preview:large","max-video-preview":"max-video-preview:-1"},"canonical":"https:\/\/www.visitdaugavpils.lv\/de\/faktai-ir-skaiciai\/","og_locale":"de_DE","og_type":"article","og_title":"Fakten und Zahlen - VISITDAUGAVPILS","og_description":"1275 metai \u2013 Dinaburgas (Daugpilis) pirm\u0105 kart\u0105 pamin\u0117tas istorin\u0117je kronikoje. 1582 metai \u2013 suteiktos miesto teis\u0117s. Plotas \u2013 72,48 km2 Gyventoj\u0173 skai\u010dius (2022 01 01) \u2013 79 120 MIESTO HERBAS Dabartinis Daugpilio herbas patvirtintas 1925 met\u0173 spalio 31 d. 2007 met\u0173 baland\u017eio 14 d. herbas \u012fregistruotas Latvijos Respublikos herb\u0173 registre. M\u0117lyname fone banguota sidabro sija, ... &gt;&gt;","og_url":"https:\/\/www.visitdaugavpils.lv\/de\/faktai-ir-skaiciai\/","og_site_name":"VISITDAUGAVPILS","article_modified_time":"2023-08-18T05:22:06+00:00","og_image":[{"url":"https:\/\/www.visitdaugavpils.lv\/wp-content\/uploads\/2020\/10\/Karogs-300x150.png"}],"twitter_card":"summary_large_image","twitter_misc":{"Gesch\u00e4tzte Lesezeit":"1\u00a0Minute"},"schema":{"@context":"https:\/\/schema.org","@graph":[{"@type":"WebPage","@id":"https:\/\/www.visitdaugavpils.lv\/de\/faktai-ir-skaiciai\/","url":"https:\/\/www.visitdaugavpils.lv\/de\/faktai-ir-skaiciai\/","name":"Fakten und Zahlen - VISITDAUGAVPILS","isPartOf":{"@id":"https:\/\/www.visitdaugavpils.lv\/ru\/#website"},"datePublished":"2020-04-15T15:27:39+00:00","dateModified":"2023-08-18T05:22:06+00:00","breadcrumb":{"@id":"https:\/\/www.visitdaugavpils.lv\/de\/faktai-ir-skaiciai\/#breadcrumb"},"inLanguage":"de","potentialAction":[{"@type":"ReadAction","target":["https:\/\/www.visitdaugavpils.lv\/de\/faktai-ir-skaiciai\/"]}]},{"@type":"BreadcrumbList","@id":"https:\/\/www.visitdaugavpils.lv\/de\/faktai-ir-skaiciai\/#breadcrumb","itemListElement":[{"@type":"ListItem","position":1,"name":"Home","item":"https:\/\/www.visitdaugavpils.lv\/de\/"},{"@type":"ListItem","position":2,"name":"Fakten und Zahlen"}]},{"@type":"WebSite","@id":"https:\/\/www.visitdaugavpils.lv\/ru\/#website","url":"https:\/\/www.visitdaugavpils.lv\/ru\/","name":"VISITDAUGAVPILS","description":"Daugavpils T\u016brisma Inform\u0101cijas Centrs","publisher":{"@id":"https:\/\/www.visitdaugavpils.lv\/ru\/#organization"},"potentialAction":[{"@type":"SearchAction","target":{"@type":"EntryPoint","urlTemplate":"https:\/\/www.visitdaugavpils.lv\/ru\/?s={search_term_string}"},"query-input":"required name=search_term_string"}],"inLanguage":"de"},{"@type":"Organization","@id":"https:\/\/www.visitdaugavpils.lv\/ru\/#organization","name":"VISITDAUGAVPILS","url":"https:\/\/www.visitdaugavpils.lv\/ru\/","logo":{"@type":"ImageObject","inLanguage":"de","@id":"https:\/\/www.visitdaugavpils.lv\/ru\/#\/schema\/logo\/image\/","url":"https:\/\/www.visitdaugavpils.lv\/wp-content\/uploads\/2017\/11\/VD_LOGO11_14_11.png","contentUrl":"https:\/\/www.visitdaugavpils.lv\/wp-content\/uploads\/2017\/11\/VD_LOGO11_14_11.png","width":350,"height":100,"caption":"VISITDAUGAVPILS"},"image":{"@id":"https:\/\/www.visitdaugavpils.lv\/ru\/#\/schema\/logo\/image\/"}}]}},"_links":{"self":[{"href":"https:\/\/www.visitdaugavpils.lv\/de\/wp-json\/wp\/v2\/pages\/83285"}],"collection":[{"href":"https:\/\/www.visitdaugavpils.lv\/de\/wp-json\/wp\/v2\/pages"}],"about":[{"href":"https:\/\/www.visitdaugavpils.lv\/de\/wp-json\/wp\/v2\/types\/page"}],"author":[{"embeddable":true,"href":"https:\/\/www.visitdaugavpils.lv\/de\/wp-json\/wp\/v2\/users\/19"}],"replies":[{"embeddable":true,"href":"https:\/\/www.visitdaugavpils.lv\/de\/wp-json\/wp\/v2\/comments?post=83285"}],"version-history":[{"count":1,"href":"https:\/\/www.visitdaugavpils.lv\/de\/wp-json\/wp\/v2\/pages\/83285\/revisions"}],"predecessor-version":[{"id":200937,"href":"https:\/\/www.visitdaugavpils.lv\/de\/wp-json\/wp\/v2\/pages\/83285\/revisions\/200937"}],"wp:attachment":[{"href":"https:\/\/www.visitdaugavpils.lv\/de\/wp-json\/wp\/v2\/media?parent=83285"}],"curies":[{"name":"wp","href":"https:\/\/api.w.org\/{rel}","templated":true}]}}