{"id":73337,"date":"2017-07-24T12:19:53","date_gmt":"2017-07-24T09:19:53","guid":{"rendered":"https:\/\/www.visitdaugavpils.lv\/tic\/"},"modified":"2023-10-02T14:13:50","modified_gmt":"2023-10-02T11:13:50","slug":"tic","status":"publish","type":"page","link":"https:\/\/www.visitdaugavpils.lv\/de\/tic\/","title":{"rendered":"Tourismusinformationszentrum (TIC)"},"content":{"rendered":"<p><a href=\"https:\/\/www.visitdaugavpils.lv\/wp-content\/uploads\/2020\/11\/Publicitates-foto_Daugavpils-TIC_wwwvisitdaugavpils.lv_-1024x684.jpg\"><img loading=\"lazy\" decoding=\"async\" class=\"alignleft wp-image-112237 \" src=\"https:\/\/www.visitdaugavpils.lv\/wp-content\/uploads\/2020\/11\/Publicitates-foto_Daugavpils-TIC_wwwvisitdaugavpils.lv_-1024x684.jpg\" alt=\"\" width=\"646\" height=\"431\" srcset=\"https:\/\/www.visitdaugavpils.lv\/wp-content\/uploads\/2020\/11\/Publicitates-foto_Daugavpils-TIC_wwwvisitdaugavpils.lv_-1024x684.jpg 1024w, https:\/\/www.visitdaugavpils.lv\/wp-content\/uploads\/2020\/11\/Publicitates-foto_Daugavpils-TIC_wwwvisitdaugavpils.lv_-300x200.jpg 300w, https:\/\/www.visitdaugavpils.lv\/wp-content\/uploads\/2020\/11\/Publicitates-foto_Daugavpils-TIC_wwwvisitdaugavpils.lv_-768x513.jpg 768w, https:\/\/www.visitdaugavpils.lv\/wp-content\/uploads\/2020\/11\/Publicitates-foto_Daugavpils-TIC_wwwvisitdaugavpils.lv_-1536x1025.jpg 1536w, https:\/\/www.visitdaugavpils.lv\/wp-content\/uploads\/2020\/11\/Publicitates-foto_Daugavpils-TIC_wwwvisitdaugavpils.lv_-240x160.jpg 240w, https:\/\/www.visitdaugavpils.lv\/wp-content\/uploads\/2020\/11\/Publicitates-foto_Daugavpils-TIC_wwwvisitdaugavpils.lv_-244x163.jpg 244w, https:\/\/www.visitdaugavpils.lv\/wp-content\/uploads\/2020\/11\/Publicitates-foto_Daugavpils-TIC_wwwvisitdaugavpils.lv_.jpg 1618w\" sizes=\"(max-width: 646px) 100vw, 646px\" \/><\/a>Tourismusinformation und Dienstleistungen in der Stadt und im Kreis Augsdaugava.<\/p>\n<p>Angebot:<\/p>\n<ul>\n<li>Information \u00fcber Sehensw\u00fcrdigkeiten und Unterk\u00fcnften<\/li>\n<li>Tourismusrouten<\/li>\n<li>Karten, Reisef\u00fchrer, Broschuren, informative Materialien der Tourismusanbieter auf Lettisch, Russisch, Englisch, Litauisch, Polnisch<\/li>\n<li>Information \u00fcber Veranstaltungen in der Stad und im Kreis Augsdaugava<\/li>\n<li>Alle aktuellen Informationen auf der Webseite von TIC<\/li>\n<li>F\u00fchrungen in der Festung und Stadt Daugavpils<\/li>\n<li>F\u00fchrungen mit der Stra\u00dfenbahn<\/li>\n<li>Individuelle Routen in der Stadt und im Kreis Augsdaugava und in Latgale<\/li>\n<\/ul>\n<p><img decoding=\"async\" src=\"https:\/\/www.csdd.lv\/assets\/images\/wifi.png\" alt=\"wifi\" width=\"24px\" height=\"auto\" \/> <span style=\"font-weight: 400;\">Kostenlosen Wi-Fi<\/span><\/p>\n<p><img loading=\"lazy\" decoding=\"async\" class=\"alignnone wp-image-123122\" src=\"https:\/\/www.visitdaugavpils.lv\/wp-content\/uploads\/2021\/03\/Hiker_Friendly_Logo_lv-002-300x292.png\" alt=\"\" width=\"115\" height=\"112\" srcset=\"https:\/\/www.visitdaugavpils.lv\/wp-content\/uploads\/2021\/03\/Hiker_Friendly_Logo_lv-002-300x292.png 300w, https:\/\/www.visitdaugavpils.lv\/wp-content\/uploads\/2021\/03\/Hiker_Friendly_Logo_lv-002-164x160.png 164w, https:\/\/www.visitdaugavpils.lv\/wp-content\/uploads\/2021\/03\/Hiker_Friendly_Logo_lv-002.png 679w\" sizes=\"(max-width: 115px) 100vw, 115px\" \/><\/p>\n<table style=\"width: 25.6698%;\">\n<tbody>\n<tr>\n<td style=\"width: 337px; text-align: left;\"><span style=\"color: #008080;\"><strong>\u00d6ffnungszeiten:<\/strong><\/span><\/td>\n<\/tr>\n<tr>\n<td style=\"width: 337px;\">Montag &#8211; Sonntag\u00a0 \u00a0 10.00 &#8211; 18.00<\/td>\n<\/tr>\n<\/tbody>\n<\/table>\n<p>Telefon: +371 65422818 +371 26444810<\/p>\n<p>E-mail:\u00a0<a href=\"mailto:turisms@daugavpils.lv\" target=\"_blank\" rel=\"noopener noreferrer\">turisms@daugavpils.lv<\/a><br \/>\nWeb: <a href=\"http:\/\/www.visitdaugavpils.lv\" target=\"_blank\" rel=\"noopener noreferrer\">www.visitdaugavpils.lv<\/a><\/p>\n<p>Facebook <a href=\"https:\/\/www.facebook.com\/Daugavpils.Travel\/\" target=\"_blank\" rel=\"noopener noreferrer\">Daugavpils.Travel<\/a> <a href=\"https:\/\/www.facebook.com\/agenturataka\">Aug\u0161daugavas novads.Travel<\/a><br \/>\nInstagram <a href=\"https:\/\/www.instagram.com\/daugavpils.travel\/\" target=\"_blank\" rel=\"noopener noreferrer\">@daugavpils.travel<\/a> <a href=\"https:\/\/www.instagram.com\/augsdaugava.travel\/\">@augsdaugavas.travel<\/a><br \/>\nYouTube <a href=\"https:\/\/www.youtube.com\/channel\/UCO22IPVXwwu8j7ZjMK3W-kA\" target=\"_blank\" rel=\"noopener noreferrer\">Daugavpils Travel<\/a><\/p>\n","protected":false},"excerpt":{"rendered":"<p>Tourismusinformation und Dienstleistungen in der Stadt und im Kreis Augsdaugava. Angebot: Information \u00fcber Sehensw\u00fcrdigkeiten und Unterk\u00fcnften Tourismusrouten Karten, Reisef\u00fchrer, Broschuren, informative Materialien der Tourismusanbieter auf Lettisch, Russisch, Englisch, Litauisch, Polnisch Information \u00fcber Veranstaltungen in der Stad und im Kreis Augsdaugava Alle aktuellen Informationen auf der Webseite von TIC F\u00fchrungen in der Festung und Stadt Daugavpils &#8230; <a title=\"Tourismusinformationszentrum (TIC)\" class=\"read-more\" href=\"https:\/\/www.visitdaugavpils.lv\/de\/tic\/\">&gt;&gt;<\/a><\/p>\n","protected":false},"author":1,"featured_media":0,"parent":0,"menu_order":0,"comment_status":"closed","ping_status":"closed","template":"","meta":{"footnotes":""},"yoast_head":"<!-- This site is optimized with the Yoast SEO plugin v22.0 - https:\/\/yoast.com\/wordpress\/plugins\/seo\/ -->\n<title>Tourismusinformationszentrum (TIC) - VISITDAUGAVPILS<\/title>\n<meta name=\"robots\" content=\"index, follow, max-snippet:-1, max-image-preview:large, max-video-preview:-1\" \/>\n<link rel=\"canonical\" href=\"https:\/\/www.visitdaugavpils.lv\/de\/tic\/\" \/>\n<meta property=\"og:locale\" content=\"de_DE\" \/>\n<meta property=\"og:type\" content=\"article\" \/>\n<meta property=\"og:title\" content=\"Tourismusinformationszentrum (TIC) - VISITDAUGAVPILS\" \/>\n<meta property=\"og:description\" content=\"Tourismusinformation und Dienstleistungen in der Stadt und im Kreis Augsdaugava. Angebot: Information \u00fcber Sehensw\u00fcrdigkeiten und Unterk\u00fcnften Tourismusrouten Karten, Reisef\u00fchrer, Broschuren, informative Materialien der Tourismusanbieter auf Lettisch, Russisch, Englisch, Litauisch, Polnisch Information \u00fcber Veranstaltungen in der Stad und im Kreis Augsdaugava Alle aktuellen Informationen auf der Webseite von TIC F\u00fchrungen in der Festung und Stadt Daugavpils ... &gt;&gt;\" \/>\n<meta property=\"og:url\" content=\"https:\/\/www.visitdaugavpils.lv\/de\/tic\/\" \/>\n<meta property=\"og:site_name\" content=\"VISITDAUGAVPILS\" \/>\n<meta property=\"article:modified_time\" content=\"2023-10-02T11:13:50+00:00\" \/>\n<meta property=\"og:image\" content=\"https:\/\/www.visitdaugavpils.lv\/wp-content\/uploads\/2020\/11\/Publicitates-foto_Daugavpils-TIC_wwwvisitdaugavpils.lv_-1024x684.jpg\" \/>\n<meta name=\"twitter:card\" content=\"summary_large_image\" \/>\n<meta name=\"twitter:label1\" content=\"Gesch\u00e4tzte Lesezeit\" \/>\n\t<meta name=\"twitter:data1\" content=\"2\u00a0Minuten\" \/>\n<script type=\"application\/ld+json\" class=\"yoast-schema-graph\">{\"@context\":\"https:\/\/schema.org\",\"@graph\":[{\"@type\":\"WebPage\",\"@id\":\"https:\/\/www.visitdaugavpils.lv\/de\/tic\/\",\"url\":\"https:\/\/www.visitdaugavpils.lv\/de\/tic\/\",\"name\":\"Tourismusinformationszentrum (TIC) - VISITDAUGAVPILS\",\"isPartOf\":{\"@id\":\"https:\/\/www.visitdaugavpils.lv\/ru\/#website\"},\"datePublished\":\"2017-07-24T09:19:53+00:00\",\"dateModified\":\"2023-10-02T11:13:50+00:00\",\"breadcrumb\":{\"@id\":\"https:\/\/www.visitdaugavpils.lv\/de\/tic\/#breadcrumb\"},\"inLanguage\":\"de\",\"potentialAction\":[{\"@type\":\"ReadAction\",\"target\":[\"https:\/\/www.visitdaugavpils.lv\/de\/tic\/\"]}]},{\"@type\":\"BreadcrumbList\",\"@id\":\"https:\/\/www.visitdaugavpils.lv\/de\/tic\/#breadcrumb\",\"itemListElement\":[{\"@type\":\"ListItem\",\"position\":1,\"name\":\"Home\",\"item\":\"https:\/\/www.visitdaugavpils.lv\/de\/\"},{\"@type\":\"ListItem\",\"position\":2,\"name\":\"Tourismusinformationszentrum (TIC)\"}]},{\"@type\":\"WebSite\",\"@id\":\"https:\/\/www.visitdaugavpils.lv\/ru\/#website\",\"url\":\"https:\/\/www.visitdaugavpils.lv\/ru\/\",\"name\":\"VISITDAUGAVPILS\",\"description\":\"Daugavpils T\u016brisma Inform\u0101cijas Centrs\",\"publisher\":{\"@id\":\"https:\/\/www.visitdaugavpils.lv\/ru\/#organization\"},\"potentialAction\":[{\"@type\":\"SearchAction\",\"target\":{\"@type\":\"EntryPoint\",\"urlTemplate\":\"https:\/\/www.visitdaugavpils.lv\/ru\/?s={search_term_string}\"},\"query-input\":\"required name=search_term_string\"}],\"inLanguage\":\"de\"},{\"@type\":\"Organization\",\"@id\":\"https:\/\/www.visitdaugavpils.lv\/ru\/#organization\",\"name\":\"VISITDAUGAVPILS\",\"url\":\"https:\/\/www.visitdaugavpils.lv\/ru\/\",\"logo\":{\"@type\":\"ImageObject\",\"inLanguage\":\"de\",\"@id\":\"https:\/\/www.visitdaugavpils.lv\/ru\/#\/schema\/logo\/image\/\",\"url\":\"https:\/\/www.visitdaugavpils.lv\/wp-content\/uploads\/2017\/11\/VD_LOGO11_14_11.png\",\"contentUrl\":\"https:\/\/www.visitdaugavpils.lv\/wp-content\/uploads\/2017\/11\/VD_LOGO11_14_11.png\",\"width\":350,\"height\":100,\"caption\":\"VISITDAUGAVPILS\"},\"image\":{\"@id\":\"https:\/\/www.visitdaugavpils.lv\/ru\/#\/schema\/logo\/image\/\"}}]}<\/script>\n<!-- \/ Yoast SEO plugin. -->","yoast_head_json":{"title":"Tourismusinformationszentrum (TIC) - VISITDAUGAVPILS","robots":{"index":"index","follow":"follow","max-snippet":"max-snippet:-1","max-image-preview":"max-image-preview:large","max-video-preview":"max-video-preview:-1"},"canonical":"https:\/\/www.visitdaugavpils.lv\/de\/tic\/","og_locale":"de_DE","og_type":"article","og_title":"Tourismusinformationszentrum (TIC) - VISITDAUGAVPILS","og_description":"Tourismusinformation und Dienstleistungen in der Stadt und im Kreis Augsdaugava. Angebot: Information \u00fcber Sehensw\u00fcrdigkeiten und Unterk\u00fcnften Tourismusrouten Karten, Reisef\u00fchrer, Broschuren, informative Materialien der Tourismusanbieter auf Lettisch, Russisch, Englisch, Litauisch, Polnisch Information \u00fcber Veranstaltungen in der Stad und im Kreis Augsdaugava Alle aktuellen Informationen auf der Webseite von TIC F\u00fchrungen in der Festung und Stadt Daugavpils ... &gt;&gt;","og_url":"https:\/\/www.visitdaugavpils.lv\/de\/tic\/","og_site_name":"VISITDAUGAVPILS","article_modified_time":"2023-10-02T11:13:50+00:00","og_image":[{"url":"https:\/\/www.visitdaugavpils.lv\/wp-content\/uploads\/2020\/11\/Publicitates-foto_Daugavpils-TIC_wwwvisitdaugavpils.lv_-1024x684.jpg"}],"twitter_card":"summary_large_image","twitter_misc":{"Gesch\u00e4tzte Lesezeit":"2\u00a0Minuten"},"schema":{"@context":"https:\/\/schema.org","@graph":[{"@type":"WebPage","@id":"https:\/\/www.visitdaugavpils.lv\/de\/tic\/","url":"https:\/\/www.visitdaugavpils.lv\/de\/tic\/","name":"Tourismusinformationszentrum (TIC) - VISITDAUGAVPILS","isPartOf":{"@id":"https:\/\/www.visitdaugavpils.lv\/ru\/#website"},"datePublished":"2017-07-24T09:19:53+00:00","dateModified":"2023-10-02T11:13:50+00:00","breadcrumb":{"@id":"https:\/\/www.visitdaugavpils.lv\/de\/tic\/#breadcrumb"},"inLanguage":"de","potentialAction":[{"@type":"ReadAction","target":["https:\/\/www.visitdaugavpils.lv\/de\/tic\/"]}]},{"@type":"BreadcrumbList","@id":"https:\/\/www.visitdaugavpils.lv\/de\/tic\/#breadcrumb","itemListElement":[{"@type":"ListItem","position":1,"name":"Home","item":"https:\/\/www.visitdaugavpils.lv\/de\/"},{"@type":"ListItem","position":2,"name":"Tourismusinformationszentrum (TIC)"}]},{"@type":"WebSite","@id":"https:\/\/www.visitdaugavpils.lv\/ru\/#website","url":"https:\/\/www.visitdaugavpils.lv\/ru\/","name":"VISITDAUGAVPILS","description":"Daugavpils T\u016brisma Inform\u0101cijas Centrs","publisher":{"@id":"https:\/\/www.visitdaugavpils.lv\/ru\/#organization"},"potentialAction":[{"@type":"SearchAction","target":{"@type":"EntryPoint","urlTemplate":"https:\/\/www.visitdaugavpils.lv\/ru\/?s={search_term_string}"},"query-input":"required name=search_term_string"}],"inLanguage":"de"},{"@type":"Organization","@id":"https:\/\/www.visitdaugavpils.lv\/ru\/#organization","name":"VISITDAUGAVPILS","url":"https:\/\/www.visitdaugavpils.lv\/ru\/","logo":{"@type":"ImageObject","inLanguage":"de","@id":"https:\/\/www.visitdaugavpils.lv\/ru\/#\/schema\/logo\/image\/","url":"https:\/\/www.visitdaugavpils.lv\/wp-content\/uploads\/2017\/11\/VD_LOGO11_14_11.png","contentUrl":"https:\/\/www.visitdaugavpils.lv\/wp-content\/uploads\/2017\/11\/VD_LOGO11_14_11.png","width":350,"height":100,"caption":"VISITDAUGAVPILS"},"image":{"@id":"https:\/\/www.visitdaugavpils.lv\/ru\/#\/schema\/logo\/image\/"}}]}},"_links":{"self":[{"href":"https:\/\/www.visitdaugavpils.lv\/de\/wp-json\/wp\/v2\/pages\/73337"}],"collection":[{"href":"https:\/\/www.visitdaugavpils.lv\/de\/wp-json\/wp\/v2\/pages"}],"about":[{"href":"https:\/\/www.visitdaugavpils.lv\/de\/wp-json\/wp\/v2\/types\/page"}],"author":[{"embeddable":true,"href":"https:\/\/www.visitdaugavpils.lv\/de\/wp-json\/wp\/v2\/users\/1"}],"replies":[{"embeddable":true,"href":"https:\/\/www.visitdaugavpils.lv\/de\/wp-json\/wp\/v2\/comments?post=73337"}],"version-history":[{"count":7,"href":"https:\/\/www.visitdaugavpils.lv\/de\/wp-json\/wp\/v2\/pages\/73337\/revisions"}],"predecessor-version":[{"id":203839,"href":"https:\/\/www.visitdaugavpils.lv\/de\/wp-json\/wp\/v2\/pages\/73337\/revisions\/203839"}],"wp:attachment":[{"href":"https:\/\/www.visitdaugavpils.lv\/de\/wp-json\/wp\/v2\/media?parent=73337"}],"curies":[{"name":"wp","href":"https:\/\/api.w.org\/{rel}","templated":true}]}}