{"id":73272,"date":"2017-06-28T11:13:36","date_gmt":"2017-06-28T08:13:36","guid":{"rendered":"https:\/\/www.visitdaugavpils.lv\/par-daugavpili\/"},"modified":"2020-04-16T16:44:44","modified_gmt":"2020-04-16T13:44:44","slug":"par-daugavpili","status":"publish","type":"page","link":"https:\/\/www.visitdaugavpils.lv\/de\/par-daugavpili\/","title":{"rendered":"\u00dcber Daugavpils"},"content":{"rendered":"<p>Daugavpils ist die zweitgr\u00f6\u00dfte Stadt Lettlands und die Metropole Ostlettlands, die den herausragenden K\u00fcnstler Mark Rothko, den \u201eTangok\u00f6nig\u201c Oskars Stroks, und den herausragenden Schauspieler und Regisseur Solomons Mihoels (Vovsi) der Welt geschenkt hat. Die Symbole von Daugavpils sind die im 19. Jahrhundert gebaute Festung und der Berg der Kirchen. Daugavpils ist eine der wenigen St\u00e4dten Lettlands, die auf die einheitliche und einzigartige Bebauung im klassizistischen und eklektizistischen Stil stolz sein kann.<\/p>\n<p>Herzlich willkommen in Daugavpils!<\/p>\n<p><iframe loading=\"lazy\" title=\"Discover your own Daugavpils!\" width=\"1200\" height=\"675\" src=\"https:\/\/www.youtube.com\/embed\/EWvh2ixKzwk?feature=oembed\" frameborder=\"0\" allow=\"accelerometer; autoplay; encrypted-media; gyroscope; picture-in-picture\" allowfullscreen><\/iframe><\/p>\n","protected":false},"excerpt":{"rendered":"<p>Daugavpils ist die zweitgr\u00f6\u00dfte Stadt Lettlands und die Metropole Ostlettlands, die den herausragenden K\u00fcnstler Mark Rothko, den \u201eTangok\u00f6nig\u201c Oskars Stroks, und den herausragenden Schauspieler und Regisseur Solomons Mihoels (Vovsi) der Welt geschenkt hat. Die Symbole von Daugavpils sind die im 19. Jahrhundert gebaute Festung und der Berg der Kirchen. Daugavpils ist eine der wenigen St\u00e4dten &#8230; <a title=\"\u00dcber Daugavpils\" class=\"read-more\" href=\"https:\/\/www.visitdaugavpils.lv\/de\/par-daugavpili\/\">&gt;&gt;<\/a><\/p>\n","protected":false},"author":1,"featured_media":0,"parent":0,"menu_order":0,"comment_status":"closed","ping_status":"closed","template":"","meta":{"footnotes":""},"yoast_head":"<!-- This site is optimized with the Yoast SEO plugin v22.0 - https:\/\/yoast.com\/wordpress\/plugins\/seo\/ -->\n<title>\u00dcber Daugavpils - VISITDAUGAVPILS<\/title>\n<meta name=\"robots\" content=\"index, follow, max-snippet:-1, max-image-preview:large, max-video-preview:-1\" \/>\n<link rel=\"canonical\" href=\"https:\/\/www.visitdaugavpils.lv\/de\/par-daugavpili\/\" \/>\n<meta property=\"og:locale\" content=\"de_DE\" \/>\n<meta property=\"og:type\" content=\"article\" \/>\n<meta property=\"og:title\" content=\"\u00dcber Daugavpils - VISITDAUGAVPILS\" \/>\n<meta property=\"og:description\" content=\"Daugavpils ist die zweitgr\u00f6\u00dfte Stadt Lettlands und die Metropole Ostlettlands, die den herausragenden K\u00fcnstler Mark Rothko, den \u201eTangok\u00f6nig\u201c Oskars Stroks, und den herausragenden Schauspieler und Regisseur Solomons Mihoels (Vovsi) der Welt geschenkt hat. Die Symbole von Daugavpils sind die im 19. Jahrhundert gebaute Festung und der Berg der Kirchen. Daugavpils ist eine der wenigen St\u00e4dten ... &gt;&gt;\" \/>\n<meta property=\"og:url\" content=\"https:\/\/www.visitdaugavpils.lv\/de\/par-daugavpili\/\" \/>\n<meta property=\"og:site_name\" content=\"VISITDAUGAVPILS\" \/>\n<meta property=\"article:modified_time\" content=\"2020-04-16T13:44:44+00:00\" \/>\n<meta name=\"twitter:card\" content=\"summary_large_image\" \/>\n<script type=\"application\/ld+json\" class=\"yoast-schema-graph\">{\"@context\":\"https:\/\/schema.org\",\"@graph\":[{\"@type\":\"WebPage\",\"@id\":\"https:\/\/www.visitdaugavpils.lv\/de\/par-daugavpili\/\",\"url\":\"https:\/\/www.visitdaugavpils.lv\/de\/par-daugavpili\/\",\"name\":\"\u00dcber Daugavpils - VISITDAUGAVPILS\",\"isPartOf\":{\"@id\":\"https:\/\/www.visitdaugavpils.lv\/ru\/#website\"},\"datePublished\":\"2017-06-28T08:13:36+00:00\",\"dateModified\":\"2020-04-16T13:44:44+00:00\",\"breadcrumb\":{\"@id\":\"https:\/\/www.visitdaugavpils.lv\/de\/par-daugavpili\/#breadcrumb\"},\"inLanguage\":\"de\",\"potentialAction\":[{\"@type\":\"ReadAction\",\"target\":[\"https:\/\/www.visitdaugavpils.lv\/de\/par-daugavpili\/\"]}]},{\"@type\":\"BreadcrumbList\",\"@id\":\"https:\/\/www.visitdaugavpils.lv\/de\/par-daugavpili\/#breadcrumb\",\"itemListElement\":[{\"@type\":\"ListItem\",\"position\":1,\"name\":\"Home\",\"item\":\"https:\/\/www.visitdaugavpils.lv\/de\/\"},{\"@type\":\"ListItem\",\"position\":2,\"name\":\"\u00dcber Daugavpils\"}]},{\"@type\":\"WebSite\",\"@id\":\"https:\/\/www.visitdaugavpils.lv\/ru\/#website\",\"url\":\"https:\/\/www.visitdaugavpils.lv\/ru\/\",\"name\":\"VISITDAUGAVPILS\",\"description\":\"Daugavpils T\u016brisma Inform\u0101cijas Centrs\",\"publisher\":{\"@id\":\"https:\/\/www.visitdaugavpils.lv\/ru\/#organization\"},\"potentialAction\":[{\"@type\":\"SearchAction\",\"target\":{\"@type\":\"EntryPoint\",\"urlTemplate\":\"https:\/\/www.visitdaugavpils.lv\/ru\/?s={search_term_string}\"},\"query-input\":\"required name=search_term_string\"}],\"inLanguage\":\"de\"},{\"@type\":\"Organization\",\"@id\":\"https:\/\/www.visitdaugavpils.lv\/ru\/#organization\",\"name\":\"VISITDAUGAVPILS\",\"url\":\"https:\/\/www.visitdaugavpils.lv\/ru\/\",\"logo\":{\"@type\":\"ImageObject\",\"inLanguage\":\"de\",\"@id\":\"https:\/\/www.visitdaugavpils.lv\/ru\/#\/schema\/logo\/image\/\",\"url\":\"https:\/\/www.visitdaugavpils.lv\/wp-content\/uploads\/2017\/11\/VD_LOGO11_14_11.png\",\"contentUrl\":\"https:\/\/www.visitdaugavpils.lv\/wp-content\/uploads\/2017\/11\/VD_LOGO11_14_11.png\",\"width\":350,\"height\":100,\"caption\":\"VISITDAUGAVPILS\"},\"image\":{\"@id\":\"https:\/\/www.visitdaugavpils.lv\/ru\/#\/schema\/logo\/image\/\"}}]}<\/script>\n<!-- \/ Yoast SEO plugin. -->","yoast_head_json":{"title":"\u00dcber Daugavpils - VISITDAUGAVPILS","robots":{"index":"index","follow":"follow","max-snippet":"max-snippet:-1","max-image-preview":"max-image-preview:large","max-video-preview":"max-video-preview:-1"},"canonical":"https:\/\/www.visitdaugavpils.lv\/de\/par-daugavpili\/","og_locale":"de_DE","og_type":"article","og_title":"\u00dcber Daugavpils - VISITDAUGAVPILS","og_description":"Daugavpils ist die zweitgr\u00f6\u00dfte Stadt Lettlands und die Metropole Ostlettlands, die den herausragenden K\u00fcnstler Mark Rothko, den \u201eTangok\u00f6nig\u201c Oskars Stroks, und den herausragenden Schauspieler und Regisseur Solomons Mihoels (Vovsi) der Welt geschenkt hat. Die Symbole von Daugavpils sind die im 19. Jahrhundert gebaute Festung und der Berg der Kirchen. Daugavpils ist eine der wenigen St\u00e4dten ... &gt;&gt;","og_url":"https:\/\/www.visitdaugavpils.lv\/de\/par-daugavpili\/","og_site_name":"VISITDAUGAVPILS","article_modified_time":"2020-04-16T13:44:44+00:00","twitter_card":"summary_large_image","schema":{"@context":"https:\/\/schema.org","@graph":[{"@type":"WebPage","@id":"https:\/\/www.visitdaugavpils.lv\/de\/par-daugavpili\/","url":"https:\/\/www.visitdaugavpils.lv\/de\/par-daugavpili\/","name":"\u00dcber Daugavpils - VISITDAUGAVPILS","isPartOf":{"@id":"https:\/\/www.visitdaugavpils.lv\/ru\/#website"},"datePublished":"2017-06-28T08:13:36+00:00","dateModified":"2020-04-16T13:44:44+00:00","breadcrumb":{"@id":"https:\/\/www.visitdaugavpils.lv\/de\/par-daugavpili\/#breadcrumb"},"inLanguage":"de","potentialAction":[{"@type":"ReadAction","target":["https:\/\/www.visitdaugavpils.lv\/de\/par-daugavpili\/"]}]},{"@type":"BreadcrumbList","@id":"https:\/\/www.visitdaugavpils.lv\/de\/par-daugavpili\/#breadcrumb","itemListElement":[{"@type":"ListItem","position":1,"name":"Home","item":"https:\/\/www.visitdaugavpils.lv\/de\/"},{"@type":"ListItem","position":2,"name":"\u00dcber Daugavpils"}]},{"@type":"WebSite","@id":"https:\/\/www.visitdaugavpils.lv\/ru\/#website","url":"https:\/\/www.visitdaugavpils.lv\/ru\/","name":"VISITDAUGAVPILS","description":"Daugavpils T\u016brisma Inform\u0101cijas Centrs","publisher":{"@id":"https:\/\/www.visitdaugavpils.lv\/ru\/#organization"},"potentialAction":[{"@type":"SearchAction","target":{"@type":"EntryPoint","urlTemplate":"https:\/\/www.visitdaugavpils.lv\/ru\/?s={search_term_string}"},"query-input":"required name=search_term_string"}],"inLanguage":"de"},{"@type":"Organization","@id":"https:\/\/www.visitdaugavpils.lv\/ru\/#organization","name":"VISITDAUGAVPILS","url":"https:\/\/www.visitdaugavpils.lv\/ru\/","logo":{"@type":"ImageObject","inLanguage":"de","@id":"https:\/\/www.visitdaugavpils.lv\/ru\/#\/schema\/logo\/image\/","url":"https:\/\/www.visitdaugavpils.lv\/wp-content\/uploads\/2017\/11\/VD_LOGO11_14_11.png","contentUrl":"https:\/\/www.visitdaugavpils.lv\/wp-content\/uploads\/2017\/11\/VD_LOGO11_14_11.png","width":350,"height":100,"caption":"VISITDAUGAVPILS"},"image":{"@id":"https:\/\/www.visitdaugavpils.lv\/ru\/#\/schema\/logo\/image\/"}}]}},"_links":{"self":[{"href":"https:\/\/www.visitdaugavpils.lv\/de\/wp-json\/wp\/v2\/pages\/73272"}],"collection":[{"href":"https:\/\/www.visitdaugavpils.lv\/de\/wp-json\/wp\/v2\/pages"}],"about":[{"href":"https:\/\/www.visitdaugavpils.lv\/de\/wp-json\/wp\/v2\/types\/page"}],"author":[{"embeddable":true,"href":"https:\/\/www.visitdaugavpils.lv\/de\/wp-json\/wp\/v2\/users\/1"}],"replies":[{"embeddable":true,"href":"https:\/\/www.visitdaugavpils.lv\/de\/wp-json\/wp\/v2\/comments?post=73272"}],"version-history":[{"count":0,"href":"https:\/\/www.visitdaugavpils.lv\/de\/wp-json\/wp\/v2\/pages\/73272\/revisions"}],"wp:attachment":[{"href":"https:\/\/www.visitdaugavpils.lv\/de\/wp-json\/wp\/v2\/media?parent=73272"}],"curies":[{"name":"wp","href":"https:\/\/api.w.org\/{rel}","templated":true}]}}