{"id":72199,"date":"2017-06-28T13:58:18","date_gmt":"2017-06-28T10:58:18","guid":{"rendered":"https:\/\/www.visitdaugavpils.lv\/pasvaldibas-agentura-taka\/ekskursijas\/"},"modified":"2025-02-25T11:55:23","modified_gmt":"2025-02-25T09:55:23","slug":"ekskursijas","status":"publish","type":"page","link":"https:\/\/www.visitdaugavpils.lv\/de\/tourismusabteilung-des-kultur-und-tourismusamtes-der-region-augsdaugava\/ekskursijas\/","title":{"rendered":"F\u00fchrungen"},"content":{"rendered":"<p>Tourismusabteilung des Kultur- und Tourismusamtes der Region Augsdaugava veranstaltet F\u00fchrungen durch den Kreis Augsdaugava.<\/p>\n<p>Es ist m\u00f6glich sowohl schon vorbereitete Routen auszuw\u00e4hlen als auch eine eigene Route zu planen.<\/p>\n<p><strong>Kontakt:<\/strong><br \/>\nTel. (+371) 654 76748; 29431360<br \/>\nE-Mail: turisms@augsdaugavasnovads.lv<\/p>\n","protected":false},"excerpt":{"rendered":"<p>Tourismusabteilung des Kultur- und Tourismusamtes der Region Augsdaugava veranstaltet F\u00fchrungen durch den Kreis Augsdaugava. Es ist m\u00f6glich sowohl schon vorbereitete Routen auszuw\u00e4hlen als auch eine eigene Route zu planen. Kontakt: Tel. (+371) 654 76748; 29431360 E-Mail: turisms@augsdaugavasnovads.lv<\/p>\n","protected":false},"author":1,"featured_media":0,"parent":72147,"menu_order":0,"comment_status":"closed","ping_status":"closed","template":"","meta":{"footnotes":""},"yoast_head":"<!-- This site is optimized with the Yoast SEO plugin v22.0 - https:\/\/yoast.com\/wordpress\/plugins\/seo\/ -->\n<title>F\u00fchrungen - VISITDAUGAVPILS<\/title>\n<meta name=\"robots\" content=\"index, follow, max-snippet:-1, max-image-preview:large, max-video-preview:-1\" \/>\n<link rel=\"canonical\" href=\"https:\/\/www.visitdaugavpils.lv\/de\/tourismusabteilung-des-kultur-und-tourismusamtes-der-region-augsdaugava\/ekskursijas\/\" \/>\n<meta property=\"og:locale\" content=\"de_DE\" \/>\n<meta property=\"og:type\" content=\"article\" \/>\n<meta property=\"og:title\" content=\"F\u00fchrungen - VISITDAUGAVPILS\" \/>\n<meta property=\"og:description\" content=\"Tourismusabteilung des Kultur- und Tourismusamtes der Region Augsdaugava veranstaltet F\u00fchrungen durch den Kreis Augsdaugava. Es ist m\u00f6glich sowohl schon vorbereitete Routen auszuw\u00e4hlen als auch eine eigene Route zu planen. Kontakt: Tel. (+371) 654 76748; 29431360 E-Mail: turisms@augsdaugavasnovads.lv\" \/>\n<meta property=\"og:url\" content=\"https:\/\/www.visitdaugavpils.lv\/de\/tourismusabteilung-des-kultur-und-tourismusamtes-der-region-augsdaugava\/ekskursijas\/\" \/>\n<meta property=\"og:site_name\" content=\"VISITDAUGAVPILS\" \/>\n<meta property=\"article:modified_time\" content=\"2025-02-25T09:55:23+00:00\" \/>\n<meta name=\"twitter:card\" content=\"summary_large_image\" \/>\n<meta name=\"twitter:label1\" content=\"Gesch\u00e4tzte Lesezeit\" \/>\n\t<meta name=\"twitter:data1\" content=\"1\u00a0Minute\" \/>\n<script type=\"application\/ld+json\" class=\"yoast-schema-graph\">{\"@context\":\"https:\/\/schema.org\",\"@graph\":[{\"@type\":\"WebPage\",\"@id\":\"https:\/\/www.visitdaugavpils.lv\/de\/tourismusabteilung-des-kultur-und-tourismusamtes-der-region-augsdaugava\/ekskursijas\/\",\"url\":\"https:\/\/www.visitdaugavpils.lv\/de\/tourismusabteilung-des-kultur-und-tourismusamtes-der-region-augsdaugava\/ekskursijas\/\",\"name\":\"F\u00fchrungen - VISITDAUGAVPILS\",\"isPartOf\":{\"@id\":\"https:\/\/www.visitdaugavpils.lv\/ru\/#website\"},\"datePublished\":\"2017-06-28T10:58:18+00:00\",\"dateModified\":\"2025-02-25T09:55:23+00:00\",\"breadcrumb\":{\"@id\":\"https:\/\/www.visitdaugavpils.lv\/de\/tourismusabteilung-des-kultur-und-tourismusamtes-der-region-augsdaugava\/ekskursijas\/#breadcrumb\"},\"inLanguage\":\"de\",\"potentialAction\":[{\"@type\":\"ReadAction\",\"target\":[\"https:\/\/www.visitdaugavpils.lv\/de\/tourismusabteilung-des-kultur-und-tourismusamtes-der-region-augsdaugava\/ekskursijas\/\"]}]},{\"@type\":\"BreadcrumbList\",\"@id\":\"https:\/\/www.visitdaugavpils.lv\/de\/tourismusabteilung-des-kultur-und-tourismusamtes-der-region-augsdaugava\/ekskursijas\/#breadcrumb\",\"itemListElement\":[{\"@type\":\"ListItem\",\"position\":1,\"name\":\"Home\",\"item\":\"https:\/\/www.visitdaugavpils.lv\/de\/\"},{\"@type\":\"ListItem\",\"position\":2,\"name\":\"Tourismusabteilung des Kultur- und Tourismusamtes der Region Augsdaugava\",\"item\":\"https:\/\/www.visitdaugavpils.lv\/de\/tourismusabteilung-des-kultur-und-tourismusamtes-der-region-augsdaugava\/\"},{\"@type\":\"ListItem\",\"position\":3,\"name\":\"F\u00fchrungen\"}]},{\"@type\":\"WebSite\",\"@id\":\"https:\/\/www.visitdaugavpils.lv\/ru\/#website\",\"url\":\"https:\/\/www.visitdaugavpils.lv\/ru\/\",\"name\":\"VISITDAUGAVPILS\",\"description\":\"Daugavpils T\u016brisma Inform\u0101cijas Centrs\",\"publisher\":{\"@id\":\"https:\/\/www.visitdaugavpils.lv\/ru\/#organization\"},\"potentialAction\":[{\"@type\":\"SearchAction\",\"target\":{\"@type\":\"EntryPoint\",\"urlTemplate\":\"https:\/\/www.visitdaugavpils.lv\/ru\/?s={search_term_string}\"},\"query-input\":\"required name=search_term_string\"}],\"inLanguage\":\"de\"},{\"@type\":\"Organization\",\"@id\":\"https:\/\/www.visitdaugavpils.lv\/ru\/#organization\",\"name\":\"VISITDAUGAVPILS\",\"url\":\"https:\/\/www.visitdaugavpils.lv\/ru\/\",\"logo\":{\"@type\":\"ImageObject\",\"inLanguage\":\"de\",\"@id\":\"https:\/\/www.visitdaugavpils.lv\/ru\/#\/schema\/logo\/image\/\",\"url\":\"https:\/\/www.visitdaugavpils.lv\/wp-content\/uploads\/2017\/11\/VD_LOGO11_14_11.png\",\"contentUrl\":\"https:\/\/www.visitdaugavpils.lv\/wp-content\/uploads\/2017\/11\/VD_LOGO11_14_11.png\",\"width\":350,\"height\":100,\"caption\":\"VISITDAUGAVPILS\"},\"image\":{\"@id\":\"https:\/\/www.visitdaugavpils.lv\/ru\/#\/schema\/logo\/image\/\"}}]}<\/script>\n<!-- \/ Yoast SEO plugin. -->","yoast_head_json":{"title":"F\u00fchrungen - VISITDAUGAVPILS","robots":{"index":"index","follow":"follow","max-snippet":"max-snippet:-1","max-image-preview":"max-image-preview:large","max-video-preview":"max-video-preview:-1"},"canonical":"https:\/\/www.visitdaugavpils.lv\/de\/tourismusabteilung-des-kultur-und-tourismusamtes-der-region-augsdaugava\/ekskursijas\/","og_locale":"de_DE","og_type":"article","og_title":"F\u00fchrungen - VISITDAUGAVPILS","og_description":"Tourismusabteilung des Kultur- und Tourismusamtes der Region Augsdaugava veranstaltet F\u00fchrungen durch den Kreis Augsdaugava. Es ist m\u00f6glich sowohl schon vorbereitete Routen auszuw\u00e4hlen als auch eine eigene Route zu planen. Kontakt: Tel. (+371) 654 76748; 29431360 E-Mail: turisms@augsdaugavasnovads.lv","og_url":"https:\/\/www.visitdaugavpils.lv\/de\/tourismusabteilung-des-kultur-und-tourismusamtes-der-region-augsdaugava\/ekskursijas\/","og_site_name":"VISITDAUGAVPILS","article_modified_time":"2025-02-25T09:55:23+00:00","twitter_card":"summary_large_image","twitter_misc":{"Gesch\u00e4tzte Lesezeit":"1\u00a0Minute"},"schema":{"@context":"https:\/\/schema.org","@graph":[{"@type":"WebPage","@id":"https:\/\/www.visitdaugavpils.lv\/de\/tourismusabteilung-des-kultur-und-tourismusamtes-der-region-augsdaugava\/ekskursijas\/","url":"https:\/\/www.visitdaugavpils.lv\/de\/tourismusabteilung-des-kultur-und-tourismusamtes-der-region-augsdaugava\/ekskursijas\/","name":"F\u00fchrungen - VISITDAUGAVPILS","isPartOf":{"@id":"https:\/\/www.visitdaugavpils.lv\/ru\/#website"},"datePublished":"2017-06-28T10:58:18+00:00","dateModified":"2025-02-25T09:55:23+00:00","breadcrumb":{"@id":"https:\/\/www.visitdaugavpils.lv\/de\/tourismusabteilung-des-kultur-und-tourismusamtes-der-region-augsdaugava\/ekskursijas\/#breadcrumb"},"inLanguage":"de","potentialAction":[{"@type":"ReadAction","target":["https:\/\/www.visitdaugavpils.lv\/de\/tourismusabteilung-des-kultur-und-tourismusamtes-der-region-augsdaugava\/ekskursijas\/"]}]},{"@type":"BreadcrumbList","@id":"https:\/\/www.visitdaugavpils.lv\/de\/tourismusabteilung-des-kultur-und-tourismusamtes-der-region-augsdaugava\/ekskursijas\/#breadcrumb","itemListElement":[{"@type":"ListItem","position":1,"name":"Home","item":"https:\/\/www.visitdaugavpils.lv\/de\/"},{"@type":"ListItem","position":2,"name":"Tourismusabteilung des Kultur- und Tourismusamtes der Region Augsdaugava","item":"https:\/\/www.visitdaugavpils.lv\/de\/tourismusabteilung-des-kultur-und-tourismusamtes-der-region-augsdaugava\/"},{"@type":"ListItem","position":3,"name":"F\u00fchrungen"}]},{"@type":"WebSite","@id":"https:\/\/www.visitdaugavpils.lv\/ru\/#website","url":"https:\/\/www.visitdaugavpils.lv\/ru\/","name":"VISITDAUGAVPILS","description":"Daugavpils T\u016brisma Inform\u0101cijas Centrs","publisher":{"@id":"https:\/\/www.visitdaugavpils.lv\/ru\/#organization"},"potentialAction":[{"@type":"SearchAction","target":{"@type":"EntryPoint","urlTemplate":"https:\/\/www.visitdaugavpils.lv\/ru\/?s={search_term_string}"},"query-input":"required name=search_term_string"}],"inLanguage":"de"},{"@type":"Organization","@id":"https:\/\/www.visitdaugavpils.lv\/ru\/#organization","name":"VISITDAUGAVPILS","url":"https:\/\/www.visitdaugavpils.lv\/ru\/","logo":{"@type":"ImageObject","inLanguage":"de","@id":"https:\/\/www.visitdaugavpils.lv\/ru\/#\/schema\/logo\/image\/","url":"https:\/\/www.visitdaugavpils.lv\/wp-content\/uploads\/2017\/11\/VD_LOGO11_14_11.png","contentUrl":"https:\/\/www.visitdaugavpils.lv\/wp-content\/uploads\/2017\/11\/VD_LOGO11_14_11.png","width":350,"height":100,"caption":"VISITDAUGAVPILS"},"image":{"@id":"https:\/\/www.visitdaugavpils.lv\/ru\/#\/schema\/logo\/image\/"}}]}},"_links":{"self":[{"href":"https:\/\/www.visitdaugavpils.lv\/de\/wp-json\/wp\/v2\/pages\/72199"}],"collection":[{"href":"https:\/\/www.visitdaugavpils.lv\/de\/wp-json\/wp\/v2\/pages"}],"about":[{"href":"https:\/\/www.visitdaugavpils.lv\/de\/wp-json\/wp\/v2\/types\/page"}],"author":[{"embeddable":true,"href":"https:\/\/www.visitdaugavpils.lv\/de\/wp-json\/wp\/v2\/users\/1"}],"replies":[{"embeddable":true,"href":"https:\/\/www.visitdaugavpils.lv\/de\/wp-json\/wp\/v2\/comments?post=72199"}],"version-history":[{"count":2,"href":"https:\/\/www.visitdaugavpils.lv\/de\/wp-json\/wp\/v2\/pages\/72199\/revisions"}],"predecessor-version":[{"id":243348,"href":"https:\/\/www.visitdaugavpils.lv\/de\/wp-json\/wp\/v2\/pages\/72199\/revisions\/243348"}],"up":[{"embeddable":true,"href":"https:\/\/www.visitdaugavpils.lv\/de\/wp-json\/wp\/v2\/pages\/72147"}],"wp:attachment":[{"href":"https:\/\/www.visitdaugavpils.lv\/de\/wp-json\/wp\/v2\/media?parent=72199"}],"curies":[{"name":"wp","href":"https:\/\/api.w.org\/{rel}","templated":true}]}}