{"id":72147,"date":"2017-06-28T13:45:06","date_gmt":"2017-06-28T10:45:06","guid":{"rendered":"https:\/\/www.visitdaugavpils.lv\/pasvaldibas-agentura-taka\/"},"modified":"2026-01-21T08:47:31","modified_gmt":"2026-01-21T06:47:31","slug":"tourismusabteilung-des-kultur-und-tourismusamtes-der-region-augsdaugava","status":"publish","type":"page","link":"https:\/\/www.visitdaugavpils.lv\/de\/tourismusabteilung-des-kultur-und-tourismusamtes-der-region-augsdaugava\/","title":{"rendered":"Tourismusabteilung des Kultur- und Tourismusamtes der Region Augsdaugava"},"content":{"rendered":"<p>Tourismusabteilung des Kultur- und Tourismusamtes der Region Augsdaugava sind die F\u00f6rderung der Tourismusentwicklung im Kreis Augsdaugava; Ausarbeitung des Tourismusentwicklungsplans; Entwicklung der neuen Tourismusprodukten; Ermittlung und Systematisierung von Informationen \u00fcber die bestehenden und potenziellen Tourismus-, Sport- und Kulturobjekten; Erstellen und Betreiben der Datenbank der Anbietern von Tourismusdienstleistungen; Popularisierung von Tourismus-, Sport- und Kulturobjekte des Kreises, und Organisation der Veranstaltungen in diesen Objekten; Verkauf von Souvenirs; F\u00f6rderung der Zusammenarbeit mit Reiseveranstalter; Verwaltung von Estrade und Stadion Vi\u0161\u0137i.<\/p>\n<p><span style=\"font-size: 14pt;\"><strong>Kontakt:<\/strong><\/span><\/p>\n<p>Juristische Adresse: Dobeles iela 30, Daugavpils, LV-5404;<br \/>\nTel.: (+371) 654 76748 , 29431360,<br \/>\nE-Mail: <a href=\"mailto:turisms@augsdaugavasnovads.lv\">turisms@augsdaugavasnovads.lv<\/a>,<br \/>\nInternet: <a href=\"https:\/\/www.augsdaugavasnovads.lv\/\">www.augsdaugavasnovads.lv<\/a>, <a href=\"http:\/\/www.visku-estrade-stadions.lv\">www.visku-estrade-stadions.lv<\/a><\/p>\n<p><strong>B\u00fcro der Institution (Dobeles iela 30, Daugavpils, LV-5404)<\/strong><\/p>\n<p>Leiter der Agentur: Rolands Gradkovskis, Tel. +371 65476748<br \/>\nHandy. +371\u00a029431360<br \/>\nE-Mail: <a href=\"mailto:rolands.gradkovskis@augsdaugavasnovads.lv\">rolands.gradkovskis@augsdaugavasnovads.lv<\/a><\/p>\n<p>Tourismusspezialistin: Viktorija Par\u0146evi\u010da, Tel. +371 65424147<br \/>\nE-Mail: <a href=\"viktorija.parnevica@augsdaugavasnovads.lv\">viktorija.parnevica@augsdaugavasnovads.lv<\/a><\/p>\n","protected":false},"excerpt":{"rendered":"<p>Tourismusabteilung des Kultur- und Tourismusamtes der Region Augsdaugava sind die F\u00f6rderung der Tourismusentwicklung im Kreis Augsdaugava; Ausarbeitung des Tourismusentwicklungsplans; Entwicklung der neuen Tourismusprodukten; Ermittlung und Systematisierung von Informationen \u00fcber die bestehenden und potenziellen Tourismus-, Sport- und Kulturobjekten; Erstellen und Betreiben der Datenbank der Anbietern von Tourismusdienstleistungen; Popularisierung von Tourismus-, Sport- und Kulturobjekte des Kreises, und &#8230; <a title=\"Tourismusabteilung des Kultur- und Tourismusamtes der Region Augsdaugava\" class=\"read-more\" href=\"https:\/\/www.visitdaugavpils.lv\/de\/tourismusabteilung-des-kultur-und-tourismusamtes-der-region-augsdaugava\/\">&gt;&gt;<\/a><\/p>\n","protected":false},"author":1,"featured_media":0,"parent":0,"menu_order":0,"comment_status":"closed","ping_status":"closed","template":"","meta":{"footnotes":""},"yoast_head":"<!-- This site is optimized with the Yoast SEO plugin v22.0 - https:\/\/yoast.com\/wordpress\/plugins\/seo\/ -->\n<title>Tourismusabteilung des Kultur- und Tourismusamtes der Region Augsdaugava - VISITDAUGAVPILS<\/title>\n<meta name=\"robots\" content=\"index, follow, max-snippet:-1, max-image-preview:large, max-video-preview:-1\" \/>\n<link rel=\"canonical\" href=\"https:\/\/www.visitdaugavpils.lv\/de\/tourismusabteilung-des-kultur-und-tourismusamtes-der-region-augsdaugava\/\" \/>\n<meta property=\"og:locale\" content=\"de_DE\" \/>\n<meta property=\"og:type\" content=\"article\" \/>\n<meta property=\"og:title\" content=\"Tourismusabteilung des Kultur- und Tourismusamtes der Region Augsdaugava - VISITDAUGAVPILS\" \/>\n<meta property=\"og:description\" content=\"Tourismusabteilung des Kultur- und Tourismusamtes der Region Augsdaugava sind die F\u00f6rderung der Tourismusentwicklung im Kreis Augsdaugava; Ausarbeitung des Tourismusentwicklungsplans; Entwicklung der neuen Tourismusprodukten; Ermittlung und Systematisierung von Informationen \u00fcber die bestehenden und potenziellen Tourismus-, Sport- und Kulturobjekten; Erstellen und Betreiben der Datenbank der Anbietern von Tourismusdienstleistungen; Popularisierung von Tourismus-, Sport- und Kulturobjekte des Kreises, und ... &gt;&gt;\" \/>\n<meta property=\"og:url\" content=\"https:\/\/www.visitdaugavpils.lv\/de\/tourismusabteilung-des-kultur-und-tourismusamtes-der-region-augsdaugava\/\" \/>\n<meta property=\"og:site_name\" content=\"VISITDAUGAVPILS\" \/>\n<meta property=\"article:modified_time\" content=\"2026-01-21T06:47:31+00:00\" \/>\n<meta name=\"twitter:card\" content=\"summary_large_image\" \/>\n<meta name=\"twitter:label1\" content=\"Gesch\u00e4tzte Lesezeit\" \/>\n\t<meta name=\"twitter:data1\" content=\"1\u00a0Minute\" \/>\n<script type=\"application\/ld+json\" class=\"yoast-schema-graph\">{\"@context\":\"https:\/\/schema.org\",\"@graph\":[{\"@type\":\"WebPage\",\"@id\":\"https:\/\/www.visitdaugavpils.lv\/de\/tourismusabteilung-des-kultur-und-tourismusamtes-der-region-augsdaugava\/\",\"url\":\"https:\/\/www.visitdaugavpils.lv\/de\/tourismusabteilung-des-kultur-und-tourismusamtes-der-region-augsdaugava\/\",\"name\":\"Tourismusabteilung des Kultur- und Tourismusamtes der Region Augsdaugava - VISITDAUGAVPILS\",\"isPartOf\":{\"@id\":\"https:\/\/www.visitdaugavpils.lv\/ru\/#website\"},\"datePublished\":\"2017-06-28T10:45:06+00:00\",\"dateModified\":\"2026-01-21T06:47:31+00:00\",\"breadcrumb\":{\"@id\":\"https:\/\/www.visitdaugavpils.lv\/de\/tourismusabteilung-des-kultur-und-tourismusamtes-der-region-augsdaugava\/#breadcrumb\"},\"inLanguage\":\"de\",\"potentialAction\":[{\"@type\":\"ReadAction\",\"target\":[\"https:\/\/www.visitdaugavpils.lv\/de\/tourismusabteilung-des-kultur-und-tourismusamtes-der-region-augsdaugava\/\"]}]},{\"@type\":\"BreadcrumbList\",\"@id\":\"https:\/\/www.visitdaugavpils.lv\/de\/tourismusabteilung-des-kultur-und-tourismusamtes-der-region-augsdaugava\/#breadcrumb\",\"itemListElement\":[{\"@type\":\"ListItem\",\"position\":1,\"name\":\"Home\",\"item\":\"https:\/\/www.visitdaugavpils.lv\/de\/\"},{\"@type\":\"ListItem\",\"position\":2,\"name\":\"Tourismusabteilung des Kultur- und Tourismusamtes der Region Augsdaugava\"}]},{\"@type\":\"WebSite\",\"@id\":\"https:\/\/www.visitdaugavpils.lv\/ru\/#website\",\"url\":\"https:\/\/www.visitdaugavpils.lv\/ru\/\",\"name\":\"VISITDAUGAVPILS\",\"description\":\"Daugavpils T\u016brisma Inform\u0101cijas Centrs\",\"publisher\":{\"@id\":\"https:\/\/www.visitdaugavpils.lv\/ru\/#organization\"},\"potentialAction\":[{\"@type\":\"SearchAction\",\"target\":{\"@type\":\"EntryPoint\",\"urlTemplate\":\"https:\/\/www.visitdaugavpils.lv\/ru\/?s={search_term_string}\"},\"query-input\":\"required name=search_term_string\"}],\"inLanguage\":\"de\"},{\"@type\":\"Organization\",\"@id\":\"https:\/\/www.visitdaugavpils.lv\/ru\/#organization\",\"name\":\"VISITDAUGAVPILS\",\"url\":\"https:\/\/www.visitdaugavpils.lv\/ru\/\",\"logo\":{\"@type\":\"ImageObject\",\"inLanguage\":\"de\",\"@id\":\"https:\/\/www.visitdaugavpils.lv\/ru\/#\/schema\/logo\/image\/\",\"url\":\"https:\/\/www.visitdaugavpils.lv\/wp-content\/uploads\/2017\/11\/VD_LOGO11_14_11.png\",\"contentUrl\":\"https:\/\/www.visitdaugavpils.lv\/wp-content\/uploads\/2017\/11\/VD_LOGO11_14_11.png\",\"width\":350,\"height\":100,\"caption\":\"VISITDAUGAVPILS\"},\"image\":{\"@id\":\"https:\/\/www.visitdaugavpils.lv\/ru\/#\/schema\/logo\/image\/\"}}]}<\/script>\n<!-- \/ Yoast SEO plugin. -->","yoast_head_json":{"title":"Tourismusabteilung des Kultur- und Tourismusamtes der Region Augsdaugava - VISITDAUGAVPILS","robots":{"index":"index","follow":"follow","max-snippet":"max-snippet:-1","max-image-preview":"max-image-preview:large","max-video-preview":"max-video-preview:-1"},"canonical":"https:\/\/www.visitdaugavpils.lv\/de\/tourismusabteilung-des-kultur-und-tourismusamtes-der-region-augsdaugava\/","og_locale":"de_DE","og_type":"article","og_title":"Tourismusabteilung des Kultur- und Tourismusamtes der Region Augsdaugava - VISITDAUGAVPILS","og_description":"Tourismusabteilung des Kultur- und Tourismusamtes der Region Augsdaugava sind die F\u00f6rderung der Tourismusentwicklung im Kreis Augsdaugava; Ausarbeitung des Tourismusentwicklungsplans; Entwicklung der neuen Tourismusprodukten; Ermittlung und Systematisierung von Informationen \u00fcber die bestehenden und potenziellen Tourismus-, Sport- und Kulturobjekten; Erstellen und Betreiben der Datenbank der Anbietern von Tourismusdienstleistungen; Popularisierung von Tourismus-, Sport- und Kulturobjekte des Kreises, und ... &gt;&gt;","og_url":"https:\/\/www.visitdaugavpils.lv\/de\/tourismusabteilung-des-kultur-und-tourismusamtes-der-region-augsdaugava\/","og_site_name":"VISITDAUGAVPILS","article_modified_time":"2026-01-21T06:47:31+00:00","twitter_card":"summary_large_image","twitter_misc":{"Gesch\u00e4tzte Lesezeit":"1\u00a0Minute"},"schema":{"@context":"https:\/\/schema.org","@graph":[{"@type":"WebPage","@id":"https:\/\/www.visitdaugavpils.lv\/de\/tourismusabteilung-des-kultur-und-tourismusamtes-der-region-augsdaugava\/","url":"https:\/\/www.visitdaugavpils.lv\/de\/tourismusabteilung-des-kultur-und-tourismusamtes-der-region-augsdaugava\/","name":"Tourismusabteilung des Kultur- und Tourismusamtes der Region Augsdaugava - VISITDAUGAVPILS","isPartOf":{"@id":"https:\/\/www.visitdaugavpils.lv\/ru\/#website"},"datePublished":"2017-06-28T10:45:06+00:00","dateModified":"2026-01-21T06:47:31+00:00","breadcrumb":{"@id":"https:\/\/www.visitdaugavpils.lv\/de\/tourismusabteilung-des-kultur-und-tourismusamtes-der-region-augsdaugava\/#breadcrumb"},"inLanguage":"de","potentialAction":[{"@type":"ReadAction","target":["https:\/\/www.visitdaugavpils.lv\/de\/tourismusabteilung-des-kultur-und-tourismusamtes-der-region-augsdaugava\/"]}]},{"@type":"BreadcrumbList","@id":"https:\/\/www.visitdaugavpils.lv\/de\/tourismusabteilung-des-kultur-und-tourismusamtes-der-region-augsdaugava\/#breadcrumb","itemListElement":[{"@type":"ListItem","position":1,"name":"Home","item":"https:\/\/www.visitdaugavpils.lv\/de\/"},{"@type":"ListItem","position":2,"name":"Tourismusabteilung des Kultur- und Tourismusamtes der Region Augsdaugava"}]},{"@type":"WebSite","@id":"https:\/\/www.visitdaugavpils.lv\/ru\/#website","url":"https:\/\/www.visitdaugavpils.lv\/ru\/","name":"VISITDAUGAVPILS","description":"Daugavpils T\u016brisma Inform\u0101cijas Centrs","publisher":{"@id":"https:\/\/www.visitdaugavpils.lv\/ru\/#organization"},"potentialAction":[{"@type":"SearchAction","target":{"@type":"EntryPoint","urlTemplate":"https:\/\/www.visitdaugavpils.lv\/ru\/?s={search_term_string}"},"query-input":"required name=search_term_string"}],"inLanguage":"de"},{"@type":"Organization","@id":"https:\/\/www.visitdaugavpils.lv\/ru\/#organization","name":"VISITDAUGAVPILS","url":"https:\/\/www.visitdaugavpils.lv\/ru\/","logo":{"@type":"ImageObject","inLanguage":"de","@id":"https:\/\/www.visitdaugavpils.lv\/ru\/#\/schema\/logo\/image\/","url":"https:\/\/www.visitdaugavpils.lv\/wp-content\/uploads\/2017\/11\/VD_LOGO11_14_11.png","contentUrl":"https:\/\/www.visitdaugavpils.lv\/wp-content\/uploads\/2017\/11\/VD_LOGO11_14_11.png","width":350,"height":100,"caption":"VISITDAUGAVPILS"},"image":{"@id":"https:\/\/www.visitdaugavpils.lv\/ru\/#\/schema\/logo\/image\/"}}]}},"_links":{"self":[{"href":"https:\/\/www.visitdaugavpils.lv\/de\/wp-json\/wp\/v2\/pages\/72147"}],"collection":[{"href":"https:\/\/www.visitdaugavpils.lv\/de\/wp-json\/wp\/v2\/pages"}],"about":[{"href":"https:\/\/www.visitdaugavpils.lv\/de\/wp-json\/wp\/v2\/types\/page"}],"author":[{"embeddable":true,"href":"https:\/\/www.visitdaugavpils.lv\/de\/wp-json\/wp\/v2\/users\/1"}],"replies":[{"embeddable":true,"href":"https:\/\/www.visitdaugavpils.lv\/de\/wp-json\/wp\/v2\/comments?post=72147"}],"version-history":[{"count":3,"href":"https:\/\/www.visitdaugavpils.lv\/de\/wp-json\/wp\/v2\/pages\/72147\/revisions"}],"predecessor-version":[{"id":278847,"href":"https:\/\/www.visitdaugavpils.lv\/de\/wp-json\/wp\/v2\/pages\/72147\/revisions\/278847"}],"wp:attachment":[{"href":"https:\/\/www.visitdaugavpils.lv\/de\/wp-json\/wp\/v2\/media?parent=72147"}],"curies":[{"name":"wp","href":"https:\/\/api.w.org\/{rel}","templated":true}]}}