{"id":70440,"date":"2017-06-28T13:37:50","date_gmt":"2017-06-28T10:37:50","guid":{"rendered":"https:\/\/www.visitdaugavpils.lv\/par-daugavpils-novadu\/vesture\/"},"modified":"2025-03-06T13:02:21","modified_gmt":"2025-03-06T11:02:21","slug":"vesture","status":"publish","type":"page","link":"https:\/\/www.visitdaugavpils.lv\/de\/par-daugavpils-novadu\/vesture\/","title":{"rendered":"Geschichte"},"content":{"rendered":"<p><span style=\"font-weight: 400;\">Interessante Fakten \u00fcber den Kreis Augsdaugava:<\/span><\/p>\n<ul>\n<li style=\"font-weight: 400;\"><span style=\"font-weight: 400;\">Vor 740 Jahren hat der livl\u00e4ndische Orden 1275 auf der Spitze des Schlossbergs Vecpils anstelle der alten latgalischen Burg den Schloss D\u00fcnaburg gebaut, was der Vorl\u00e4ufer der Stadt Daugavpils war.<\/span><\/li>\n<li style=\"font-weight: 400;\"><span style=\"font-weight: 400;\">Die Imperatorin von Russland Katharina I (Martha Elena Skawronska) (1684 \u2013 1727) wurde in Vi\u0161\u0137i geboren.\u00a0<\/span><\/li>\n<li style=\"font-weight: 400;\"><span style=\"font-weight: 400;\">In der lutherischen Kirche von \u0112\u0123ipte hat der Pastor Oskars Svensons (1822 \u2013 1884), gearbeitet. Er war der erste Lehrer von J\u0101\u0146is Pliek\u0161\u0101ns (Rainis).<\/span><\/li>\n<li style=\"font-weight: 400;\"><span style=\"font-weight: 400;\">Im 19. Jh. haben Kanoniker \u2013 die Autoren der latgalischen geistigen Literatur und Grammatik J\u0101zeps Akilevi\u010ds und Toma\u0161s Kosovskis in L\u012bksna gelebt.<\/span><\/li>\n<li style=\"font-weight: 400;\"><span style=\"font-weight: 400;\">Der Bundeskanzler Otto von Bismarck (1815 \u2013 1898) war h\u00e4ufig im Gutshof von August von Oettingen zu Gast, und er jagte gerne in den W\u00e4ldern von Medumi<\/span><\/li>\n<li style=\"font-weight: 400;\"><span style=\"font-weight: 400;\">Wessel Freiherr Freytag von Loringhoven (1899 \u2013 1944) wurde 1899 im Gutshof Lielborne geboren. Am 20. Juli 1944 nahm er an der Vorbereitung des Mordanschlags gegen Adolf Hitler teil.<\/span><\/li>\n<\/ul>\n","protected":false},"excerpt":{"rendered":"<p>Interessante Fakten \u00fcber den Kreis Augsdaugava: Vor 740 Jahren hat der livl\u00e4ndische Orden 1275 auf der Spitze des Schlossbergs Vecpils anstelle der alten latgalischen Burg den Schloss D\u00fcnaburg gebaut, was der Vorl\u00e4ufer der Stadt Daugavpils war. Die Imperatorin von Russland Katharina I (Martha Elena Skawronska) (1684 \u2013 1727) wurde in Vi\u0161\u0137i geboren.\u00a0 In der lutherischen &#8230; <a title=\"Geschichte\" class=\"read-more\" href=\"https:\/\/www.visitdaugavpils.lv\/de\/par-daugavpils-novadu\/vesture\/\">&gt;&gt;<\/a><\/p>\n","protected":false},"author":1,"featured_media":0,"parent":70400,"menu_order":0,"comment_status":"closed","ping_status":"closed","template":"","meta":{"footnotes":""},"yoast_head":"<!-- This site is optimized with the Yoast SEO plugin v22.0 - https:\/\/yoast.com\/wordpress\/plugins\/seo\/ -->\n<title>Geschichte - VISITDAUGAVPILS<\/title>\n<meta name=\"robots\" content=\"index, follow, max-snippet:-1, max-image-preview:large, max-video-preview:-1\" \/>\n<link rel=\"canonical\" href=\"https:\/\/www.visitdaugavpils.lv\/de\/par-daugavpils-novadu\/vesture\/\" \/>\n<meta property=\"og:locale\" content=\"de_DE\" \/>\n<meta property=\"og:type\" content=\"article\" \/>\n<meta property=\"og:title\" content=\"Geschichte - VISITDAUGAVPILS\" \/>\n<meta property=\"og:description\" content=\"Interessante Fakten \u00fcber den Kreis Augsdaugava: Vor 740 Jahren hat der livl\u00e4ndische Orden 1275 auf der Spitze des Schlossbergs Vecpils anstelle der alten latgalischen Burg den Schloss D\u00fcnaburg gebaut, was der Vorl\u00e4ufer der Stadt Daugavpils war. Die Imperatorin von Russland Katharina I (Martha Elena Skawronska) (1684 \u2013 1727) wurde in Vi\u0161\u0137i geboren.\u00a0 In der lutherischen ... &gt;&gt;\" \/>\n<meta property=\"og:url\" content=\"https:\/\/www.visitdaugavpils.lv\/de\/par-daugavpils-novadu\/vesture\/\" \/>\n<meta property=\"og:site_name\" content=\"VISITDAUGAVPILS\" \/>\n<meta property=\"article:modified_time\" content=\"2025-03-06T11:02:21+00:00\" \/>\n<meta name=\"twitter:card\" content=\"summary_large_image\" \/>\n<meta name=\"twitter:label1\" content=\"Gesch\u00e4tzte Lesezeit\" \/>\n\t<meta name=\"twitter:data1\" content=\"1\u00a0Minute\" \/>\n<script type=\"application\/ld+json\" class=\"yoast-schema-graph\">{\"@context\":\"https:\/\/schema.org\",\"@graph\":[{\"@type\":\"WebPage\",\"@id\":\"https:\/\/www.visitdaugavpils.lv\/de\/par-daugavpils-novadu\/vesture\/\",\"url\":\"https:\/\/www.visitdaugavpils.lv\/de\/par-daugavpils-novadu\/vesture\/\",\"name\":\"Geschichte - VISITDAUGAVPILS\",\"isPartOf\":{\"@id\":\"https:\/\/www.visitdaugavpils.lv\/ru\/#website\"},\"datePublished\":\"2017-06-28T10:37:50+00:00\",\"dateModified\":\"2025-03-06T11:02:21+00:00\",\"breadcrumb\":{\"@id\":\"https:\/\/www.visitdaugavpils.lv\/de\/par-daugavpils-novadu\/vesture\/#breadcrumb\"},\"inLanguage\":\"de\",\"potentialAction\":[{\"@type\":\"ReadAction\",\"target\":[\"https:\/\/www.visitdaugavpils.lv\/de\/par-daugavpils-novadu\/vesture\/\"]}]},{\"@type\":\"BreadcrumbList\",\"@id\":\"https:\/\/www.visitdaugavpils.lv\/de\/par-daugavpils-novadu\/vesture\/#breadcrumb\",\"itemListElement\":[{\"@type\":\"ListItem\",\"position\":1,\"name\":\"Home\",\"item\":\"https:\/\/www.visitdaugavpils.lv\/de\/\"},{\"@type\":\"ListItem\",\"position\":2,\"name\":\"\u00dcber den Kreis Augsdaugava\",\"item\":\"https:\/\/www.visitdaugavpils.lv\/de\/par-daugavpils-novadu\/\"},{\"@type\":\"ListItem\",\"position\":3,\"name\":\"Geschichte\"}]},{\"@type\":\"WebSite\",\"@id\":\"https:\/\/www.visitdaugavpils.lv\/ru\/#website\",\"url\":\"https:\/\/www.visitdaugavpils.lv\/ru\/\",\"name\":\"VISITDAUGAVPILS\",\"description\":\"Daugavpils T\u016brisma Inform\u0101cijas Centrs\",\"publisher\":{\"@id\":\"https:\/\/www.visitdaugavpils.lv\/ru\/#organization\"},\"potentialAction\":[{\"@type\":\"SearchAction\",\"target\":{\"@type\":\"EntryPoint\",\"urlTemplate\":\"https:\/\/www.visitdaugavpils.lv\/ru\/?s={search_term_string}\"},\"query-input\":\"required name=search_term_string\"}],\"inLanguage\":\"de\"},{\"@type\":\"Organization\",\"@id\":\"https:\/\/www.visitdaugavpils.lv\/ru\/#organization\",\"name\":\"VISITDAUGAVPILS\",\"url\":\"https:\/\/www.visitdaugavpils.lv\/ru\/\",\"logo\":{\"@type\":\"ImageObject\",\"inLanguage\":\"de\",\"@id\":\"https:\/\/www.visitdaugavpils.lv\/ru\/#\/schema\/logo\/image\/\",\"url\":\"https:\/\/www.visitdaugavpils.lv\/wp-content\/uploads\/2017\/11\/VD_LOGO11_14_11.png\",\"contentUrl\":\"https:\/\/www.visitdaugavpils.lv\/wp-content\/uploads\/2017\/11\/VD_LOGO11_14_11.png\",\"width\":350,\"height\":100,\"caption\":\"VISITDAUGAVPILS\"},\"image\":{\"@id\":\"https:\/\/www.visitdaugavpils.lv\/ru\/#\/schema\/logo\/image\/\"}}]}<\/script>\n<!-- \/ Yoast SEO plugin. -->","yoast_head_json":{"title":"Geschichte - VISITDAUGAVPILS","robots":{"index":"index","follow":"follow","max-snippet":"max-snippet:-1","max-image-preview":"max-image-preview:large","max-video-preview":"max-video-preview:-1"},"canonical":"https:\/\/www.visitdaugavpils.lv\/de\/par-daugavpils-novadu\/vesture\/","og_locale":"de_DE","og_type":"article","og_title":"Geschichte - VISITDAUGAVPILS","og_description":"Interessante Fakten \u00fcber den Kreis Augsdaugava: Vor 740 Jahren hat der livl\u00e4ndische Orden 1275 auf der Spitze des Schlossbergs Vecpils anstelle der alten latgalischen Burg den Schloss D\u00fcnaburg gebaut, was der Vorl\u00e4ufer der Stadt Daugavpils war. Die Imperatorin von Russland Katharina I (Martha Elena Skawronska) (1684 \u2013 1727) wurde in Vi\u0161\u0137i geboren.\u00a0 In der lutherischen ... &gt;&gt;","og_url":"https:\/\/www.visitdaugavpils.lv\/de\/par-daugavpils-novadu\/vesture\/","og_site_name":"VISITDAUGAVPILS","article_modified_time":"2025-03-06T11:02:21+00:00","twitter_card":"summary_large_image","twitter_misc":{"Gesch\u00e4tzte Lesezeit":"1\u00a0Minute"},"schema":{"@context":"https:\/\/schema.org","@graph":[{"@type":"WebPage","@id":"https:\/\/www.visitdaugavpils.lv\/de\/par-daugavpils-novadu\/vesture\/","url":"https:\/\/www.visitdaugavpils.lv\/de\/par-daugavpils-novadu\/vesture\/","name":"Geschichte - VISITDAUGAVPILS","isPartOf":{"@id":"https:\/\/www.visitdaugavpils.lv\/ru\/#website"},"datePublished":"2017-06-28T10:37:50+00:00","dateModified":"2025-03-06T11:02:21+00:00","breadcrumb":{"@id":"https:\/\/www.visitdaugavpils.lv\/de\/par-daugavpils-novadu\/vesture\/#breadcrumb"},"inLanguage":"de","potentialAction":[{"@type":"ReadAction","target":["https:\/\/www.visitdaugavpils.lv\/de\/par-daugavpils-novadu\/vesture\/"]}]},{"@type":"BreadcrumbList","@id":"https:\/\/www.visitdaugavpils.lv\/de\/par-daugavpils-novadu\/vesture\/#breadcrumb","itemListElement":[{"@type":"ListItem","position":1,"name":"Home","item":"https:\/\/www.visitdaugavpils.lv\/de\/"},{"@type":"ListItem","position":2,"name":"\u00dcber den Kreis Augsdaugava","item":"https:\/\/www.visitdaugavpils.lv\/de\/par-daugavpils-novadu\/"},{"@type":"ListItem","position":3,"name":"Geschichte"}]},{"@type":"WebSite","@id":"https:\/\/www.visitdaugavpils.lv\/ru\/#website","url":"https:\/\/www.visitdaugavpils.lv\/ru\/","name":"VISITDAUGAVPILS","description":"Daugavpils T\u016brisma Inform\u0101cijas Centrs","publisher":{"@id":"https:\/\/www.visitdaugavpils.lv\/ru\/#organization"},"potentialAction":[{"@type":"SearchAction","target":{"@type":"EntryPoint","urlTemplate":"https:\/\/www.visitdaugavpils.lv\/ru\/?s={search_term_string}"},"query-input":"required name=search_term_string"}],"inLanguage":"de"},{"@type":"Organization","@id":"https:\/\/www.visitdaugavpils.lv\/ru\/#organization","name":"VISITDAUGAVPILS","url":"https:\/\/www.visitdaugavpils.lv\/ru\/","logo":{"@type":"ImageObject","inLanguage":"de","@id":"https:\/\/www.visitdaugavpils.lv\/ru\/#\/schema\/logo\/image\/","url":"https:\/\/www.visitdaugavpils.lv\/wp-content\/uploads\/2017\/11\/VD_LOGO11_14_11.png","contentUrl":"https:\/\/www.visitdaugavpils.lv\/wp-content\/uploads\/2017\/11\/VD_LOGO11_14_11.png","width":350,"height":100,"caption":"VISITDAUGAVPILS"},"image":{"@id":"https:\/\/www.visitdaugavpils.lv\/ru\/#\/schema\/logo\/image\/"}}]}},"_links":{"self":[{"href":"https:\/\/www.visitdaugavpils.lv\/de\/wp-json\/wp\/v2\/pages\/70440"}],"collection":[{"href":"https:\/\/www.visitdaugavpils.lv\/de\/wp-json\/wp\/v2\/pages"}],"about":[{"href":"https:\/\/www.visitdaugavpils.lv\/de\/wp-json\/wp\/v2\/types\/page"}],"author":[{"embeddable":true,"href":"https:\/\/www.visitdaugavpils.lv\/de\/wp-json\/wp\/v2\/users\/1"}],"replies":[{"embeddable":true,"href":"https:\/\/www.visitdaugavpils.lv\/de\/wp-json\/wp\/v2\/comments?post=70440"}],"version-history":[{"count":1,"href":"https:\/\/www.visitdaugavpils.lv\/de\/wp-json\/wp\/v2\/pages\/70440\/revisions"}],"predecessor-version":[{"id":244834,"href":"https:\/\/www.visitdaugavpils.lv\/de\/wp-json\/wp\/v2\/pages\/70440\/revisions\/244834"}],"up":[{"embeddable":true,"href":"https:\/\/www.visitdaugavpils.lv\/de\/wp-json\/wp\/v2\/pages\/70400"}],"wp:attachment":[{"href":"https:\/\/www.visitdaugavpils.lv\/de\/wp-json\/wp\/v2\/media?parent=70440"}],"curies":[{"name":"wp","href":"https:\/\/api.w.org\/{rel}","templated":true}]}}