{"id":70400,"date":"2017-06-28T13:34:14","date_gmt":"2017-06-28T10:34:14","guid":{"rendered":"https:\/\/www.visitdaugavpils.lv\/par-daugavpils-novadu\/"},"modified":"2022-10-08T11:37:03","modified_gmt":"2022-10-08T08:37:03","slug":"par-daugavpils-novadu","status":"publish","type":"page","link":"https:\/\/www.visitdaugavpils.lv\/de\/par-daugavpils-novadu\/","title":{"rendered":"\u00dcber den Kreis Augsdaugava"},"content":{"rendered":"<p style=\"text-align: justify;\">Der Kreis Augsdaugava schlie\u00dft zwei lettischen Landschaften \u2013 Latgale und S\u0113lija zusammen.<\/p>\n<p style=\"text-align: justify;\">Der Kreis befindet sich im \u00f6stlichen Teil Lettlands und besteht aus 19 Gemeinden.<\/p>\n<p style=\"text-align: justify;\">Es wird von dem lettischen \u201eSchicksalsfluss\u201c Daugava durchflossen. Im Abschnitt von Kr\u0101slava bis Krauja wirft der Fluss viele Bogen, aber vom Daugavpils entlang L\u012bksna und N\u012bcgale flie\u00dft Daugava ruhig in die Ostsee.<\/p>\n<p style=\"text-align: justify;\">Im Laufe der Jahrhunderter haben beide Teilen des Kreises historisch, politisch und ethnographisch unterschiedlich entwickelt.<\/p>\n<p style=\"text-align: justify;\">Am linken Ufer liegt Aug\u0161zeme oder S\u0113lija, und am rechten Ufer \u2013 Latgale.<\/p>\n<p style=\"text-align: justify;\">Die Hauptwerte des Kreises Augsdaugava sind die aufrichtige und gastfreundliche Menschen, das reiche kulturgeschichtliche Erbe und die unvergesslichen Naturlandschaften.<\/p>\n<p style=\"text-align: justify;\">Herzlich willkommen im Kreis Augsdaugava!<\/p>\n","protected":false},"excerpt":{"rendered":"<p>Der Kreis Augsdaugava schlie\u00dft zwei lettischen Landschaften \u2013 Latgale und S\u0113lija zusammen. Der Kreis befindet sich im \u00f6stlichen Teil Lettlands und besteht aus 19 Gemeinden. Es wird von dem lettischen \u201eSchicksalsfluss\u201c Daugava durchflossen. Im Abschnitt von Kr\u0101slava bis Krauja wirft der Fluss viele Bogen, aber vom Daugavpils entlang L\u012bksna und N\u012bcgale flie\u00dft Daugava ruhig in &#8230; <a title=\"\u00dcber den Kreis Augsdaugava\" class=\"read-more\" href=\"https:\/\/www.visitdaugavpils.lv\/de\/par-daugavpils-novadu\/\">&gt;&gt;<\/a><\/p>\n","protected":false},"author":1,"featured_media":0,"parent":0,"menu_order":0,"comment_status":"closed","ping_status":"closed","template":"","meta":{"footnotes":""},"yoast_head":"<!-- This site is optimized with the Yoast SEO plugin v22.0 - https:\/\/yoast.com\/wordpress\/plugins\/seo\/ -->\n<title>\u00dcber den Kreis Augsdaugava - VISITDAUGAVPILS<\/title>\n<meta name=\"robots\" content=\"index, follow, max-snippet:-1, max-image-preview:large, max-video-preview:-1\" \/>\n<link rel=\"canonical\" href=\"https:\/\/www.visitdaugavpils.lv\/de\/par-daugavpils-novadu\/\" \/>\n<meta property=\"og:locale\" content=\"de_DE\" \/>\n<meta property=\"og:type\" content=\"article\" \/>\n<meta property=\"og:title\" content=\"\u00dcber den Kreis Augsdaugava - VISITDAUGAVPILS\" \/>\n<meta property=\"og:description\" content=\"Der Kreis Augsdaugava schlie\u00dft zwei lettischen Landschaften \u2013 Latgale und S\u0113lija zusammen. Der Kreis befindet sich im \u00f6stlichen Teil Lettlands und besteht aus 19 Gemeinden. Es wird von dem lettischen \u201eSchicksalsfluss\u201c Daugava durchflossen. Im Abschnitt von Kr\u0101slava bis Krauja wirft der Fluss viele Bogen, aber vom Daugavpils entlang L\u012bksna und N\u012bcgale flie\u00dft Daugava ruhig in ... &gt;&gt;\" \/>\n<meta property=\"og:url\" content=\"https:\/\/www.visitdaugavpils.lv\/de\/par-daugavpils-novadu\/\" \/>\n<meta property=\"og:site_name\" content=\"VISITDAUGAVPILS\" \/>\n<meta property=\"article:modified_time\" content=\"2022-10-08T08:37:03+00:00\" \/>\n<meta name=\"twitter:card\" content=\"summary_large_image\" \/>\n<meta name=\"twitter:label1\" content=\"Gesch\u00e4tzte Lesezeit\" \/>\n\t<meta name=\"twitter:data1\" content=\"1\u00a0Minute\" \/>\n<script type=\"application\/ld+json\" class=\"yoast-schema-graph\">{\"@context\":\"https:\/\/schema.org\",\"@graph\":[{\"@type\":\"WebPage\",\"@id\":\"https:\/\/www.visitdaugavpils.lv\/de\/par-daugavpils-novadu\/\",\"url\":\"https:\/\/www.visitdaugavpils.lv\/de\/par-daugavpils-novadu\/\",\"name\":\"\u00dcber den Kreis Augsdaugava - VISITDAUGAVPILS\",\"isPartOf\":{\"@id\":\"https:\/\/www.visitdaugavpils.lv\/ru\/#website\"},\"datePublished\":\"2017-06-28T10:34:14+00:00\",\"dateModified\":\"2022-10-08T08:37:03+00:00\",\"breadcrumb\":{\"@id\":\"https:\/\/www.visitdaugavpils.lv\/de\/par-daugavpils-novadu\/#breadcrumb\"},\"inLanguage\":\"de\",\"potentialAction\":[{\"@type\":\"ReadAction\",\"target\":[\"https:\/\/www.visitdaugavpils.lv\/de\/par-daugavpils-novadu\/\"]}]},{\"@type\":\"BreadcrumbList\",\"@id\":\"https:\/\/www.visitdaugavpils.lv\/de\/par-daugavpils-novadu\/#breadcrumb\",\"itemListElement\":[{\"@type\":\"ListItem\",\"position\":1,\"name\":\"Home\",\"item\":\"https:\/\/www.visitdaugavpils.lv\/de\/\"},{\"@type\":\"ListItem\",\"position\":2,\"name\":\"\u00dcber den Kreis Augsdaugava\"}]},{\"@type\":\"WebSite\",\"@id\":\"https:\/\/www.visitdaugavpils.lv\/ru\/#website\",\"url\":\"https:\/\/www.visitdaugavpils.lv\/ru\/\",\"name\":\"VISITDAUGAVPILS\",\"description\":\"Daugavpils T\u016brisma Inform\u0101cijas Centrs\",\"publisher\":{\"@id\":\"https:\/\/www.visitdaugavpils.lv\/ru\/#organization\"},\"potentialAction\":[{\"@type\":\"SearchAction\",\"target\":{\"@type\":\"EntryPoint\",\"urlTemplate\":\"https:\/\/www.visitdaugavpils.lv\/ru\/?s={search_term_string}\"},\"query-input\":\"required name=search_term_string\"}],\"inLanguage\":\"de\"},{\"@type\":\"Organization\",\"@id\":\"https:\/\/www.visitdaugavpils.lv\/ru\/#organization\",\"name\":\"VISITDAUGAVPILS\",\"url\":\"https:\/\/www.visitdaugavpils.lv\/ru\/\",\"logo\":{\"@type\":\"ImageObject\",\"inLanguage\":\"de\",\"@id\":\"https:\/\/www.visitdaugavpils.lv\/ru\/#\/schema\/logo\/image\/\",\"url\":\"https:\/\/www.visitdaugavpils.lv\/wp-content\/uploads\/2017\/11\/VD_LOGO11_14_11.png\",\"contentUrl\":\"https:\/\/www.visitdaugavpils.lv\/wp-content\/uploads\/2017\/11\/VD_LOGO11_14_11.png\",\"width\":350,\"height\":100,\"caption\":\"VISITDAUGAVPILS\"},\"image\":{\"@id\":\"https:\/\/www.visitdaugavpils.lv\/ru\/#\/schema\/logo\/image\/\"}}]}<\/script>\n<!-- \/ Yoast SEO plugin. -->","yoast_head_json":{"title":"\u00dcber den Kreis Augsdaugava - VISITDAUGAVPILS","robots":{"index":"index","follow":"follow","max-snippet":"max-snippet:-1","max-image-preview":"max-image-preview:large","max-video-preview":"max-video-preview:-1"},"canonical":"https:\/\/www.visitdaugavpils.lv\/de\/par-daugavpils-novadu\/","og_locale":"de_DE","og_type":"article","og_title":"\u00dcber den Kreis Augsdaugava - VISITDAUGAVPILS","og_description":"Der Kreis Augsdaugava schlie\u00dft zwei lettischen Landschaften \u2013 Latgale und S\u0113lija zusammen. Der Kreis befindet sich im \u00f6stlichen Teil Lettlands und besteht aus 19 Gemeinden. Es wird von dem lettischen \u201eSchicksalsfluss\u201c Daugava durchflossen. Im Abschnitt von Kr\u0101slava bis Krauja wirft der Fluss viele Bogen, aber vom Daugavpils entlang L\u012bksna und N\u012bcgale flie\u00dft Daugava ruhig in ... &gt;&gt;","og_url":"https:\/\/www.visitdaugavpils.lv\/de\/par-daugavpils-novadu\/","og_site_name":"VISITDAUGAVPILS","article_modified_time":"2022-10-08T08:37:03+00:00","twitter_card":"summary_large_image","twitter_misc":{"Gesch\u00e4tzte Lesezeit":"1\u00a0Minute"},"schema":{"@context":"https:\/\/schema.org","@graph":[{"@type":"WebPage","@id":"https:\/\/www.visitdaugavpils.lv\/de\/par-daugavpils-novadu\/","url":"https:\/\/www.visitdaugavpils.lv\/de\/par-daugavpils-novadu\/","name":"\u00dcber den Kreis Augsdaugava - VISITDAUGAVPILS","isPartOf":{"@id":"https:\/\/www.visitdaugavpils.lv\/ru\/#website"},"datePublished":"2017-06-28T10:34:14+00:00","dateModified":"2022-10-08T08:37:03+00:00","breadcrumb":{"@id":"https:\/\/www.visitdaugavpils.lv\/de\/par-daugavpils-novadu\/#breadcrumb"},"inLanguage":"de","potentialAction":[{"@type":"ReadAction","target":["https:\/\/www.visitdaugavpils.lv\/de\/par-daugavpils-novadu\/"]}]},{"@type":"BreadcrumbList","@id":"https:\/\/www.visitdaugavpils.lv\/de\/par-daugavpils-novadu\/#breadcrumb","itemListElement":[{"@type":"ListItem","position":1,"name":"Home","item":"https:\/\/www.visitdaugavpils.lv\/de\/"},{"@type":"ListItem","position":2,"name":"\u00dcber den Kreis Augsdaugava"}]},{"@type":"WebSite","@id":"https:\/\/www.visitdaugavpils.lv\/ru\/#website","url":"https:\/\/www.visitdaugavpils.lv\/ru\/","name":"VISITDAUGAVPILS","description":"Daugavpils T\u016brisma Inform\u0101cijas Centrs","publisher":{"@id":"https:\/\/www.visitdaugavpils.lv\/ru\/#organization"},"potentialAction":[{"@type":"SearchAction","target":{"@type":"EntryPoint","urlTemplate":"https:\/\/www.visitdaugavpils.lv\/ru\/?s={search_term_string}"},"query-input":"required name=search_term_string"}],"inLanguage":"de"},{"@type":"Organization","@id":"https:\/\/www.visitdaugavpils.lv\/ru\/#organization","name":"VISITDAUGAVPILS","url":"https:\/\/www.visitdaugavpils.lv\/ru\/","logo":{"@type":"ImageObject","inLanguage":"de","@id":"https:\/\/www.visitdaugavpils.lv\/ru\/#\/schema\/logo\/image\/","url":"https:\/\/www.visitdaugavpils.lv\/wp-content\/uploads\/2017\/11\/VD_LOGO11_14_11.png","contentUrl":"https:\/\/www.visitdaugavpils.lv\/wp-content\/uploads\/2017\/11\/VD_LOGO11_14_11.png","width":350,"height":100,"caption":"VISITDAUGAVPILS"},"image":{"@id":"https:\/\/www.visitdaugavpils.lv\/ru\/#\/schema\/logo\/image\/"}}]}},"_links":{"self":[{"href":"https:\/\/www.visitdaugavpils.lv\/de\/wp-json\/wp\/v2\/pages\/70400"}],"collection":[{"href":"https:\/\/www.visitdaugavpils.lv\/de\/wp-json\/wp\/v2\/pages"}],"about":[{"href":"https:\/\/www.visitdaugavpils.lv\/de\/wp-json\/wp\/v2\/types\/page"}],"author":[{"embeddable":true,"href":"https:\/\/www.visitdaugavpils.lv\/de\/wp-json\/wp\/v2\/users\/1"}],"replies":[{"embeddable":true,"href":"https:\/\/www.visitdaugavpils.lv\/de\/wp-json\/wp\/v2\/comments?post=70400"}],"version-history":[{"count":1,"href":"https:\/\/www.visitdaugavpils.lv\/de\/wp-json\/wp\/v2\/pages\/70400\/revisions"}],"predecessor-version":[{"id":180961,"href":"https:\/\/www.visitdaugavpils.lv\/de\/wp-json\/wp\/v2\/pages\/70400\/revisions\/180961"}],"wp:attachment":[{"href":"https:\/\/www.visitdaugavpils.lv\/de\/wp-json\/wp\/v2\/media?parent=70400"}],"curies":[{"name":"wp","href":"https:\/\/api.w.org\/{rel}","templated":true}]}}